{"id":39725,"date":"2024-08-13T16:31:31","date_gmt":"2024-08-13T13:31:31","guid":{"rendered":"https:\/\/hookahshop.lt\/?post_type=product&#038;p=39725"},"modified":"2026-04-19T23:30:20","modified_gmt":"2026-04-19T20:30:20","slug":"kaljanas-alpha-hookah-oro-prime","status":"publish","type":"product","link":"https:\/\/hookahshop.lt\/lv\/produkt\/udenspipe-alfa-udenspipe-gaisa-prime\/","title":{"rendered":"\u016adensp\u012bpe ALPHA HOOKAH Oro Prime"},"content":{"rendered":"<h2>\u016adensp\u012bpe ALPHA HOOKAH Oro Prime<\/h2>\n<p>Tas ir visas pieredzes, tehnolo\u0123iju un drosm\u012bg\u0101ko ideju iemiesojums, ko m\u016bsu uz\u0146\u0113mums ir uzkr\u0101jis laika gait\u0101. Eleganta, br\u012bvi no\u0146emama pl\u0101ksne, kas \u013cauj to \u0101tri iz\u0146emt un uzlikt. T\u0101 ir unik\u0101la ier\u012bce, kas \u013cauj main\u012bt vilces l\u012bmeni no \u0113rta difuzora, viegla, uz klasisku smago. STORM ir ar\u012b v\u0101rstu sist\u0113ma, kas nodro\u0161ina kr\u016bzes ventil\u0101ciju. Ier\u012bce ir izgatavota no ner\u016bs\u0113jo\u0161\u0101 t\u0113rauda un p\u0101rkl\u0101ta ar tit\u0101na nitr\u012bdu. ORO ir ar\u012b patent\u0113ts melases slazds, kas \u012bpa\u0161i izstr\u0101d\u0101ts \u0161im modelim.<\/p>\n<p><strong>Specifik\u0101cijas:<\/strong><\/p>\n<p>Materi\u0101ls: ner\u016bs\u0113jo\u0161ais t\u0113rauds (\u0101r\u0113jais anod\u0113ts alum\u012bnijs)<br \/>\n\u016adensp\u012bpes augstums: 55 cm<br \/>\nV\u0101rpstas diametrs 1,4 cm<br \/>\n\u0160\u013c\u016btenes savienojums: magn\u0113tisks<br \/>\nSavienojuma materi\u0101ls: poliacet\u0101ls<br \/>\nDifuzors: no\u0146emams<br \/>\n\u0160\u013c\u016btene: Silikona melna (m\u012bksts piesk\u0101riens)<br \/>\n\u016adensp\u012bpes vilk\u0161ana: regul\u0113jama (viegla\/vid\u0113ja\/smags klasisks)<br \/>\nMelases slazds: J\u0101<\/p>\n<p>&nbsp;<\/p>\n<p><strong>Apr\u012bkojums:<\/strong><\/p>\n<p>V\u0101rpsta, pl\u0101ksne, \u0161\u013c\u016btene ar iemuti, bl\u012bves, difuzors, melases (s\u012brupa) slazds.<\/p>\n<picture><source srcset=\"https:\/\/hookahshop.lt\/wp-content\/webp-express\/webp-images\/uploads\/2020\/09\/stiebas-zarna-kandiklis-1-300x273.jpg.webp 300w, https:\/\/hookahshop.lt\/wp-content\/webp-express\/webp-images\/uploads\/2020\/09\/stiebas-zarna-kandiklis-1-13x12.jpg.webp 13w, https:\/\/hookahshop.lt\/wp-content\/webp-express\/webp-images\/uploads\/2020\/09\/stiebas-zarna-kandiklis-1-64x58.jpg.webp 64w, https:\/\/hookahshop.lt\/wp-content\/webp-express\/webp-images\/uploads\/2020\/09\/stiebas-zarna-kandiklis-1.jpg.webp 420w\" type=\"image\/webp\" sizes=\"(max-width: 300px) 100vw, 300px\" \/><img decoding=\"async\" loading=\"lazy\" class=\"alignnone size-medium wp-image-38521 webpexpress-processed\" title=\"\u016adensp\u012bpe ALPHA HOOKAH\u00a0X Hj\u016bstonas pol\u0101r\u0101 nakts\u00a01\" src=\"https:\/\/hookahshop.lt\/wp-content\/uploads\/2020\/09\/stiebas-zarna-kandiklis-1-300x273.jpg\" sizes=\"(max-width: 300px) 100vw, 300px\" srcset=\"https:\/\/hookahshop.lt\/wp-content\/uploads\/2020\/09\/stiebas-zarna-kandiklis-1-300x273.jpg 300w, https:\/\/hookahshop.lt\/wp-content\/uploads\/2020\/09\/stiebas-zarna-kandiklis-1-13x12.jpg 13w, https:\/\/hookahshop.lt\/wp-content\/uploads\/2020\/09\/stiebas-zarna-kandiklis-1-64x58.jpg 64w, https:\/\/hookahshop.lt\/wp-content\/uploads\/2020\/09\/stiebas-zarna-kandiklis-1.jpg 420w\" alt=\"k\u0101ta \u0161\u013c\u016btenes iemutnis 1 - hookahshop.lt\" width=\"300\" height=\"273\" \/><\/picture>\n<p>Vai jums ir k\u0101di jaut\u0101jumi? Sazinies ar mums\u00a0<a href=\"https:\/\/hookahshop.lt\/lv\/kontaktiem\/\">kontaktu lapa<\/a>\u00a0vai rakstiet mums pa e-pastu\u00a0<a href=\"https:\/\/facebook.com\/HookahShop.lt\/\" target=\"_blank\" rel=\"noopener noreferrer\">Facebook konts<\/a>\u00a0un m\u0113s atbild\u0113sim uz j\u016bsu piepras\u012bjumu taj\u0101 pa\u0161\u0101 dien\u0101.<\/p>","protected":false},"excerpt":{"rendered":"<p>\u016adensp\u012bpe ALPHA HOOKAH Oro Prime Tas ir visas pieredzes, tehnolo\u0123iju un drosm\u012bg\u0101ko ideju iemiesojums, ko m\u016bsu uz\u0146\u0113mums ir uzkr\u0101jis laika gait\u0101. Eleganta, br\u012bvi no\u0146emama pl\u0101ksne, kas \u013cauj to \u0101tri iz\u0146emt un uzlikt. \u0160\u012b ir unik\u0101la ier\u012bce, kas \u013cauj main\u012bt vilces l\u012bmeni no \u0113rta difuzora, viegla, uz klasisku smago. STORM ir ar\u012b v\u0101rstu sist\u0113ma, kas \u013cauj ventil\u0113t kr\u016bzi. Ier\u012bce ir izgatavota [\u2026]<\/p>","protected":false},"featured_media":39728,"comment_status":"open","ping_status":"closed","template":"","meta":[],"_links":{"self":[{"href":"https:\/\/hookahshop.lt\/lv\/wp-json\/wp\/v2\/product\/39725"}],"collection":[{"href":"https:\/\/hookahshop.lt\/lv\/wp-json\/wp\/v2\/product"}],"about":[{"href":"https:\/\/hookahshop.lt\/lv\/wp-json\/wp\/v2\/types\/product"}],"replies":[{"embeddable":true,"href":"https:\/\/hookahshop.lt\/lv\/wp-json\/wp\/v2\/comments?post=39725"}],"version-history":[{"count":3,"href":"https:\/\/hookahshop.lt\/lv\/wp-json\/wp\/v2\/product\/39725\/revisions"}],"predecessor-version":[{"id":39735,"href":"https:\/\/hookahshop.lt\/lv\/wp-json\/wp\/v2\/product\/39725\/revisions\/39735"}],"wp:featuredmedia":[{"embeddable":true,"href":"https:\/\/hookahshop.lt\/lv\/wp-json\/wp\/v2\/media\/39728"}],"wp:attachment":[{"href":"https:\/\/hookahshop.lt\/lv\/wp-json\/wp\/v2\/media?parent=39725"}],"curies":[{"name":"wp","href":"https:\/\/api.w.org\/{rel}","templated":true}]}}