{"id":39742,"date":"2024-08-13T17:57:54","date_gmt":"2024-08-13T14:57:54","guid":{"rendered":"https:\/\/hookahshop.lt\/?post_type=product&#038;p=39742"},"modified":"2026-04-19T23:30:21","modified_gmt":"2026-04-19T20:30:21","slug":"kaljanas-alpha-hookah-smart-exzo","status":"publish","type":"product","link":"https:\/\/hookahshop.lt\/lv\/produkt\/udenspipe-alfa-udenspipe-smart-exzo\/","title":{"rendered":"\u016adensp\u012bpe ALPHA HOOKAH Smart Exzo"},"content":{"rendered":"<h2>\u016adensp\u012bpe ALPHA HOOKAH Smart Exzo<\/h2>\n<p>Piln\u012bgi jauns Alpha \u016bdensp\u012bpes modelis ar integr\u0113tu apgaismojumu, kas no jauna nosaka kompakto k\u0101tu formas faktoru! Ra\u017eot\u0101ja Alfa \u016bdensp\u012bpes \u016bdensp\u012bpes ieguva Gada \u016bdensp\u012bpes titulu vair\u0101k nek\u0101 9 reizes no 2017. l\u012bdz 2023. gadam. \u016adensp\u012bpes kluba \u0161ovs un D\u017eona Kaljano balvas. Ekskluz\u012bvs 4 poz\u012bciju difuzors pal\u012bdz\u0113s izv\u0113l\u0113ties piem\u0113rot\u0101ko \u016bdensp\u012bpes izlozi. Burbu\u013cu slazds \u2013 aizsardz\u012bba pret \u016bdens iek\u013c\u016b\u0161anu \u0161\u013c\u016bten\u0113. Pilna izm\u0113ra \u0161\u0137\u012bvis un \u0161\u0137\u012bvja ieb\u016bv\u0113tais re\u017e\u0123is pal\u012bdz\u0113s ogl\u0113m visu laiku uztur\u0113t karstas. Funkcion\u0101l\u0101 difuzora d\u0113\u013c \u016bdensp\u012bpes vilkmes l\u012bmenis var b\u016bt no viegla l\u012bdz smagam. Pateicoties daudzajiem unik\u0101lajiem tehnolo\u0123iskajiem risin\u0101jumiem, SMART BOX ir ide\u0101ls risin\u0101jums gan m\u0101j\u0101m, gan ce\u013cojumiem.<\/p>\n<p><strong>Specifik\u0101cijas:<\/strong><br \/>\nMateri\u0101ls: ner\u016bs\u0113jo\u0161ais t\u0113rauds<br \/>\nDifuzors: no\u0146emams<br \/>\n\u0160\u013c\u016btenes savienot\u0101js: magn\u0113tisks<br \/>\nKorpuss: ar ieb\u016bv\u0113tu EXZO apgaismojumu<br \/>\nLED apgaismojuma t\u0101lvad\u012bbas pults<\/p>\n<p><strong>Raksturojums:<\/strong><br \/>\n\u016adensp\u012bpes augstums: 17 cm<br \/>\nV\u0101rpstas diametrs: 1,30 cm<br \/>\nPl\u0101ksnes diametrs: 11,40 cm<\/p>\n<p><img decoding=\"async\" loading=\"lazy\" class=\"alignnone size-medium wp-image-38520 webpexpress-processed\" title=\"\u016adensp\u012bpe ALPHA HOOKAH Beat 1\" src=\"https:\/\/hookahshop.lt\/wp-content\/uploads\/2020\/09\/stiebas-kolba-zarna-kandiklis-1-300x273.jpg\" alt=\"k\u0101ta kolbas \u0161\u013c\u016btenes iemutnis 1 - hookahshop.lt\" width=\"300\" height=\"273\" srcset=\"https:\/\/hookahshop.lt\/wp-content\/uploads\/2020\/09\/stiebas-kolba-zarna-kandiklis-1-300x273.jpg 300w, https:\/\/hookahshop.lt\/wp-content\/uploads\/2020\/09\/stiebas-kolba-zarna-kandiklis-1-13x12.jpg 13w, https:\/\/hookahshop.lt\/wp-content\/uploads\/2020\/09\/stiebas-kolba-zarna-kandiklis-1-64x58.jpg 64w, https:\/\/hookahshop.lt\/wp-content\/uploads\/2020\/09\/stiebas-kolba-zarna-kandiklis-1.jpg 420w\" sizes=\"(max-width: 300px) 100vw, 300px\" \/><\/p>\n<p>Vai jums ir k\u0101di jaut\u0101jumi? Sazinies ar mums\u00a0<a href=\"https:\/\/hookahshop.lt\/lv\/kontaktiem\/\">kontaktu lapa<\/a>\u00a0vai rakstiet mums pa e-pastu\u00a0<a href=\"https:\/\/facebook.com\/HookahShop.lt\/\" target=\"_blank\" rel=\"noopener noreferrer\">Facebook konts<\/a>\u00a0un m\u0113s atbild\u0113sim uz j\u016bsu piepras\u012bjumu taj\u0101 pa\u0161\u0101 dien\u0101.<\/p>","protected":false},"excerpt":{"rendered":"<p>\u016adensp\u012bpe ALPHA HOOKAH Smart Exzo Piln\u012bgi jauns Alpha \u016bdensp\u012bpes modelis ar integr\u0113tu apgaismojumu, kas maina kompakto k\u0101tu formas faktoru! Ra\u017eot\u0101ja Alpha \u016bdensp\u012bpes no 2017. l\u012bdz 2023. gadam vair\u0101k nek\u0101 9 reizes ir ieguvu\u0161as Gada \u016bdensp\u012bpes titulu. \u016adensp\u012bpes kluba izst\u0101de un JohnCalliano balvas. Ekskluz\u012bvais 4 poz\u012bciju difuzors pal\u012bdz\u0113s jums izv\u0113l\u0113ties vispiem\u0113rot\u0101ko \u016bdensp\u012bpes gaisa pl\u016bsmu. Burbu\u013cu slazds - aizsardz\u012bba pret [\u2026]<\/p>","protected":false},"featured_media":39747,"comment_status":"open","ping_status":"closed","template":"","meta":[],"_links":{"self":[{"href":"https:\/\/hookahshop.lt\/lv\/wp-json\/wp\/v2\/product\/39742"}],"collection":[{"href":"https:\/\/hookahshop.lt\/lv\/wp-json\/wp\/v2\/product"}],"about":[{"href":"https:\/\/hookahshop.lt\/lv\/wp-json\/wp\/v2\/types\/product"}],"replies":[{"embeddable":true,"href":"https:\/\/hookahshop.lt\/lv\/wp-json\/wp\/v2\/comments?post=39742"}],"version-history":[{"count":8,"href":"https:\/\/hookahshop.lt\/lv\/wp-json\/wp\/v2\/product\/39742\/revisions"}],"predecessor-version":[{"id":45630,"href":"https:\/\/hookahshop.lt\/lv\/wp-json\/wp\/v2\/product\/39742\/revisions\/45630"}],"wp:featuredmedia":[{"embeddable":true,"href":"https:\/\/hookahshop.lt\/lv\/wp-json\/wp\/v2\/media\/39747"}],"wp:attachment":[{"href":"https:\/\/hookahshop.lt\/lv\/wp-json\/wp\/v2\/media?parent=39742"}],"curies":[{"name":"wp","href":"https:\/\/api.w.org\/{rel}","templated":true}]}}