{"id":39829,"date":"2024-08-22T22:04:27","date_gmt":"2024-08-22T19:04:27","guid":{"rendered":"https:\/\/hookahshop.lt\/?post_type=product&#038;p=39829"},"modified":"2026-04-18T23:29:30","modified_gmt":"2026-04-18T20:29:30","slug":"taurele-kaljanui-forma-hookah-killer-pink","status":"publish","type":"product","link":"https:\/\/hookahshop.lt\/lv\/produkt\/kauss-udenspipe-forma-udenspipe-slepkava-roza\/","title":{"rendered":"\u016adensp\u012bpes kr\u016bze FORMA HOOKAH Killer Pink"},"content":{"rendered":"<h2>\u016adensp\u012bpes kr\u016bze FORMA HOOKAH Killer Pink<\/h2>\n<p>\u0160\u012b \u016bdensp\u012bpes kr\u016bze ir izgatavota no keramikas. Kr\u016bzes biez\u0101s sienas nodro\u0161ina maksim\u0101lu gar\u0161u un komfortu, str\u0101d\u0101jot ar karstumu.<br \/>\nTabakas ietilp\u012bba tas\u012bt\u0113 ir 20-25 grami.<\/p>\n<p><strong>Specifik\u0101cijas:<\/strong><br \/>\nAugstums: 98mm<br \/>\nDiametrs (\u0101r\u0113jais): 75 mm<br \/>\nDiametrs (iek\u0161\u0113jais): 62mm<br \/>\nDzi\u013cums: 18mm<br \/>\nCauruma diametrs: 7 mm<br \/>\nUrbumu skaits: 5<br \/>\nSvars: ~ 305g<\/p>\n<p><strong>Pilns komplekts: kr\u016bze, kaste un starplikas kr\u016bz\u012btei.<\/strong><\/p>\n<p>Vai jums ir k\u0101di jaut\u0101jumi? Sazinies ar mums\u00a0<a href=\"https:\/\/hookahshop.lt\/lv\/kontaktiem\/\">kontaktu lapa<\/a>\u00a0vai rakstiet mums pa e-pastu\u00a0<a href=\"https:\/\/facebook.com\/HookahShop.lt\/\" target=\"_blank\" rel=\"noopener noreferrer\">Facebook konts<\/a>\u00a0un m\u0113s atbild\u0113sim uz j\u016bsu piepras\u012bjumu taj\u0101 pa\u0161\u0101 dien\u0101.<\/p>","protected":false},"excerpt":{"rendered":"<p>\u016adensp\u012bpes kr\u016bze FORMA HOOKAH Killer Pink \u0160\u012b \u016bdensp\u012bpes kr\u016bze ir izgatavota no keramikas. Kr\u016bzes biez\u0101s sienas nodro\u0161ina maksim\u0101lu gar\u0161u un komfortu, str\u0101d\u0101jot ar karstumu. Tabakas ietilp\u012bba tas\u012bt\u0113 ir 20-25 grami. Specifik\u0101cijas: Augstums: 98mm Diametrs (\u0101r\u0113jais): 75mm Diametrs (iek\u0161\u0113jais): 62mm Dzi\u013cums: 18mm Caurumu diametrs: 7mm Caurumu skaits: 5 Svars: ~ 305g Iepakojum\u0101: kr\u016bze, kaste un starplikas [\u2026]<\/p>","protected":false},"featured_media":39830,"comment_status":"open","ping_status":"closed","template":"","meta":[],"_links":{"self":[{"href":"https:\/\/hookahshop.lt\/lv\/wp-json\/wp\/v2\/product\/39829"}],"collection":[{"href":"https:\/\/hookahshop.lt\/lv\/wp-json\/wp\/v2\/product"}],"about":[{"href":"https:\/\/hookahshop.lt\/lv\/wp-json\/wp\/v2\/types\/product"}],"replies":[{"embeddable":true,"href":"https:\/\/hookahshop.lt\/lv\/wp-json\/wp\/v2\/comments?post=39829"}],"version-history":[{"count":3,"href":"https:\/\/hookahshop.lt\/lv\/wp-json\/wp\/v2\/product\/39829\/revisions"}],"predecessor-version":[{"id":43013,"href":"https:\/\/hookahshop.lt\/lv\/wp-json\/wp\/v2\/product\/39829\/revisions\/43013"}],"wp:featuredmedia":[{"embeddable":true,"href":"https:\/\/hookahshop.lt\/lv\/wp-json\/wp\/v2\/media\/39830"}],"wp:attachment":[{"href":"https:\/\/hookahshop.lt\/lv\/wp-json\/wp\/v2\/media?parent=39829"}],"curies":[{"name":"wp","href":"https:\/\/api.w.org\/{rel}","templated":true}]}}