{"id":39837,"date":"2024-08-22T22:55:06","date_gmt":"2024-08-22T19:55:06","guid":{"rendered":"https:\/\/hookahshop.lt\/?post_type=product&#038;p=39837"},"modified":"2026-04-18T23:29:30","modified_gmt":"2026-04-18T20:29:30","slug":"anglys-kaljanui-izzy-coco-25mm-1kg","status":"publish","type":"product","link":"https:\/\/hookahshop.lt\/lv\/produkt\/ogles-udenspipei-izzy-coco-25mm-1kg\/","title":{"rendered":"Kokogles \u016bdensp\u012bpei IZZY COCO 25mm 1kg"},"content":{"rendered":"<h2>Kokogles \u016bdensp\u012bpei IZZY COCO 25mm 1kg<\/h2>\n<p>Izgatavots no dab\u012bgas kokosriekstu mizas.<br \/>\nViena oglek\u013ca izm\u0113ri: 25x25x25mm.<br \/>\nKast\u0113 ir 72 ogles.<br \/>\nOgles ilgi uztur siltumu.<br \/>\nMaz\u0101k pelnu.<br \/>\nBez smar\u017eas.<br \/>\nIzcelsmes valsts: Indon\u0113zija<br \/>\n<strong>Lai dedzin\u0101tu ogles, ir nepiecie\u0161ama elektrisk\u0101 pl\u012bts \u016bdensp\u012bpe, t\u016bristu g\u0101zes pl\u012bts vai taml\u012bdz\u012bgi.<\/strong><\/p>\n<p>Vai jums ir k\u0101di jaut\u0101jumi? Sazinies ar mums\u00a0<a href=\"https:\/\/hookahshop.lt\/lv\/kontaktiem\/\">kontaktu lapa<\/a>\u00a0vai rakstiet mums pa e-pastu\u00a0<a href=\"https:\/\/facebook.com\/HookahShop.lt\/\" target=\"_blank\" rel=\"noopener noreferrer\">Facebook konts<\/a>\u00a0un m\u0113s atbild\u0113sim uz j\u016bsu piepras\u012bjumu taj\u0101 pa\u0161\u0101 dien\u0101.<\/p>","protected":false},"excerpt":{"rendered":"<p>Kokogles \u016bdensp\u012bpei IZZY COCO 25mm 1kg Izgatavots no dab\u012bgas kokosriekstu mizas. Viena oglek\u013ca izm\u0113ri: 25x25x25mm. Kast\u0113 ir 72 oglekli. Kokogles saglab\u0101 siltumu ilgu laiku. Maz\u0101k pelnu. Bez smar\u017eas. Izcelsmes valsts: Indon\u0113zija Lai aizdedzin\u0101tu ogles, nepiecie\u0161ama elektrisk\u0101 pl\u012bts \u016bdensp\u012bpei, t\u016bristu g\u0101zes pl\u012bts vai taml\u012bdz\u012bgi. Vai jums ir k\u0101di jaut\u0101jumi? Sazinieties ar mums kontaktu lap\u0101 vai rakstiet mums uz m\u016bsu Facebook kontu, un m\u0113s atbild\u0113sim uz j\u016bsu piepras\u012bjumu [\u2026]<\/p>","protected":false},"featured_media":39841,"comment_status":"open","ping_status":"closed","template":"","meta":[],"_links":{"self":[{"href":"https:\/\/hookahshop.lt\/lv\/wp-json\/wp\/v2\/product\/39837"}],"collection":[{"href":"https:\/\/hookahshop.lt\/lv\/wp-json\/wp\/v2\/product"}],"about":[{"href":"https:\/\/hookahshop.lt\/lv\/wp-json\/wp\/v2\/types\/product"}],"replies":[{"embeddable":true,"href":"https:\/\/hookahshop.lt\/lv\/wp-json\/wp\/v2\/comments?post=39837"}],"version-history":[{"count":5,"href":"https:\/\/hookahshop.lt\/lv\/wp-json\/wp\/v2\/product\/39837\/revisions"}],"predecessor-version":[{"id":39842,"href":"https:\/\/hookahshop.lt\/lv\/wp-json\/wp\/v2\/product\/39837\/revisions\/39842"}],"wp:featuredmedia":[{"embeddable":true,"href":"https:\/\/hookahshop.lt\/lv\/wp-json\/wp\/v2\/media\/39841"}],"wp:attachment":[{"href":"https:\/\/hookahshop.lt\/lv\/wp-json\/wp\/v2\/media?parent=39837"}],"curies":[{"name":"wp","href":"https:\/\/api.w.org\/{rel}","templated":true}]}}