{"id":39844,"date":"2024-08-22T23:03:08","date_gmt":"2024-08-22T20:03:08","guid":{"rendered":"https:\/\/hookahshop.lt\/?post_type=product&#038;p=39844"},"modified":"2026-04-14T23:29:43","modified_gmt":"2026-04-14T20:29:43","slug":"anglys-kaljanui-izzy-coco-26mm-1kg","status":"publish","type":"product","link":"https:\/\/hookahshop.lt\/lv\/produkt\/kokogles-udenspipei-izzy-coco-26mm-1kg\/","title":{"rendered":"Kokogles \u016bdensp\u012bpei IZZY COCO 26mm 1kg"},"content":{"rendered":"<h2>Kokogles \u016bdensp\u012bpei IZZY COCO 26mm 1kg<\/h2>\n<p>Izgatavots no dab\u012bgas kokosriekstu mizas.<br \/>\nViena oglek\u013ca izm\u0113ri: 26x26x26mm.<br \/>\nKast\u012bte satur 64 ogles.<br \/>\nOgles ilgi uztur siltumu.<br \/>\nMaz\u0101k pelnu.<br \/>\nBez smar\u017eas.<br \/>\nLai dedzin\u0101tu ogles, ir nepiecie\u0161ama elektrisk\u0101 pl\u012bts \u016bdensp\u012bpe, t\u016bristu g\u0101zes pl\u012bts vai taml\u012bdz\u012bgi.<br \/>\nIzcelsmes valsts: Indon\u0113zija<\/p>\n<p>Vai jums ir k\u0101di jaut\u0101jumi? Sazinies ar mums\u00a0<a href=\"https:\/\/hookahshop.lt\/lv\/kontaktiem\/\">kontaktu lapa<\/a>\u00a0vai rakstiet mums pa e-pastu\u00a0<a href=\"https:\/\/facebook.com\/HookahShop.lt\/\" target=\"_blank\" rel=\"noopener noreferrer\">Facebook konts<\/a>\u00a0un m\u0113s atbild\u0113sim uz j\u016bsu piepras\u012bjumu taj\u0101 pa\u0161\u0101 dien\u0101.<\/p>","protected":false},"excerpt":{"rendered":"<p>Kokogles \u016bdensp\u012bpei IZZY COCO 26mm 1kg Izgatavots no dab\u012bgas kokosriekstu mizas. Viena oglek\u013ca izm\u0113ri: 26x26x26mm. Kast\u0113 ir 64 oglekli. Kokogles saglab\u0101 siltumu ilgu laiku. Maz\u0101k pelnu. Bez smar\u017eas. Lai aizdedzin\u0101tu ogles, nepiecie\u0161ama elektrisk\u0101 pl\u012bts \u016bdensp\u012bpei, t\u016bristu g\u0101zes pl\u012bts utt. Izcelsmes valsts: Indon\u0113zija Vai jums ir jaut\u0101jumi? Sazinieties ar mums kontaktu lap\u0101 vai rakstiet mums uz m\u016bsu Facebook kontu, un m\u0113s atbild\u0113sim uz j\u016bsu piepras\u012bjumu [\u2026]<\/p>","protected":false},"featured_media":39864,"comment_status":"open","ping_status":"closed","template":"","meta":[],"_links":{"self":[{"href":"https:\/\/hookahshop.lt\/lv\/wp-json\/wp\/v2\/product\/39844"}],"collection":[{"href":"https:\/\/hookahshop.lt\/lv\/wp-json\/wp\/v2\/product"}],"about":[{"href":"https:\/\/hookahshop.lt\/lv\/wp-json\/wp\/v2\/types\/product"}],"replies":[{"embeddable":true,"href":"https:\/\/hookahshop.lt\/lv\/wp-json\/wp\/v2\/comments?post=39844"}],"version-history":[{"count":4,"href":"https:\/\/hookahshop.lt\/lv\/wp-json\/wp\/v2\/product\/39844\/revisions"}],"predecessor-version":[{"id":45177,"href":"https:\/\/hookahshop.lt\/lv\/wp-json\/wp\/v2\/product\/39844\/revisions\/45177"}],"wp:featuredmedia":[{"embeddable":true,"href":"https:\/\/hookahshop.lt\/lv\/wp-json\/wp\/v2\/media\/39864"}],"wp:attachment":[{"href":"https:\/\/hookahshop.lt\/lv\/wp-json\/wp\/v2\/media?parent=39844"}],"curies":[{"name":"wp","href":"https:\/\/api.w.org\/{rel}","templated":true}]}}