{"id":39855,"date":"2024-08-23T00:12:13","date_gmt":"2024-08-22T21:12:13","guid":{"rendered":"https:\/\/hookahshop.lt\/?post_type=product&#038;p=39855"},"modified":"2026-04-14T23:29:43","modified_gmt":"2026-04-14T20:29:43","slug":"uzkuriklis-anglims-jookah-toaster","status":"publish","type":"product","link":"https:\/\/hookahshop.lt\/lv\/produkt\/ogles-skiltavas-jookah-tosteris\/","title":{"rendered":"Dab\u012bgs og\u013chidr\u0101tu \u0161\u0137iltavas JOOKAH Tosteris"},"content":{"rendered":"<h2>Dab\u012bgs og\u013chidr\u0101tu \u0161\u0137iltavas JOOKAH Tosteris<\/h2>\n<p>Tas pal\u012bdz\u0113s \u0113rti uzsild\u012bt \u016bdensp\u012bpes ogles, dro\u0161\u0101k par cit\u0101m apkures ier\u012bc\u0113m un ekonomiski, pateicoties t\u0101s 800\u00a0w jaudai. Kompakts un viegli transport\u0113jams.<br \/>\nSatur l\u012bdz 5-6 ogl\u0113m l\u012bdz 26 mm. Ogles uzkars\u0113 vid\u0113ji 10-12 min\u016bt\u0113s.<\/p>\n<p><strong>Specifik\u0101cija:<\/strong><br \/>\nTermostats: J\u0101<br \/>\nJauda: 800 W<br \/>\nSpriegums: 230V<br \/>\nFrekvence: 50 Hz<\/p>\n<p>Vai jums ir k\u0101di jaut\u0101jumi? Sazinies ar mums\u00a0<a href=\"https:\/\/hookahshop.lt\/lv\/kontaktiem\/\">kontaktu lapa<\/a>\u00a0vai rakstiet mums pa e-pastu\u00a0<a href=\"https:\/\/facebook.com\/HookahShop.lt\/\" target=\"_blank\" rel=\"noopener noreferrer\">Facebook konts<\/a>\u00a0un m\u0113s atbild\u0113sim uz j\u016bsu piepras\u012bjumu taj\u0101 pa\u0161\u0101 dien\u0101.<\/p>","protected":false},"excerpt":{"rendered":"<p>Dab\u012bgo og\u013cu \u0161\u0137iltavas JOOKAH Tosteris Tas pal\u012bdz\u0113s \u0113rti uzsild\u012bt \u016bdensp\u012bpes ogles, dro\u0161\u0101k par cit\u0101m sildier\u012bc\u0113m un ekonomiski 800w jaudas d\u0113\u013c. Kompakts un viegli transport\u0113jams. Satur l\u012bdz 5-6 ogl\u0113m l\u012bdz 26 mm. Ogles uzkars\u0113 vid\u0113ji 10-12 min\u016bt\u0113s. Specifik\u0101cija: Termostats: J\u0101 Jauda: 800 W Spriegums: 230V Frekvence: 50 Hz Vai jums ir k\u0101di jaut\u0101jumi? Sazinieties ar [\u2026]<\/p>","protected":false},"featured_media":39857,"comment_status":"open","ping_status":"closed","template":"","meta":[],"_links":{"self":[{"href":"https:\/\/hookahshop.lt\/lv\/wp-json\/wp\/v2\/product\/39855"}],"collection":[{"href":"https:\/\/hookahshop.lt\/lv\/wp-json\/wp\/v2\/product"}],"about":[{"href":"https:\/\/hookahshop.lt\/lv\/wp-json\/wp\/v2\/types\/product"}],"replies":[{"embeddable":true,"href":"https:\/\/hookahshop.lt\/lv\/wp-json\/wp\/v2\/comments?post=39855"}],"version-history":[{"count":4,"href":"https:\/\/hookahshop.lt\/lv\/wp-json\/wp\/v2\/product\/39855\/revisions"}],"predecessor-version":[{"id":45187,"href":"https:\/\/hookahshop.lt\/lv\/wp-json\/wp\/v2\/product\/39855\/revisions\/45187"}],"wp:featuredmedia":[{"embeddable":true,"href":"https:\/\/hookahshop.lt\/lv\/wp-json\/wp\/v2\/media\/39857"}],"wp:attachment":[{"href":"https:\/\/hookahshop.lt\/lv\/wp-json\/wp\/v2\/media?parent=39855"}],"curies":[{"name":"wp","href":"https:\/\/api.w.org\/{rel}","templated":true}]}}