{"id":39865,"date":"2024-08-23T17:23:50","date_gmt":"2024-08-23T14:23:50","guid":{"rendered":"https:\/\/hookahshop.lt\/?post_type=product&#038;p=39865"},"modified":"2026-04-14T23:29:43","modified_gmt":"2026-04-14T20:29:43","slug":"naturaliu-angliuku-uzkuriklis-jookah-jackpot","status":"publish","type":"product","link":"https:\/\/hookahshop.lt\/lv\/produkt\/dabiskas-ogles-starter-jookah-dzekpots\/","title":{"rendered":"Natural Carb Lighter JOOKAH Jackpot"},"content":{"rendered":"<h2>Natural Carb Lighter JOOKAH Jackpot<\/h2>\n<p>Pal\u012bdz\u0113s \u0113rti uzsild\u012bt \u016bdensp\u012bpes ogles. Kompakts un viegli transport\u0113jams. Dab\u012bg\u0101s ogles uzsilst vid\u0113ji 5-10 min\u016bt\u0113s. No\u0146emamo oglek\u013ca papl\u0101ti ar rokturi oglek\u013ca papl\u0101tes p\u0101rvieto\u0161anai var izmantot k\u0101 knaibles. Regul\u0113jama temperat\u016bra l\u012bdz 6 l\u012bme\u0146iem ar termostatu.<\/p>\n<p><strong>Tehniskie dati:<\/strong><br \/>\nTermostats: j\u0101<br \/>\nOglek\u013ca \u017eurn\u0101ls: ner\u016bs\u0113jo\u0161ais t\u0113rauds<br \/>\nJauda: 800 W<br \/>\nSpriegums: 230V, ~50Hz<br \/>\nIetilp\u012bba: 8 ogles (26 mm)<br \/>\nKabe\u013ca garums: 1,2 m<br \/>\nIzcelsmes valsts: V\u0101cija<\/p>\n<p>Vai jums ir k\u0101di jaut\u0101jumi? Sazinies ar mums\u00a0<a href=\"https:\/\/hookahshop.lt\/lv\/kontaktiem\/\">kontaktu lapa<\/a>\u00a0vai rakstiet mums pa e-pastu\u00a0<a href=\"https:\/\/facebook.com\/HookahShop.lt\/\" target=\"_blank\" rel=\"noopener noreferrer\">Facebook konts<\/a>\u00a0un m\u0113s atbild\u0113sim uz j\u016bsu piepras\u012bjumu taj\u0101 pa\u0161\u0101 dien\u0101.<\/p>","protected":false},"excerpt":{"rendered":"<p>JOOKAH Jackpot dab\u012bg\u0101s ogles \u0161\u0137iltavas pal\u012bdz\u0113s \u0113rti uzsild\u012bt \u016bdensp\u012bpes ogles. Kompakts un viegli transport\u0113jams. Dab\u012bg\u0101s ogles uzsilst vid\u0113ji 5-10 min\u016bt\u0113s. No\u0146emama oglek\u013ca tvertne ar rokturi oglek\u013ca tvertnes p\u0101rvieto\u0161anai, un to var izmantot k\u0101 knaibles. Regul\u0113jama temperat\u016bra l\u012bdz 6 l\u012bme\u0146iem ar termostatu. Tehniskie dati: Termostats: pieejams Oglek\u013ca rezervu\u0101rs: ner\u016bs\u0113jo\u0161ais t\u0113rauds Jauda: 800 W [\u2026]<\/p>","protected":false},"featured_media":39866,"comment_status":"open","ping_status":"closed","template":"","meta":[],"_links":{"self":[{"href":"https:\/\/hookahshop.lt\/lv\/wp-json\/wp\/v2\/product\/39865"}],"collection":[{"href":"https:\/\/hookahshop.lt\/lv\/wp-json\/wp\/v2\/product"}],"about":[{"href":"https:\/\/hookahshop.lt\/lv\/wp-json\/wp\/v2\/types\/product"}],"replies":[{"embeddable":true,"href":"https:\/\/hookahshop.lt\/lv\/wp-json\/wp\/v2\/comments?post=39865"}],"version-history":[{"count":5,"href":"https:\/\/hookahshop.lt\/lv\/wp-json\/wp\/v2\/product\/39865\/revisions"}],"predecessor-version":[{"id":45705,"href":"https:\/\/hookahshop.lt\/lv\/wp-json\/wp\/v2\/product\/39865\/revisions\/45705"}],"wp:featuredmedia":[{"embeddable":true,"href":"https:\/\/hookahshop.lt\/lv\/wp-json\/wp\/v2\/media\/39866"}],"wp:attachment":[{"href":"https:\/\/hookahshop.lt\/lv\/wp-json\/wp\/v2\/media?parent=39865"}],"curies":[{"name":"wp","href":"https:\/\/api.w.org\/{rel}","templated":true}]}}