{"id":39879,"date":"2024-08-23T18:11:54","date_gmt":"2024-08-23T15:11:54","guid":{"rendered":"https:\/\/hookahshop.lt\/?post_type=product&#038;p=39879"},"modified":"2026-04-14T23:29:43","modified_gmt":"2026-04-14T20:29:43","slug":"individualus-kaljano-kandiklis-brown","status":"publish","type":"product","link":"https:\/\/hookahshop.lt\/lv\/produkt\/individualais-udenspipes-iemutnis-bruns\/","title":{"rendered":"Individu\u0101ls \u016bdensp\u012bpes iemutnis Brown"},"content":{"rendered":"<h2>Individu\u0101ls \u016bdensp\u012bpes iemutnis Brown<\/h2>\n<p>Garant\u0113 jums higi\u0113nisku \u016bdensp\u012bpes pieredzi. Izmantojot \u0161o iemuti, j\u016bs ne tikai izdar\u012bsiet kaut ko labu sev un savai higi\u0113nai, bet ar\u012b apk\u0101rt\u0113jai videi, jo iemuti p\u0113c sm\u0113\u0137\u0113\u0161anas netiek izmesti k\u0101 atsevi\u0161\u0137i vienreiz\u0113j\u0101s lieto\u0161anas iemuti.<\/p>\n<p><strong>Specifik\u0101cija:<\/strong><br \/>\nIzm\u0113ri: 7,5x2cm<br \/>\nLentes garums: 47 cm<br \/>\nMateri\u0101ls: akrils<br \/>\nPilns komplekts: soma, lente, individu\u0101lais iemutnis.<\/p>\n<p>&nbsp;<\/p>\n<p>Vai jums ir k\u0101di jaut\u0101jumi? Sazinies ar mums\u00a0<a href=\"https:\/\/hookahshop.lt\/lv\/kontaktiem\/\">kontaktu lapa<\/a>\u00a0vai rakstiet mums pa e-pastu\u00a0<a href=\"https:\/\/facebook.com\/HookahShop.lt\/\" target=\"_blank\" rel=\"noopener noreferrer\">Facebook konts<\/a>\u00a0un m\u0113s atbild\u0113sim uz j\u016bsu piepras\u012bjumu taj\u0101 pa\u0161\u0101 dien\u0101.<\/p>","protected":false},"excerpt":{"rendered":"<p>Individu\u0101ls \u016bdensp\u012bpes iemuts br\u016bns Garant\u0113 jums higi\u0113nisku \u016bdensp\u012bpes pieredzi. Izmantojot \u0161o iemuti, j\u016bs ne tikai izdar\u012bsiet kaut ko labu sev un savai higi\u0113nai, bet ar\u012b apk\u0101rt\u0113jai videi, jo iemuti p\u0113c sm\u0113\u0137\u0113\u0161anas netiek izmesti k\u0101 atsevi\u0161\u0137i vienreiz\u0113j\u0101s lieto\u0161anas iemuti. Specifik\u0101cija: Izm\u0113ri: 7.5x2cm Lentes garums: 47cm Materi\u0101ls: akrils Pilns komplekts: soma, lente, atsevi\u0161\u0137s iemutnis.  Vai jums ir k\u0101di jaut\u0101jumi? Sazinieties ar mums, izmantojot m\u016bsu kontaktinform\u0101ciju [\u2026]<\/p>","protected":false},"featured_media":39874,"comment_status":"open","ping_status":"closed","template":"","meta":[],"_links":{"self":[{"href":"https:\/\/hookahshop.lt\/lv\/wp-json\/wp\/v2\/product\/39879"}],"collection":[{"href":"https:\/\/hookahshop.lt\/lv\/wp-json\/wp\/v2\/product"}],"about":[{"href":"https:\/\/hookahshop.lt\/lv\/wp-json\/wp\/v2\/types\/product"}],"replies":[{"embeddable":true,"href":"https:\/\/hookahshop.lt\/lv\/wp-json\/wp\/v2\/comments?post=39879"}],"version-history":[{"count":3,"href":"https:\/\/hookahshop.lt\/lv\/wp-json\/wp\/v2\/product\/39879\/revisions"}],"predecessor-version":[{"id":39885,"href":"https:\/\/hookahshop.lt\/lv\/wp-json\/wp\/v2\/product\/39879\/revisions\/39885"}],"wp:featuredmedia":[{"embeddable":true,"href":"https:\/\/hookahshop.lt\/lv\/wp-json\/wp\/v2\/media\/39874"}],"wp:attachment":[{"href":"https:\/\/hookahshop.lt\/lv\/wp-json\/wp\/v2\/media?parent=39879"}],"curies":[{"name":"wp","href":"https:\/\/api.w.org\/{rel}","templated":true}]}}