{"id":39886,"date":"2024-08-23T18:51:43","date_gmt":"2024-08-23T15:51:43","guid":{"rendered":"https:\/\/hookahshop.lt\/?post_type=product&#038;p=39886"},"modified":"2026-05-14T23:30:00","modified_gmt":"2026-05-14T20:30:00","slug":"kaljanas-hoob-pro-space-grey-x-ss","status":"publish","type":"product","link":"https:\/\/hookahshop.lt\/lv\/produkt\/hookah-hoob-pro-space-grey-x-ss\/","title":{"rendered":"\u016adensp\u012bpe HOOB Pro Space Grey x SS"},"content":{"rendered":"<h2>\u016adensp\u012bpe HOOB Pro Space Grey x SS<\/h2>\n<p>Jau popul\u0101rais Hoob sudraba dizains un nestandarta formas \u0161o \u016bdensp\u012bpi padara to patiesi unik\u0101lu, to var izmantot, kur vien v\u0113laties, dab\u0101, m\u0101j\u0101s, biroj\u0101. Kvalitat\u012bvi materi\u0101li ir ide\u0101li saska\u0146oti, lai nodro\u0161in\u0101tu ilg\u0101ko \u016bdensp\u012bpes kalpo\u0161anas laiku un atbilstu m\u016bsdien\u012bgam izskatam.<\/p>\n<p><strong>Raksturojums:<\/strong><br \/>\nAugstums: 72 cm<br \/>\nMateri\u0101ls:: ner\u016bs\u0113jo\u0161ais t\u0113rauds<br \/>\n\u0160\u013c\u016btenes savienot\u0101js: magn\u0113tisks<br \/>\nDifuzors: j\u0101<\/p>\n<p><strong>Apr\u012bkojums:<\/strong><br \/>\nV\u0101rpsta<br \/>\nUzgalis ar v\u012btni HOOB<br \/>\n\u0160\u013c\u016btene pel\u0113ka HOOB<br \/>\nV\u012bt\u0146ota kolba<\/p>\n<p><img decoding=\"async\" loading=\"lazy\" class=\"alignnone size-medium wp-image-38520\" src=\"https:\/\/hookahshop.lt\/wp-content\/uploads\/2020\/09\/stiebas-kolba-zarna-kandiklis-1-300x273.jpg\" alt=\"- hookahshop.lt\" width=\"300\" height=\"273\" srcset=\"https:\/\/hookahshop.lt\/wp-content\/uploads\/2020\/09\/stiebas-kolba-zarna-kandiklis-1-300x273.jpg 300w, https:\/\/hookahshop.lt\/wp-content\/uploads\/2020\/09\/stiebas-kolba-zarna-kandiklis-1-13x12.jpg 13w, https:\/\/hookahshop.lt\/wp-content\/uploads\/2020\/09\/stiebas-kolba-zarna-kandiklis-1-64x58.jpg 64w, https:\/\/hookahshop.lt\/wp-content\/uploads\/2020\/09\/stiebas-kolba-zarna-kandiklis-1.jpg 420w\" sizes=\"(max-width: 300px) 100vw, 300px\" title=\"\"><\/p>\n<p>Vai jums ir k\u0101di jaut\u0101jumi? Sazinies ar mums\u00a0<a href=\"https:\/\/hookahshop.lt\/lv\/kontaktiem\/\">kontaktu lapa<\/a>\u00a0vai rakstiet mums pa e-pastu\u00a0<a href=\"https:\/\/facebook.com\/HookahShop.lt\/\" target=\"_blank\" rel=\"noopener noreferrer\">Facebook konts<\/a>\u00a0un m\u0113s atbild\u0113sim uz j\u016bsu piepras\u012bjumu taj\u0101 pa\u0161\u0101 dien\u0101.<\/p>","protected":false},"excerpt":{"rendered":"<p>\u016adensp\u012bpe HOOB Pro Space Grey x SS Jau popul\u0101rais &quot;Hoob&quot; sudraba dizains un \u0161\u012bs \u016bdensp\u012bpes nestandarta formas padara to patiesi unik\u0101lu, to var izmantot, kur vien v\u0113laties, dab\u0101, m\u0101j\u0101s, biroj\u0101. Kvalitat\u012bvi materi\u0101li ir ide\u0101li saska\u0146oti, lai nodro\u0161in\u0101tu ilg\u0101ko \u016bdensp\u012bpes kalpo\u0161anas laiku un atbilstu m\u016bsdien\u012bgam izskatam. Raksturojums: Augstums: 72cm Materi\u0101ls:: ner\u016bs\u0113jo\u0161ais t\u0113rauds \u0160\u013c\u016btenes [\u2026]<\/p>","protected":false},"featured_media":39887,"comment_status":"open","ping_status":"closed","template":"","meta":[],"_links":{"self":[{"href":"https:\/\/hookahshop.lt\/lv\/wp-json\/wp\/v2\/product\/39886"}],"collection":[{"href":"https:\/\/hookahshop.lt\/lv\/wp-json\/wp\/v2\/product"}],"about":[{"href":"https:\/\/hookahshop.lt\/lv\/wp-json\/wp\/v2\/types\/product"}],"replies":[{"embeddable":true,"href":"https:\/\/hookahshop.lt\/lv\/wp-json\/wp\/v2\/comments?post=39886"}],"version-history":[{"count":3,"href":"https:\/\/hookahshop.lt\/lv\/wp-json\/wp\/v2\/product\/39886\/revisions"}],"predecessor-version":[{"id":39894,"href":"https:\/\/hookahshop.lt\/lv\/wp-json\/wp\/v2\/product\/39886\/revisions\/39894"}],"wp:featuredmedia":[{"embeddable":true,"href":"https:\/\/hookahshop.lt\/lv\/wp-json\/wp\/v2\/media\/39887"}],"wp:attachment":[{"href":"https:\/\/hookahshop.lt\/lv\/wp-json\/wp\/v2\/media?parent=39886"}],"curies":[{"name":"wp","href":"https:\/\/api.w.org\/{rel}","templated":true}]}}