{"id":39916,"date":"2024-08-23T22:31:43","date_gmt":"2024-08-23T19:31:43","guid":{"rendered":"https:\/\/hookahshop.lt\/?post_type=product&#038;p=39916"},"modified":"2026-04-15T23:29:37","modified_gmt":"2026-04-15T20:29:37","slug":"taurele-kaljanui-oblako-trio-killer-blue-matte","status":"publish","type":"product","link":"https:\/\/hookahshop.lt\/lv\/produkt\/kauss-udenspipe-makonis-trio-killer-blue-matte\/","title":{"rendered":"B\u013coda \u016bdensp\u012bpei OBLAKO Trio Killer Blue Matte"},"content":{"rendered":"<h2>B\u013coda \u016bdensp\u012bpei OBLAKO Trio Killer Blue Matte<\/h2>\n<p>\u0160is ir killer kauss, tikai nevis ar 5 caurumiem k\u0101 parastajiem Oblak kausiem, bet ar 4, t\u0101p\u0113c \u016bdensp\u012bpes sesija b\u016bs intens\u012bv\u0101ka! Ikdienas sm\u0113\u0137\u0113\u0161anai, lieliski piem\u0113rots vieglai un smagai tabakai! Kr\u016bz\u012bte ir p\u0101rkl\u0101ta ar glaz\u016bru, pateicoties kurai t\u0101 var ilgsto\u0161i saglab\u0101t savas s\u0101kotn\u0113j\u0101s \u012bpa\u0161\u012bbas un izskatu. OBLAKO izmanto tikai cilv\u0113kiem dro\u0161u p\u0101rtikas glaz\u016bru, ko izstr\u0101d\u0101ju\u0161i partneri specializ\u0113t\u0101s laboratorij\u0101s.<\/p>\n<p>Tabakas tase satur 17\u201322 g.<\/p>\n<p><strong>Specifik\u0101cijas:<\/strong><sub><br \/>\n<\/sub>Augstums: 10,5 mm<sub><br \/>\n<\/sub>Diametrs (\u0101r\u0113jais): 7,5 mm<sub><br \/>\n<\/sub>Caurumu skaits: 4<sub><br \/>\n<\/sub><\/p>\n<p>Vai jums ir k\u0101di jaut\u0101jumi? Sazinies ar mums\u00a0<a href=\"https:\/\/hookahshop.lt\/lv\/kontaktiem\/\">kontaktu lapa<\/a>\u00a0vai rakstiet mums pa e-pastu\u00a0<a href=\"https:\/\/facebook.com\/HookahShop.lt\/\" target=\"_blank\" rel=\"noopener\">Facebook konts<\/a>\u00a0un m\u0113s atbild\u0113sim uz j\u016bsu piepras\u012bjumu taj\u0101 pa\u0161\u0101 dien\u0101.<\/p>","protected":false},"excerpt":{"rendered":"<p>\u016adensp\u012bpes kauss OBLAKO Trio Killer Blue Matte \u0160is ir killer tipa kauss, tikai nevis ar 5 caurumiem k\u0101 parastaj\u0101m Oblak kr\u016bz\u012bt\u0113m, bet ar 4, t\u0101p\u0113c \u016bdensp\u012bpes sesija b\u016bs intens\u012bv\u0101ka! Paredz\u0113ts ikdienas sm\u0113\u0137\u0113\u0161anai, lieliski piem\u0113rots vieglai un smagai tabakai! Kr\u016bz\u012bte ir p\u0101rkl\u0101ta ar glaz\u016bru, pateicoties kurai t\u0101 var ilgsto\u0161i saglab\u0101t savas s\u0101kotn\u0113j\u0101s \u012bpa\u0161\u012bbas un izskatu. OBLAKO izmanto tikai [\u2026]<\/p>","protected":false},"featured_media":39917,"comment_status":"open","ping_status":"closed","template":"","meta":[],"_links":{"self":[{"href":"https:\/\/hookahshop.lt\/lv\/wp-json\/wp\/v2\/product\/39916"}],"collection":[{"href":"https:\/\/hookahshop.lt\/lv\/wp-json\/wp\/v2\/product"}],"about":[{"href":"https:\/\/hookahshop.lt\/lv\/wp-json\/wp\/v2\/types\/product"}],"replies":[{"embeddable":true,"href":"https:\/\/hookahshop.lt\/lv\/wp-json\/wp\/v2\/comments?post=39916"}],"version-history":[{"count":2,"href":"https:\/\/hookahshop.lt\/lv\/wp-json\/wp\/v2\/product\/39916\/revisions"}],"predecessor-version":[{"id":39919,"href":"https:\/\/hookahshop.lt\/lv\/wp-json\/wp\/v2\/product\/39916\/revisions\/39919"}],"wp:featuredmedia":[{"embeddable":true,"href":"https:\/\/hookahshop.lt\/lv\/wp-json\/wp\/v2\/media\/39917"}],"wp:attachment":[{"href":"https:\/\/hookahshop.lt\/lv\/wp-json\/wp\/v2\/media?parent=39916"}],"curies":[{"name":"wp","href":"https:\/\/api.w.org\/{rel}","templated":true}]}}