{"id":39932,"date":"2024-08-23T22:51:12","date_gmt":"2024-08-23T19:51:12","guid":{"rendered":"https:\/\/hookahshop.lt\/?post_type=product&#038;p=39932"},"modified":"2026-04-15T23:29:36","modified_gmt":"2026-04-15T20:29:36","slug":"taurele-kaljanui-oblako-trio-line-black","status":"publish","type":"product","link":"https:\/\/hookahshop.lt\/lv\/produkt\/kauss-udenspipe-oblako-trio-line-melns\/","title":{"rendered":"\u016adensp\u012bpes kr\u016bze OBLAKO Trio Line Black"},"content":{"rendered":"<h2>\u016adensp\u012bpes kr\u016bze OBLAKO Trio Line Black<\/h2>\n<p>\u0160\u012b ir jauna form\u0101ta kr\u016bze re\u017e\u0123a form\u0101, bet tai ir phunnel tipa kr\u016bzes \u012bpa\u0161\u012bbas! Ikdienas sm\u0113\u0137\u0113\u0161anai, lieliski piem\u0113rots vieglai un smagai tabakai! Kr\u016bz\u012bte ir p\u0101rkl\u0101ta ar glaz\u016bru, pateicoties kurai t\u0101 var ilgsto\u0161i saglab\u0101t savas s\u0101kotn\u0113j\u0101s \u012bpa\u0161\u012bbas un izskatu. OBLAKO izmanto tikai cilv\u0113kiem dro\u0161u p\u0101rtikas glaz\u016bru, ko izstr\u0101d\u0101ju\u0161i partneri specializ\u0113t\u0101s laboratorij\u0101s.<\/p>\n<p>Tabakas tase satur 20-25 g.<\/p>\n<p><strong>Specifik\u0101cijas:<\/strong><sub><br \/>\n<\/sub>Augstums: 10,5 mm<sub><br \/>\n<\/sub>Diametrs (\u0101r\u0113jais): 7,5 mm<sub><br \/>\n<\/sub>Urbumu skaits: 1<sub><br \/>\n<\/sub><\/p>\n<p>Vai jums ir k\u0101di jaut\u0101jumi? Sazinies ar mums\u00a0<a href=\"https:\/\/hookahshop.lt\/lv\/kontaktiem\/\">kontaktu lapa<\/a>\u00a0vai rakstiet mums pa e-pastu\u00a0<a href=\"https:\/\/facebook.com\/HookahShop.lt\/\" target=\"_blank\" rel=\"noopener\">Facebook konts<\/a>\u00a0un m\u0113s atbild\u0113sim uz j\u016bsu piepras\u012bjumu taj\u0101 pa\u0161\u0101 dien\u0101.<\/p>\n<p>&nbsp;<\/p>\n<p>&nbsp;<\/p>","protected":false},"excerpt":{"rendered":"<p>\u016adensp\u012bpes kr\u016bze OBLAKO Trio Line Black \u0160\u012b ir jauna form\u0101ta kr\u016bze re\u017e\u0123a form\u0101, bet t\u0101s \u012bpa\u0161\u012bbas ir k\u0101 phunnel kr\u016bzes! Ikdienas sm\u0113\u0137\u0113\u0161anai, lieliski piem\u0113rots vieglai un smagai tabakai! Kr\u016bz\u012bte ir p\u0101rkl\u0101ta ar glaz\u016bru, pateicoties kurai t\u0101 var ilgsto\u0161i saglab\u0101t savas s\u0101kotn\u0113j\u0101s \u012bpa\u0161\u012bbas un izskatu. OBLAKO izmanto tikai cilv\u0113kiem dro\u0161u p\u0101rtikas glaz\u016bru, ko izstr\u0101d\u0101ju\u0161i partneri specializ\u0113t\u0101s laboratorij\u0101s. [\u2026]<\/p>","protected":false},"featured_media":39933,"comment_status":"open","ping_status":"closed","template":"","meta":[],"_links":{"self":[{"href":"https:\/\/hookahshop.lt\/lv\/wp-json\/wp\/v2\/product\/39932"}],"collection":[{"href":"https:\/\/hookahshop.lt\/lv\/wp-json\/wp\/v2\/product"}],"about":[{"href":"https:\/\/hookahshop.lt\/lv\/wp-json\/wp\/v2\/types\/product"}],"replies":[{"embeddable":true,"href":"https:\/\/hookahshop.lt\/lv\/wp-json\/wp\/v2\/comments?post=39932"}],"version-history":[{"count":3,"href":"https:\/\/hookahshop.lt\/lv\/wp-json\/wp\/v2\/product\/39932\/revisions"}],"predecessor-version":[{"id":42235,"href":"https:\/\/hookahshop.lt\/lv\/wp-json\/wp\/v2\/product\/39932\/revisions\/42235"}],"wp:featuredmedia":[{"embeddable":true,"href":"https:\/\/hookahshop.lt\/lv\/wp-json\/wp\/v2\/media\/39933"}],"wp:attachment":[{"href":"https:\/\/hookahshop.lt\/lv\/wp-json\/wp\/v2\/media?parent=39932"}],"curies":[{"name":"wp","href":"https:\/\/api.w.org\/{rel}","templated":true}]}}