{"id":40105,"date":"2024-10-08T19:22:00","date_gmt":"2024-10-08T16:22:00","guid":{"rendered":"https:\/\/hookahshop.lt\/?post_type=product&#038;p=40105"},"modified":"2026-04-14T23:29:44","modified_gmt":"2026-04-14T20:29:44","slug":"znyples-kaljano-anglims-bronze","status":"publish","type":"product","link":"https:\/\/hookahshop.lt\/lv\/produkt\/znyples-udenspipe-karbona-asmens-bronze\/","title":{"rendered":"Knaibles \u016bdensp\u012bpes ogl\u0113m Bronza"},"content":{"rendered":"<h2>Knaibles \u016bdensp\u012bpes ogl\u0113m Bronza<\/h2>\n<p>Izgatavots no ner\u016bs\u0113jo\u0161\u0101 t\u0113rauda, \u013coti \u0113rts izm\u0113rs.<\/p>\n<p><strong>Raksturojums:<\/strong><br \/>\nKr\u0101sa: bronza<br \/>\nGarums: 23 cm<br \/>\nPlatums: 2,8 cm<\/p>\n<p>Vai jums ir k\u0101di jaut\u0101jumi? Sazinies ar mums\u00a0<a href=\"https:\/\/hookahshop.lt\/lv\/kontaktiem\/\">kontaktu lapa<\/a>\u00a0vai rakstiet mums pa e-pastu\u00a0<a href=\"https:\/\/facebook.com\/HookahShop.lt\/\" target=\"_blank\" rel=\"noopener noreferrer\">Facebook konts<\/a>\u00a0un m\u0113s atbild\u0113sim uz j\u016bsu piepras\u012bjumu taj\u0101 pa\u0161\u0101 dien\u0101.<\/p>\n<p>&nbsp;<\/p>\n<p>&nbsp;<\/p>","protected":false},"excerpt":{"rendered":"<p>\u016adensp\u012bpes og\u013cu knaibles Bronza Izgatavotas no ner\u016bs\u0113jo\u0161\u0101 t\u0113rauda, \u013coti \u0113rts izm\u0113rs. Raksturojums: Kr\u0101sa: bronza Garums: 23 cm Platums: 2,8 cm Vai jums ir k\u0101di jaut\u0101jumi? Sazinieties ar mums kontaktlap\u0101 vai rakstiet mums Facebook, un m\u0113s atbild\u0113sim uz j\u016bsu piepras\u012bjumu taj\u0101 pa\u0161\u0101 dien\u0101. &nbsp; &nbsp;<\/p>","protected":false},"featured_media":40106,"comment_status":"open","ping_status":"closed","template":"","meta":[],"_links":{"self":[{"href":"https:\/\/hookahshop.lt\/lv\/wp-json\/wp\/v2\/product\/40105"}],"collection":[{"href":"https:\/\/hookahshop.lt\/lv\/wp-json\/wp\/v2\/product"}],"about":[{"href":"https:\/\/hookahshop.lt\/lv\/wp-json\/wp\/v2\/types\/product"}],"replies":[{"embeddable":true,"href":"https:\/\/hookahshop.lt\/lv\/wp-json\/wp\/v2\/comments?post=40105"}],"version-history":[{"count":4,"href":"https:\/\/hookahshop.lt\/lv\/wp-json\/wp\/v2\/product\/40105\/revisions"}],"predecessor-version":[{"id":45251,"href":"https:\/\/hookahshop.lt\/lv\/wp-json\/wp\/v2\/product\/40105\/revisions\/45251"}],"wp:featuredmedia":[{"embeddable":true,"href":"https:\/\/hookahshop.lt\/lv\/wp-json\/wp\/v2\/media\/40106"}],"wp:attachment":[{"href":"https:\/\/hookahshop.lt\/lv\/wp-json\/wp\/v2\/media?parent=40105"}],"curies":[{"name":"wp","href":"https:\/\/api.w.org\/{rel}","templated":true}]}}