{"id":40111,"date":"2024-10-09T17:52:56","date_gmt":"2024-10-09T14:52:56","guid":{"rendered":"https:\/\/hookahshop.lt\/?post_type=product&#038;p=40111"},"modified":"2026-05-13T23:30:15","modified_gmt":"2026-05-13T20:30:15","slug":"taurele-kaljanui-kong-killzilla","status":"publish","type":"product","link":"https:\/\/hookahshop.lt\/lv\/produkt\/kauss-for-udenspipe-kong-killzilla\/","title":{"rendered":"B\u013coda \u016bdensp\u012bpei KONG Killzilla"},"content":{"rendered":"<h2>B\u013coda \u016bdensp\u012bpei KONG Killzilla<\/h2>\n<p>Spilgts, ide\u0101ls raksts ar mirdzo\u0161i roz\u0101 elementiem. Nevainojams stils un kvalit\u0101te. Killzilla ir pac\u0113lies un ir pien\u0101cis jauns laikmets: pasaul\u0113 pirm\u0101 \u016bdensp\u012bpes b\u013coda ar ieb\u016bv\u0113tu v\u0101rstu, kas aizver caurumu p\u0113c \u016bdensp\u012bpes d\u016bmu ieelpo\u0161anas. Sm\u0113\u0137\u0113jot no kr\u016bzes deguna un mutes izpl\u016bst d\u016bmi, radot iespaidu, ka KONG Killzilla izdal\u012bs spilgtu liesmu! Kong Killzilla ir ierobe\u017eota tir\u0101\u017ea 1000 eksempl\u0101ru kauss un vien\u012bgais Lietuv\u0101!<br \/>\nTabakas ietilp\u012bba: 16-20g. (atkar\u012bb\u0101 no iepako\u0161anas metodes).<\/p>\n<p><strong>Specifik\u0101cijas:<\/strong><br \/>\nAugstums: 11,30 cm<br \/>\nDiametrs (\u0101r\u0113jais): 7,70 cm<br \/>\nDiametrs (iek\u0161\u0113jais): 6,50 cm<br \/>\nDzi\u013cums: 1,50 cm<br \/>\nAtveres diametrs: 3 un 8 mm<br \/>\nCaurumu skaits: 9 gab.<br \/>\nSvars: ~630g.<\/p>\n<p>Vai jums ir k\u0101di jaut\u0101jumi? Sazinies ar mums\u00a0<a href=\"https:\/\/hookahshop.lt\/lv\/kontaktiem\/\">kontaktu lapa<\/a>\u00a0vai rakstiet mums pa e-pastu\u00a0<a href=\"https:\/\/facebook.com\/HookahShop.lt\/\" target=\"_blank\" rel=\"noopener noreferrer\">Facebook konts<\/a>\u00a0un m\u0113s atbild\u0113sim uz j\u016bsu piepras\u012bjumu taj\u0101 pa\u0161\u0101 dien\u0101.<\/p>","protected":false},"excerpt":{"rendered":"<p>\u016adensp\u012bpes kr\u016bz\u012bte KONG Killzilla Spilgts, perfekts modelis ar mirdzo\u0161i roz\u0101 elementiem. Nevainojams stils un kvalit\u0101te. Killzilla ir uzplaukusi, un ir s\u0101kusies jauna \u0113ra: pasaul\u0113 pirm\u0101 \u016bdensp\u012bpes kr\u016bz\u012bte ar ieb\u016bv\u0113tu v\u0101rstu, kas aizver caurumu, ieelpojot \u016bdensp\u012bpes d\u016bmus. Sm\u0113\u0137\u0113jot, no kr\u016bz\u012btes deguna un mutes n\u0101k d\u016bmi, radot iespaidu, ka KONG Killzilla t\u016bl\u012bt atbr\u012bvos spilgtu liesmu! Kong Killzilla ir ierobe\u017eotas tir\u0101\u017eas [\u2026]<\/p>","protected":false},"featured_media":40112,"comment_status":"open","ping_status":"closed","template":"","meta":[],"_links":{"self":[{"href":"https:\/\/hookahshop.lt\/lv\/wp-json\/wp\/v2\/product\/40111"}],"collection":[{"href":"https:\/\/hookahshop.lt\/lv\/wp-json\/wp\/v2\/product"}],"about":[{"href":"https:\/\/hookahshop.lt\/lv\/wp-json\/wp\/v2\/types\/product"}],"replies":[{"embeddable":true,"href":"https:\/\/hookahshop.lt\/lv\/wp-json\/wp\/v2\/comments?post=40111"}],"version-history":[{"count":4,"href":"https:\/\/hookahshop.lt\/lv\/wp-json\/wp\/v2\/product\/40111\/revisions"}],"predecessor-version":[{"id":40188,"href":"https:\/\/hookahshop.lt\/lv\/wp-json\/wp\/v2\/product\/40111\/revisions\/40188"}],"wp:featuredmedia":[{"embeddable":true,"href":"https:\/\/hookahshop.lt\/lv\/wp-json\/wp\/v2\/media\/40112"}],"wp:attachment":[{"href":"https:\/\/hookahshop.lt\/lv\/wp-json\/wp\/v2\/media?parent=40111"}],"curies":[{"name":"wp","href":"https:\/\/api.w.org\/{rel}","templated":true}]}}