{"id":40121,"date":"2024-10-09T18:54:35","date_gmt":"2024-10-09T15:54:35","guid":{"rendered":"https:\/\/hookahshop.lt\/?post_type=product&#038;p=40121"},"modified":"2026-04-14T23:29:44","modified_gmt":"2026-04-14T20:29:44","slug":"taurele-kaljanui-oblako-trio-fake","status":"publish","type":"product","link":"https:\/\/hookahshop.lt\/lv\/produkt\/kauss-udenspipe-makonis-trio-viltojums\/","title":{"rendered":"\u016adensp\u012bpes kauss OBLAKO Trio Fake"},"content":{"rendered":"<h2>\u016adensp\u012bpes kauss OBLAKO Trio Fake<\/h2>\n<p>Viena no interesant\u0101kaj\u0101m liet\u0101m ir uzsil\u0161anas indikators FAKE logo form\u0101 uz glaz\u016bras. Ar t\u0101s pal\u012bdz\u012bbu j\u016bs varat saprast, cik karsta ir tase. FAKE teksts main\u0101s no piln\u012bgi melna (aukst\u0101 kr\u016bze) uz baltu (silta kauss). \u0160\u012b ir jauna form\u0101ta kr\u016bz\u012bte re\u017e\u0123a form\u0101, bet tai piem\u012bt phunnel tipa kr\u016bzes \u012bpa\u0161\u012bbas! Paredz\u0113ts ikdienas sm\u0113\u0137\u0113\u0161anai, lieliski piem\u0113rots vieglai un smagai tabakai! Kr\u016bz\u012bte ir p\u0101rkl\u0101ta ar glaz\u016bru, pateicoties kurai t\u0101 var ilgsto\u0161i saglab\u0101t savas s\u0101kotn\u0113j\u0101s \u012bpa\u0161\u012bbas un izskatu. OBLAKO izmanto tikai cilv\u0113kiem dro\u0161u p\u0101rtikas glaz\u016bru, ko izstr\u0101d\u0101ju\u0161i partneri specializ\u0113t\u0101s laboratorij\u0101s.<\/p>\n<p>Tabakas tase satur 20-25 g.<\/p>\n<p><strong>Specifik\u0101cijas:<\/strong><sub><br \/>\n<\/sub>Augstums: 10,5 mm<sub><br \/>\n<\/sub>Diametrs (\u0101r\u0113jais): 7,5 mm<sub><br \/>\n<\/sub>Urbumu skaits: 1<sub><br \/>\n<\/sub><\/p>\n<p>Vai jums ir k\u0101di jaut\u0101jumi? Sazinies ar mums\u00a0<a href=\"https:\/\/hookahshop.lt\/lv\/kontaktiem\/\">kontaktu lapa<\/a>\u00a0vai rakstiet mums pa e-pastu\u00a0<a href=\"https:\/\/facebook.com\/HookahShop.lt\/\" target=\"_blank\" rel=\"noopener\">Facebook konts<\/a>\u00a0un m\u0113s atbild\u0113sim uz j\u016bsu piepras\u012bjumu taj\u0101 pa\u0161\u0101 dien\u0101.<\/p>\n<p>&nbsp;<\/p>\n<p>&nbsp;<\/p>","protected":false},"excerpt":{"rendered":"<p>\u016adensp\u012bpes b\u013codi\u0146a OBLAKO Trio Fake Viena no interesant\u0101kaj\u0101m liet\u0101m ir sild\u012b\u0161anas indikators FAKE logotipa veid\u0101 uz glaz\u016bras. Ar t\u0101 pal\u012bdz\u012bbu var saprast, cik karsta ir b\u013codi\u0146a. Uzraksts FAKE main\u0101s no piln\u012bgi melna (auksts b\u013codi\u0146\u0161) uz baltu (silta b\u013codi\u0146a). \u0160\u012b ir jauna form\u0101ta b\u013codi\u0146a re\u017e\u0123a form\u0101, bet t\u0101s \u012bpa\u0161\u012bbas ir k\u0101 piltuves tipa b\u013codi\u0146\u0101m! Paredz\u0113ta ikdienas sm\u0113\u0137\u0113\u0161anai, lieliski piem\u0113rota \u2013 [\u2026]<\/p>","protected":false},"featured_media":40122,"comment_status":"open","ping_status":"closed","template":"","meta":[],"_links":{"self":[{"href":"https:\/\/hookahshop.lt\/lv\/wp-json\/wp\/v2\/product\/40121"}],"collection":[{"href":"https:\/\/hookahshop.lt\/lv\/wp-json\/wp\/v2\/product"}],"about":[{"href":"https:\/\/hookahshop.lt\/lv\/wp-json\/wp\/v2\/types\/product"}],"replies":[{"embeddable":true,"href":"https:\/\/hookahshop.lt\/lv\/wp-json\/wp\/v2\/comments?post=40121"}],"version-history":[{"count":2,"href":"https:\/\/hookahshop.lt\/lv\/wp-json\/wp\/v2\/product\/40121\/revisions"}],"predecessor-version":[{"id":40135,"href":"https:\/\/hookahshop.lt\/lv\/wp-json\/wp\/v2\/product\/40121\/revisions\/40135"}],"wp:featuredmedia":[{"embeddable":true,"href":"https:\/\/hookahshop.lt\/lv\/wp-json\/wp\/v2\/media\/40122"}],"wp:attachment":[{"href":"https:\/\/hookahshop.lt\/lv\/wp-json\/wp\/v2\/media?parent=40121"}],"curies":[{"name":"wp","href":"https:\/\/api.w.org\/{rel}","templated":true}]}}