{"id":40125,"date":"2024-10-09T19:19:28","date_gmt":"2024-10-09T16:19:28","guid":{"rendered":"https:\/\/hookahshop.lt\/?post_type=product&#038;p=40125"},"modified":"2026-04-21T23:30:26","modified_gmt":"2026-04-21T20:30:26","slug":"taurele-kaljanui-oblako-phunnel-m-white-black","status":"publish","type":"product","link":"https:\/\/hookahshop.lt\/lv\/produkt\/kauss-udenspipe-makonis-piltuve-m-balts-melns\/","title":{"rendered":"\u016adensp\u012bpes kr\u016bze OBLAKO Phunnel M White Black"},"content":{"rendered":"<h2>\u016adensp\u012bpes kr\u016bze OBLAKO Phunnel M White Black<\/h2>\n<p>Tas ir glaz\u0113ts ikdienas sm\u0113\u0137\u0113\u0161anai, lieliski piem\u0113rots gan vieglai, gan smagai tabakai! Kr\u016bz\u012bte ir p\u0101rkl\u0101ta ar glaz\u016bru, pateicoties kurai t\u0101 var ilgsto\u0161i saglab\u0101t savas s\u0101kotn\u0113j\u0101s \u012bpa\u0161\u012bbas un izskatu. OBLAKO izmanto tikai cilv\u0113kiem dro\u0161u \u0113damo glaz\u016bru, ko izstr\u0101d\u0101ju\u0161i partneri specializ\u0113t\u0101s laboratorij\u0101s, kas atrodas G\u017ee\u013cskoje, vien\u0101 no keramikas ra\u017eo\u0161anas centriem.<br \/>\nTabakas tas\u0113 ir 20 l\u012bdz 23 grami.<\/p>\n<p><strong>Specifik\u0101cijas:<\/strong><br \/>\nAugstums: 118 mm<br \/>\nDiametrs (\u0101r\u0113jais): 74 mm<br \/>\nDiametrs (iek\u0161\u0113jais): 68 mm<br \/>\nDzi\u013cums: 12 mm<br \/>\nUrbuma diametrs: 12 mm<br \/>\nUrbumu skaits: 1<br \/>\nSvars: apm\u0113ram 182 g.<\/p>\n<p>Vai jums ir k\u0101di jaut\u0101jumi? Sazinies ar mums\u00a0<a href=\"https:\/\/hookahshop.lt\/lv\/kontaktiem\/\">kontaktu lapa<\/a>\u00a0vai rakstiet mums pa e-pastu\u00a0<a href=\"https:\/\/facebook.com\/HookahShop.lt\/\" target=\"_blank\" rel=\"noopener noreferrer\">Facebook konts<\/a>\u00a0un m\u0113s atbild\u0113sim uz j\u016bsu piepras\u012bjumu taj\u0101 pa\u0161\u0101 dien\u0101.<\/p>","protected":false},"excerpt":{"rendered":"<p>\u016adensp\u012bpes b\u013codi\u0146a OBLAKO Phunnel M Balta Melna \u0160\u012b ir glaz\u0113ta, paredz\u0113ta ikdienas sm\u0113\u0137\u0113\u0161anai, ide\u0101li piem\u0113rota gan vieglai, gan smagai tabakai! B\u013codi\u0146a ir p\u0101rkl\u0101ta ar glaz\u016bru, pateicoties kurai t\u0101 ilgsto\u0161i saglab\u0101 savas s\u0101kotn\u0113j\u0101s \u012bpa\u0161\u012bbas un izskatu. OBLAKO izmanto tikai p\u0101rtikas kvalit\u0101tes glaz\u016bru, kas ir nekait\u012bga cilv\u0113kiem, un ko izstr\u0101d\u0101ja partneri specializ\u0113t\u0101s laboratorij\u0101s, kas atrodas vien\u0101 no keramikas ra\u017eo\u0161anas centriem G\u017ee\u013cskoj\u0113. Tabakas b\u013codi\u0146a [\u2026]<\/p>","protected":false},"featured_media":40132,"comment_status":"open","ping_status":"closed","template":"","meta":[],"_links":{"self":[{"href":"https:\/\/hookahshop.lt\/lv\/wp-json\/wp\/v2\/product\/40125"}],"collection":[{"href":"https:\/\/hookahshop.lt\/lv\/wp-json\/wp\/v2\/product"}],"about":[{"href":"https:\/\/hookahshop.lt\/lv\/wp-json\/wp\/v2\/types\/product"}],"replies":[{"embeddable":true,"href":"https:\/\/hookahshop.lt\/lv\/wp-json\/wp\/v2\/comments?post=40125"}],"version-history":[{"count":4,"href":"https:\/\/hookahshop.lt\/lv\/wp-json\/wp\/v2\/product\/40125\/revisions"}],"predecessor-version":[{"id":43328,"href":"https:\/\/hookahshop.lt\/lv\/wp-json\/wp\/v2\/product\/40125\/revisions\/43328"}],"wp:featuredmedia":[{"embeddable":true,"href":"https:\/\/hookahshop.lt\/lv\/wp-json\/wp\/v2\/media\/40132"}],"wp:attachment":[{"href":"https:\/\/hookahshop.lt\/lv\/wp-json\/wp\/v2\/media?parent=40125"}],"curies":[{"name":"wp","href":"https:\/\/api.w.org\/{rel}","templated":true}]}}