{"id":40133,"date":"2024-10-09T22:47:15","date_gmt":"2024-10-09T19:47:15","guid":{"rendered":"https:\/\/hookahshop.lt\/?post_type=product&#038;p=40133"},"modified":"2026-04-14T23:29:44","modified_gmt":"2026-04-14T20:29:44","slug":"taurele-kaljanui-oblako-solo-classic-red-2","status":"publish","type":"product","link":"https:\/\/hookahshop.lt\/lv\/produkt\/kauss-udenspipe-makonis-solo-klasika-sarkans-2\/","title":{"rendered":"B\u013coda \u016bdensp\u012bpei OBLAKO Solo Classic Red"},"content":{"rendered":"<h2>B\u013coda \u016bdensp\u012bpei OBLAKO Solo Classic Red<\/h2>\n<p>Maz\u0101 forma ir optimiz\u0113ta \u012bs\u0101m sesij\u0101m, padarot to par ide\u0101lu izv\u0113li individu\u0101liem ritu\u0101liem. Tom\u0113r, neskatoties uz mazo formu, tikai 5-8 grami tabakas ietilpa Oblaka Solo kr\u016bz\u0113. Tas ir ne tikai ekonomisks, bet ar\u012b nodro\u0161ina 35-45 min\u016b\u0161u sesiju.<\/p>\n<p><strong>Specifik\u0101cijas:<\/strong><br \/>\nAugstums: 5 cm<br \/>\nDiametrs: 6,5 cm<br \/>\nCaurumu skaits: 5 gab.<br \/>\nMateri\u0101ls: m\u0101ls<\/p>\n<p>Vai jums ir k\u0101di jaut\u0101jumi? Sazinies ar mums\u00a0<a href=\"https:\/\/hookahshop.lt\/lv\/kontaktiem\/\">kontaktu lapa<\/a>\u00a0vai rakstiet mums pa e-pastu\u00a0<a href=\"https:\/\/facebook.com\/HookahShop.lt\/\" target=\"_blank\" rel=\"noopener noreferrer\">Facebook konts<\/a>\u00a0un m\u0113s atbild\u0113sim uz j\u016bsu piepras\u012bjumu taj\u0101 pa\u0161\u0101 dien\u0101.<\/p>","protected":false},"excerpt":{"rendered":"<p>\u016adensp\u012bpes b\u013codi\u0146a OBLAKO Solo Classic Red Maz\u0101 forma ir optimiz\u0113ta \u012bs\u0101m sesij\u0101m, padarot to par ide\u0101lu izv\u0113li individu\u0101liem ritu\u0101liem. Tom\u0113r, neskatoties uz mazo formu, Oblak Solo b\u013codi\u0146\u0101 ietilpst tikai 5\u20138 grami tabakas. Tas ir ne tikai ekonomiski, bet ar\u012b nodro\u0161ina 35\u201345 min\u016b\u0161u sesiju. Specifik\u0101cijas: Augstums: 5 cm Diametrs: 6,5 cm Caurumu skaits: 5 gab. Materi\u0101ls: m\u0101ls Vai jums ir k\u0101di jaut\u0101jumi? [\u2026]<\/p>","protected":false},"featured_media":40139,"comment_status":"open","ping_status":"closed","template":"","meta":[],"_links":{"self":[{"href":"https:\/\/hookahshop.lt\/lv\/wp-json\/wp\/v2\/product\/40133"}],"collection":[{"href":"https:\/\/hookahshop.lt\/lv\/wp-json\/wp\/v2\/product"}],"about":[{"href":"https:\/\/hookahshop.lt\/lv\/wp-json\/wp\/v2\/types\/product"}],"replies":[{"embeddable":true,"href":"https:\/\/hookahshop.lt\/lv\/wp-json\/wp\/v2\/comments?post=40133"}],"version-history":[{"count":3,"href":"https:\/\/hookahshop.lt\/lv\/wp-json\/wp\/v2\/product\/40133\/revisions"}],"predecessor-version":[{"id":40186,"href":"https:\/\/hookahshop.lt\/lv\/wp-json\/wp\/v2\/product\/40133\/revisions\/40186"}],"wp:featuredmedia":[{"embeddable":true,"href":"https:\/\/hookahshop.lt\/lv\/wp-json\/wp\/v2\/media\/40139"}],"wp:attachment":[{"href":"https:\/\/hookahshop.lt\/lv\/wp-json\/wp\/v2\/media?parent=40133"}],"curies":[{"name":"wp","href":"https:\/\/api.w.org\/{rel}","templated":true}]}}