{"id":40152,"date":"2024-10-09T23:06:58","date_gmt":"2024-10-09T20:06:58","guid":{"rendered":"https:\/\/hookahshop.lt\/?post_type=product&#038;p=40152"},"modified":"2026-04-14T23:29:44","modified_gmt":"2026-04-14T20:29:44","slug":"taurele-kaljanui-cosmo-turkish-meteora-white","status":"publish","type":"product","link":"https:\/\/hookahshop.lt\/lv\/produkt\/kauss-udenspipe-kosmo-turku-meteora-balts\/","title":{"rendered":"\u016adensp\u012bpes kauss COSMO Turkish Meteora White"},"content":{"rendered":"<h2>\u016adensp\u012bpes kauss COSMO Turkish Meteora White<\/h2>\n<p>Labi izklied\u0113 siltumu, lieliski atkl\u0101j tabakas gar\u0161u. Kr\u016bz\u012bte piem\u0113rota viegl\u0101m, vid\u0113ji sp\u0113c\u012bg\u0101m un sp\u0113c\u012bg\u0101m sesij\u0101m. Univers\u0101ls variants visiem \u016bdensp\u012bpes tabakas veidiem. Kr\u016bz\u012btes dibens nep\u0101rkarst biez\u0101 m\u0101la d\u0113\u013c, t\u0101p\u0113c to ir dro\u0161i un \u0113rti iz\u0146emt p\u0113c \u016bdensp\u012bpes seansa.<br \/>\nKr\u016bz\u012bt\u0113 ir ~ 18-25 g tabakas (atkar\u012bb\u0101 no izmantot\u0101s iepako\u0161anas metodes).<\/p>\n<p><strong>Specifik\u0101cijas:<\/strong><br \/>\nTips: turku<br \/>\nMateri\u0101ls: M\u0101ls<br \/>\nAugstums: ~8,5 cm<br \/>\nDiametrs (\u0101r\u0113jais): ~6,8 cm<\/p>\n<p>&nbsp;<\/p>\n<p>Vai jums ir k\u0101di jaut\u0101jumi? Sazinies ar mums\u00a0<a href=\"https:\/\/hookahshop.lt\/lv\/kontaktiem\/\">kontaktu lapa<\/a>\u00a0vai rakstiet mums pa e-pastu\u00a0<a href=\"https:\/\/facebook.com\/HookahShop.lt\/\" target=\"_blank\" rel=\"noopener\">Facebook konts<\/a>\u00a0un m\u0113s atbild\u0113sim uz j\u016bsu piepras\u012bjumu taj\u0101 pa\u0161\u0101 dien\u0101.<\/p>","protected":false},"excerpt":{"rendered":"<p>\u016adensp\u012bpes kr\u016bz\u012bte COSMO Turkish Meteora White Labi sadala siltumu, lieliski atkl\u0101j tabakas gar\u0161u. Kr\u016bz\u012bte ir piem\u0113rota viegl\u0101m, vid\u0113ji sp\u0113c\u012bg\u0101m un stipr\u0101m \u016bdensp\u012bpes sesij\u0101m. Univers\u0101la iesp\u0113ja visu veidu \u016bdensp\u012bpes tabakai. Kr\u016bz\u012btes apak\u0161da\u013ca nep\u0101rkarst biez\u0101 m\u0101la d\u0113\u013c, t\u0101p\u0113c to ir dro\u0161i un \u0113rti no\u0146emt p\u0113c \u016bdensp\u012bpes sesijas. Kr\u016bz\u012bt\u0113 ietilpst ~ 18-25 g tabakas (atkar\u012bb\u0101 no izmantot\u0101s iepako\u0161anas metodes). Specifik\u0101cijas: Tips: [\u2026]<\/p>","protected":false},"featured_media":40153,"comment_status":"open","ping_status":"closed","template":"","meta":[],"_links":{"self":[{"href":"https:\/\/hookahshop.lt\/lv\/wp-json\/wp\/v2\/product\/40152"}],"collection":[{"href":"https:\/\/hookahshop.lt\/lv\/wp-json\/wp\/v2\/product"}],"about":[{"href":"https:\/\/hookahshop.lt\/lv\/wp-json\/wp\/v2\/types\/product"}],"replies":[{"embeddable":true,"href":"https:\/\/hookahshop.lt\/lv\/wp-json\/wp\/v2\/comments?post=40152"}],"version-history":[{"count":2,"href":"https:\/\/hookahshop.lt\/lv\/wp-json\/wp\/v2\/product\/40152\/revisions"}],"predecessor-version":[{"id":40371,"href":"https:\/\/hookahshop.lt\/lv\/wp-json\/wp\/v2\/product\/40152\/revisions\/40371"}],"wp:featuredmedia":[{"embeddable":true,"href":"https:\/\/hookahshop.lt\/lv\/wp-json\/wp\/v2\/media\/40153"}],"wp:attachment":[{"href":"https:\/\/hookahshop.lt\/lv\/wp-json\/wp\/v2\/media?parent=40152"}],"curies":[{"name":"wp","href":"https:\/\/api.w.org\/{rel}","templated":true}]}}