{"id":40169,"date":"2024-10-09T23:32:56","date_gmt":"2024-10-09T20:32:56","guid":{"rendered":"https:\/\/hookahshop.lt\/?post_type=product&#038;p=40169"},"modified":"2026-04-18T23:29:30","modified_gmt":"2026-04-18T20:29:30","slug":"kaljanas-union-hookah-sleek-black-gold","status":"publish","type":"product","link":"https:\/\/hookahshop.lt\/lv\/produkt\/udenspipe-apvieniba-udenspipe-gluds-melns-zelts\/","title":{"rendered":"\u016adensp\u012bpe UNION HOOKAH gluds melns zelts"},"content":{"rendered":"<h2>\u016adensp\u012bpe UNION HOOKAH gluds melns zelts<\/h2>\n<p>Modelis jau k\u0101du laiku fascin\u0113 ar savu \u012bpa\u0161o dizainu un lieliskaj\u0101m kr\u0101su iesp\u0113j\u0101m! Neatkar\u012bgi no t\u0101, vai tas ir vienk\u0101r\u0161s koka dizains, neparasti lamin\u0101ta dizaini vai \u013coti popul\u0101ri hibr\u012bda dizaini, kas izgatavoti no epoks\u012bda sve\u0137iem un koka, Union Hookah patie\u0161\u0101m pied\u0101v\u0101 kaut ko ikvienam \u016bdensp\u012bpes cien\u012bt\u0101jam!<\/p>\n<p><strong>Specifik\u0101cijas:<\/strong><br \/>\nAugstums: 50cm<br \/>\nV\u0101rpstas diametrs: 1,1 cm<br \/>\nMateri\u0101ls: ner\u016bs\u0113jo\u0161ais t\u0113rauds un koks<\/p>\n<picture><source srcset=\"https:\/\/hookahshop.lt\/wp-content\/webp-express\/webp-images\/uploads\/2020\/09\/stiebas-zarna-kandiklis-1-300x273.jpg.webp 300w, https:\/\/hookahshop.lt\/wp-content\/webp-express\/webp-images\/uploads\/2020\/09\/stiebas-zarna-kandiklis-1-13x12.jpg.webp 13w, https:\/\/hookahshop.lt\/wp-content\/webp-express\/webp-images\/uploads\/2020\/09\/stiebas-zarna-kandiklis-1-64x58.jpg.webp 64w, https:\/\/hookahshop.lt\/wp-content\/webp-express\/webp-images\/uploads\/2020\/09\/stiebas-zarna-kandiklis-1.jpg.webp 420w\" type=\"image\/webp\" sizes=\"(max-width: 300px) 100vw, 300px\" \/><img decoding=\"async\" loading=\"lazy\" class=\"alignnone size-medium wp-image-38521 webpexpress-processed\" title=\"\u016adensp\u012bpe UNION HOOKAH gluds melns sudrabs 1\" src=\"https:\/\/hookahshop.lt\/wp-content\/uploads\/2020\/09\/stiebas-zarna-kandiklis-1-300x273.jpg\" sizes=\"(max-width: 300px) 100vw, 300px\" srcset=\"https:\/\/hookahshop.lt\/wp-content\/uploads\/2020\/09\/stiebas-zarna-kandiklis-1-300x273.jpg 300w, https:\/\/hookahshop.lt\/wp-content\/uploads\/2020\/09\/stiebas-zarna-kandiklis-1-13x12.jpg 13w, https:\/\/hookahshop.lt\/wp-content\/uploads\/2020\/09\/stiebas-zarna-kandiklis-1-64x58.jpg 64w, https:\/\/hookahshop.lt\/wp-content\/uploads\/2020\/09\/stiebas-zarna-kandiklis-1.jpg 420w\" alt=\"k\u0101ta \u0161\u013c\u016btenes iemutnis 1 - hookahshop.lt\" width=\"300\" height=\"273\" \/><\/picture>\n<p>Vai jums ir k\u0101di jaut\u0101jumi? Sazinies ar mums\u00a0<a href=\"https:\/\/hookahshop.lt\/lv\/kontaktiem\/\">kontaktu lapa<\/a>\u00a0vai rakstiet mums pa e-pastu\u00a0<a href=\"https:\/\/facebook.com\/HookahShop.lt\/\" target=\"_blank\" rel=\"noopener noreferrer\">Facebook konts<\/a>\u00a0un m\u0113s atbild\u0113sim uz j\u016bsu piepras\u012bjumu taj\u0101 pa\u0161\u0101 dien\u0101.<\/p>\n<p>&nbsp;<\/p>","protected":false},"excerpt":{"rendered":"<p>UNION HOOKAH Sleek Black Gold \u016bdensp\u012bpe jau labu laiku valdzina ar savu \u012bpa\u0161o dizainu un lieliskaj\u0101m kr\u0101su iesp\u0113j\u0101m! Neatkar\u012bgi no t\u0101, vai tie ir vienk\u0101r\u0161i koka dizaini, neparasti lamin\u0101ta mode\u013ci vai \u013coti popul\u0101rie hibr\u012bddizaini no epoks\u012bdsve\u0137iem un koka, Union Hookah noteikti atrad\u012bsies kaut kas ikvienam \u016bdensp\u012bpes cien\u012bt\u0101jam! Specifik\u0101cijas: Augstums: 50 cm K\u0101ta diametrs: 1,1 cm Materi\u0101ls: Ner\u016bs\u0113jo\u0161ais t\u0113rauds [\u2026]<\/p>","protected":false},"featured_media":40170,"comment_status":"open","ping_status":"closed","template":"","meta":[],"_links":{"self":[{"href":"https:\/\/hookahshop.lt\/lv\/wp-json\/wp\/v2\/product\/40169"}],"collection":[{"href":"https:\/\/hookahshop.lt\/lv\/wp-json\/wp\/v2\/product"}],"about":[{"href":"https:\/\/hookahshop.lt\/lv\/wp-json\/wp\/v2\/types\/product"}],"replies":[{"embeddable":true,"href":"https:\/\/hookahshop.lt\/lv\/wp-json\/wp\/v2\/comments?post=40169"}],"version-history":[{"count":2,"href":"https:\/\/hookahshop.lt\/lv\/wp-json\/wp\/v2\/product\/40169\/revisions"}],"predecessor-version":[{"id":40180,"href":"https:\/\/hookahshop.lt\/lv\/wp-json\/wp\/v2\/product\/40169\/revisions\/40180"}],"wp:featuredmedia":[{"embeddable":true,"href":"https:\/\/hookahshop.lt\/lv\/wp-json\/wp\/v2\/media\/40170"}],"wp:attachment":[{"href":"https:\/\/hookahshop.lt\/lv\/wp-json\/wp\/v2\/media?parent=40169"}],"curies":[{"name":"wp","href":"https:\/\/api.w.org\/{rel}","templated":true}]}}