{"id":40196,"date":"2024-10-11T18:27:21","date_gmt":"2024-10-11T15:27:21","guid":{"rendered":"https:\/\/hookahshop.lt\/?post_type=product&#038;p=40196"},"modified":"2026-04-10T23:29:46","modified_gmt":"2026-04-10T20:29:46","slug":"kaljanas-alpha-hookah-beat-vndl-black","status":"publish","type":"product","link":"https:\/\/hookahshop.lt\/lv\/produkt\/udenspipe-alfa-udenspipe-beat-vndl-black\/","title":{"rendered":"\u016adensp\u012bpe ALPHA HOOKAH Beat VNDL Black"},"content":{"rendered":"<h2>\u016adensp\u012bpe ALPHA HOOKAH Beat VNDL Black<\/h2>\n<p>Ekskluz\u012bvs un dump\u012bgs Alpha Hookah atjaunin\u0101tais modelis Beat VNDL. Jauns Beat \u016bdensp\u012bpes dizains, kas lauz\u012bs ierastos stereotipus.<\/p>\n<p><strong>Specifik\u0101cijas:<\/strong><br \/>\n\u016adensp\u012bpes augstums ar kolbu: 35 cm.<br \/>\nIek\u0161\u0113jais v\u0101rpstas diametrs: 11 mm.<br \/>\nPl\u0101ksnes diametrs: 17 cm.<br \/>\nKr\u0101sa: mat\u0113ta melna<br \/>\nMateri\u0101ls: augstas kvalit\u0101tes ner\u016bs\u0113jo\u0161ais t\u0113rauds<\/p>\n<p><strong>Apr\u012bkojums:<\/strong><br \/>\nV\u0101rpsta<br \/>\nMutes iemutnis<br \/>\nPl\u0101ksne (grav\u0113ta)<br \/>\nSilikona \u0161\u013c\u016btene (m\u012bksts piesk\u0101riens)<br \/>\nDifuzors (regul\u0113jams)<br \/>\nMagn\u0113tiskais savienojums<br \/>\nKolba<\/p>\n<picture><source srcset=\"https:\/\/hookahshop.lt\/wp-content\/webp-express\/webp-images\/uploads\/2020\/09\/stiebas-kolba-zarna-kandiklis-1-300x273.jpg.webp 300w, https:\/\/hookahshop.lt\/wp-content\/webp-express\/webp-images\/uploads\/2020\/09\/stiebas-kolba-zarna-kandiklis-1-13x12.jpg.webp 13w, https:\/\/hookahshop.lt\/wp-content\/webp-express\/webp-images\/uploads\/2020\/09\/stiebas-kolba-zarna-kandiklis-1-64x58.jpg.webp 64w, https:\/\/hookahshop.lt\/wp-content\/webp-express\/webp-images\/uploads\/2020\/09\/stiebas-kolba-zarna-kandiklis-1.jpg.webp 420w\" type=\"image\/webp\" sizes=\"(max-width: 300px) 100vw, 300px\" \/><img decoding=\"async\" loading=\"lazy\" class=\"alignnone size-medium wp-image-38520 webpexpress-processed\" title=\"\u016adensp\u012bpe ALPHA HOOKAH Pieveic vand\u0101lu 1\" src=\"https:\/\/hookahshop.lt\/wp-content\/uploads\/2020\/09\/stiebas-kolba-zarna-kandiklis-1-300x273.jpg\" sizes=\"(max-width: 300px) 100vw, 300px\" srcset=\"https:\/\/hookahshop.lt\/wp-content\/uploads\/2020\/09\/stiebas-kolba-zarna-kandiklis-1-300x273.jpg 300w, https:\/\/hookahshop.lt\/wp-content\/uploads\/2020\/09\/stiebas-kolba-zarna-kandiklis-1-13x12.jpg 13w, https:\/\/hookahshop.lt\/wp-content\/uploads\/2020\/09\/stiebas-kolba-zarna-kandiklis-1-64x58.jpg 64w, https:\/\/hookahshop.lt\/wp-content\/uploads\/2020\/09\/stiebas-kolba-zarna-kandiklis-1.jpg 420w\" alt=\"k\u0101ta kolbas \u0161\u013c\u016btenes iemutnis 1 - hookahshop.lt\" width=\"300\" height=\"273\" \/><\/picture>\n<p>&nbsp;<\/p>\n<p>&nbsp;<\/p>\n<p>Vai jums ir k\u0101di jaut\u0101jumi? Sazinies ar mums\u00a0<a href=\"https:\/\/hookahshop.lt\/lv\/kontaktiem\/\">kontaktu lapa<\/a>\u00a0vai rakstiet mums pa e-pastu\u00a0<a href=\"https:\/\/facebook.com\/HookahShop.lt\/\" target=\"_blank\" rel=\"noopener noreferrer\">Facebook konts<\/a>\u00a0un m\u0113s atbild\u0113sim uz j\u016bsu piepras\u012bjumu taj\u0101 pa\u0161\u0101 dien\u0101.<\/p>\n<p>&nbsp;<\/p>","protected":false},"excerpt":{"rendered":"<p>\u016adensp\u012bpe ALPHA HOOKAH Beat VNDL Black Ekskluz\u012bvs un dump\u012bgs atjaunin\u0101ts modelis Beat VNDL, ko izstr\u0101d\u0101jis uz\u0146\u0113mums Alpha Hookah. Jauns Beat \u016bdensp\u012bpes dizains, kas lauz\u012bs ierastos stereotipus. Specifik\u0101cijas: \u016adensp\u012bpes augstums ar kolbu: 35 cm. Iek\u0161\u0113jais v\u0101rpstas diametrs: 11 mm. Pl\u0101ksnes diametrs: 17 cm. Kr\u0101sa: mat\u0113ta melna Materi\u0101ls: Augstas kvalit\u0101tes ner\u016bs\u0113jo\u0161ais t\u0113rauds Pilns komplekts: V\u0101rpstas uzga\u013ca pl\u0101ksne (grav\u0113ta) Silikona \u0161\u013c\u016btene [\u2026]<\/p>","protected":false},"featured_media":40197,"comment_status":"open","ping_status":"closed","template":"","meta":[],"_links":{"self":[{"href":"https:\/\/hookahshop.lt\/lv\/wp-json\/wp\/v2\/product\/40196"}],"collection":[{"href":"https:\/\/hookahshop.lt\/lv\/wp-json\/wp\/v2\/product"}],"about":[{"href":"https:\/\/hookahshop.lt\/lv\/wp-json\/wp\/v2\/types\/product"}],"replies":[{"embeddable":true,"href":"https:\/\/hookahshop.lt\/lv\/wp-json\/wp\/v2\/comments?post=40196"}],"version-history":[{"count":4,"href":"https:\/\/hookahshop.lt\/lv\/wp-json\/wp\/v2\/product\/40196\/revisions"}],"predecessor-version":[{"id":41096,"href":"https:\/\/hookahshop.lt\/lv\/wp-json\/wp\/v2\/product\/40196\/revisions\/41096"}],"wp:featuredmedia":[{"embeddable":true,"href":"https:\/\/hookahshop.lt\/lv\/wp-json\/wp\/v2\/media\/40197"}],"wp:attachment":[{"href":"https:\/\/hookahshop.lt\/lv\/wp-json\/wp\/v2\/media?parent=40196"}],"curies":[{"name":"wp","href":"https:\/\/api.w.org\/{rel}","templated":true}]}}