{"id":40208,"date":"2024-10-11T19:16:23","date_gmt":"2024-10-11T16:16:23","guid":{"rendered":"https:\/\/hookahshop.lt\/?post_type=product&#038;p=40208"},"modified":"2026-04-03T23:29:54","modified_gmt":"2026-04-03T20:29:54","slug":"taurele-kaljanui-alpha-strike-blue","status":"publish","type":"product","link":"https:\/\/hookahshop.lt\/lv\/produkt\/kauss-udenspipe-alfa-strike-zils\/","title":{"rendered":"Kauss \u016bdensp\u012bpei ALPHA Strike Blue"},"content":{"rendered":"<h2>Kauss \u016bdensp\u012bpei ALPHA Strike Blue<\/h2>\n<p>ALPHA HOOKAH, pla\u0161i paz\u012bstams \u016bdensp\u012bpju un \u016bdensp\u012bpes piederumu ra\u017eot\u0101js, jaunas, ar rok\u0101m darin\u0101tas kr\u016bzes slepkavas form\u0101s. Pateicoties tam, ka nav glaz\u016bras, kr\u016bze \u013cauj v\u0113l prec\u012bz\u0101k un \u0113rt\u0101k kontrol\u0113t siltuma vien\u0101dojumu.<br \/>\nTabakas ietilp\u012bba: 18-25g. (atkar\u012bb\u0101 no izmantot\u0101s iepako\u0161anas metodes un tabakas veida).<\/p>\n<p><strong>Specifik\u0101cija:<\/strong><br \/>\nAugstums: 10 cm<br \/>\nDiametrs: ~75mm<br \/>\nCaurumu skaits: 5 gab<\/p>\n<p><strong>Raksturojums:<\/strong><br \/>\nTips: slepkava<br \/>\nMateri\u0101ls: v\u0101cu keramika.<\/p>\n<p>&nbsp;<\/p>\n<p>Vai jums ir k\u0101di jaut\u0101jumi? Sazinies ar mums\u00a0<a href=\"https:\/\/hookahshop.lt\/lv\/kontaktiem\/\">kontaktu lapa<\/a>\u00a0vai rakstiet mums pa e-pastu\u00a0<a href=\"https:\/\/facebook.com\/HookahShop.lt\/\" target=\"_blank\" rel=\"noopener\">Facebook konts<\/a>\u00a0un m\u0113s atbild\u0113sim uz j\u016bsu piepras\u012bjumu taj\u0101 pa\u0161\u0101 dien\u0101.<\/p>\n<p>&nbsp;<\/p>","protected":false},"excerpt":{"rendered":"<p>\u016adensp\u012bpes kr\u016bz\u012bte ALPHA Strike Blue Jaunas, roku darbs, izcilas formas kr\u016bz\u012btes no paz\u012bstam\u0101 \u016bdensp\u012bpju un to aksesu\u0101ru ra\u017eot\u0101ja ALPHA HOOKAH. Glaz\u016bras neesam\u012bbas d\u0113\u013c kr\u016bz\u012bte \u013cauj v\u0113l prec\u012bz\u0101k un \u0113rt\u0101k kontrol\u0113t karstuma l\u012bmeni. Tabakas tilpums: 18\u201325 g (atkar\u012bb\u0101 no izmantot\u0101s iepako\u0161anas metodes un tabakas veida). Specifik\u0101cija: Augstums: 10 cm Diametrs: ~75 mm Caurumu skaits: 5 gab. Raksturojums: Tips: izcils [\u2026]<\/p>","protected":false},"featured_media":40209,"comment_status":"open","ping_status":"closed","template":"","meta":[],"_links":{"self":[{"href":"https:\/\/hookahshop.lt\/lv\/wp-json\/wp\/v2\/product\/40208"}],"collection":[{"href":"https:\/\/hookahshop.lt\/lv\/wp-json\/wp\/v2\/product"}],"about":[{"href":"https:\/\/hookahshop.lt\/lv\/wp-json\/wp\/v2\/types\/product"}],"replies":[{"embeddable":true,"href":"https:\/\/hookahshop.lt\/lv\/wp-json\/wp\/v2\/comments?post=40208"}],"version-history":[{"count":2,"href":"https:\/\/hookahshop.lt\/lv\/wp-json\/wp\/v2\/product\/40208\/revisions"}],"predecessor-version":[{"id":40212,"href":"https:\/\/hookahshop.lt\/lv\/wp-json\/wp\/v2\/product\/40208\/revisions\/40212"}],"wp:featuredmedia":[{"embeddable":true,"href":"https:\/\/hookahshop.lt\/lv\/wp-json\/wp\/v2\/media\/40209"}],"wp:attachment":[{"href":"https:\/\/hookahshop.lt\/lv\/wp-json\/wp\/v2\/media?parent=40208"}],"curies":[{"name":"wp","href":"https:\/\/api.w.org\/{rel}","templated":true}]}}