{"id":40244,"date":"2024-10-22T17:52:48","date_gmt":"2024-10-22T14:52:48","guid":{"rendered":"https:\/\/hookahshop.lt\/?post_type=product&#038;p=40244"},"modified":"2026-04-15T23:29:37","modified_gmt":"2026-04-15T20:29:37","slug":"duju-balionelis-gas-227g","status":"publish","type":"product","link":"https:\/\/hookahshop.lt\/lv\/produkt\/gazes-pudele-gaze-227g\/","title":{"rendered":"G\u0101zes balons GAS 227g"},"content":{"rendered":"<h2>G\u0101zes balons GAS 227g<\/h2>\n<p>Piem\u0113rots lieto\u0161anai ar g\u0101zes pl\u012bti, lai aizdedzin\u0101tu dab\u012bg\u0101s kokosriekstu ogles \u016bdensp\u012bpei. But\u0101na g\u0101zes balons ar v\u0101rstu. G\u0101zes balons atbilst EN 417 standartam.<br \/>\nLieto\u0161ana: p\u0101rn\u0113s\u0101jam\u0101m g\u0101zes pl\u012bt\u012bm.<br \/>\nSast\u0101vs: but\u0101na prop\u0101na mais\u012bjums (99% but\u0101ns, 1% prop\u0101ns).<\/p>\n<p>&nbsp;<\/p>\n<p>Vai jums ir k\u0101di jaut\u0101jumi? Sazinies ar mums\u00a0<a href=\"https:\/\/hookahshop.lt\/lv\/kontaktiem\/\">kontaktu lapa<\/a>\u00a0vai rakstiet mums pa e-pastu\u00a0<a href=\"https:\/\/facebook.com\/HookahShop.lt\/\" target=\"_blank\" rel=\"noopener noreferrer\">Facebook konts<\/a>\u00a0un m\u0113s atbild\u0113sim uz j\u016bsu piepras\u012bjumu taj\u0101 pa\u0161\u0101 dien\u0101.<\/p>\n<p>&nbsp;<\/p>","protected":false},"excerpt":{"rendered":"<p>G\u0101zes balons GAS 227g Piem\u0113rots lieto\u0161anai ar g\u0101zes pl\u012bti, lai aizdedzin\u0101tu dab\u012bgo kokosriekstu ogli \u016bdensp\u012bpei. But\u0101na g\u0101zes balons ar v\u0101rstu. G\u0101zes balons atbilst EN 417 standartam. Lieto\u0161ana: p\u0101rn\u0113s\u0101jam\u0101m g\u0101zes pl\u012bt\u012bm. Sast\u0101vs: but\u0101na un prop\u0101na mais\u012bjums (99% but\u0101ns, 1% prop\u0101ns). Vai jums ir k\u0101di jaut\u0101jumi? Sazinieties ar mums kontaktlap\u0101 vai rakstiet mums Facebook, un m\u0113s atbild\u0113sim uz j\u016bsu jaut\u0101jumu n\u0101kamaj\u0101 [\u2026]<\/p>","protected":false},"featured_media":40245,"comment_status":"open","ping_status":"closed","template":"","meta":[],"_links":{"self":[{"href":"https:\/\/hookahshop.lt\/lv\/wp-json\/wp\/v2\/product\/40244"}],"collection":[{"href":"https:\/\/hookahshop.lt\/lv\/wp-json\/wp\/v2\/product"}],"about":[{"href":"https:\/\/hookahshop.lt\/lv\/wp-json\/wp\/v2\/types\/product"}],"replies":[{"embeddable":true,"href":"https:\/\/hookahshop.lt\/lv\/wp-json\/wp\/v2\/comments?post=40244"}],"version-history":[{"count":3,"href":"https:\/\/hookahshop.lt\/lv\/wp-json\/wp\/v2\/product\/40244\/revisions"}],"predecessor-version":[{"id":45190,"href":"https:\/\/hookahshop.lt\/lv\/wp-json\/wp\/v2\/product\/40244\/revisions\/45190"}],"wp:featuredmedia":[{"embeddable":true,"href":"https:\/\/hookahshop.lt\/lv\/wp-json\/wp\/v2\/media\/40245"}],"wp:attachment":[{"href":"https:\/\/hookahshop.lt\/lv\/wp-json\/wp\/v2\/media?parent=40244"}],"curies":[{"name":"wp","href":"https:\/\/api.w.org\/{rel}","templated":true}]}}