{"id":40544,"date":"2025-01-02T16:51:04","date_gmt":"2025-01-02T14:51:04","guid":{"rendered":"https:\/\/hookahshop.lt\/?post_type=product&#038;p=40544"},"modified":"2026-04-19T23:30:22","modified_gmt":"2026-04-19T20:30:22","slug":"taurele-kaljanui-art-bar-killer-v1","status":"publish","type":"product","link":"https:\/\/hookahshop.lt\/lv\/produkt\/cup-hookah-art-bar-killer-v1\/","title":{"rendered":"B\u013coda \u016bdensp\u012bpei ART BAR Killer V1"},"content":{"rendered":"<h2>B\u013coda \u016bdensp\u012bpei ART BAR Killer V1<\/h2>\n<p>Izce\u013cas ar unik\u0101lu un vintage iedvesmotu dizainu. Tam ir rakstur\u012bgas t\u012bras, asas virsmas l\u012bnijas, kas nodro\u0161ina gan stilu, gan funkcionalit\u0101ti. Slepkavas kausa forma ir piem\u0113rota stiprai tabakai.<\/p>\n<p>Tabakas ietilp\u012bba: 15-20g. (atkar\u012bb\u0101 no izmantot\u0101s iepako\u0161anas metodes un tabakas veida).<\/p>\n<p><strong>Specifik\u0101cija:<\/strong><br \/>\nAugstums: 11,8 cm<br \/>\n\u0100r\u0113jais diametrs: 6 cm<br \/>\nIek\u0161\u0113jais diametrs: 5,5 cm<br \/>\nDzi\u013cums: 2cm<br \/>\nCauruma diametrs: 1 cm<br \/>\nCaurumu skaits: 4<\/p>\n<p><strong>Raksturojums:<\/strong><br \/>\nTips: slepkava<br \/>\nMateri\u0101ls: m\u0101ls<\/p>\n<p>Vai jums ir k\u0101di jaut\u0101jumi? Sazinies ar mums\u00a0<a href=\"https:\/\/hookahshop.lt\/lv\/kontaktiem\/\">kontaktu lapa<\/a>\u00a0vai rakstiet mums pa e-pastu\u00a0<a href=\"https:\/\/facebook.com\/HookahShop.lt\/\" target=\"_blank\" rel=\"noopener\">Facebook konts<\/a>\u00a0un m\u0113s atbild\u0113sim uz j\u016bsu piepras\u012bjumu taj\u0101 pa\u0161\u0101 dien\u0101.<\/p>","protected":false},"excerpt":{"rendered":"<p>\u016adensp\u012bpes kr\u016bz\u012bte ART BAR Killer V1 izce\u013cas ar savu unik\u0101lo un vintage iedvesmoto dizainu. Tai ir rakstur\u012bgas t\u012bras, asas virsmas l\u012bnijas, kas nodro\u0161ina gan stilu, gan funkcionalit\u0101ti. Killer kr\u016bz\u012btes forma ir piem\u0113rota stiprai tabakai. Tabakas tilpums: 15-20 g. (atkar\u012bb\u0101 no iepako\u0161anas metodes un izmantot\u0101s tabakas veida). Specifik\u0101cija: Augstums: 11,8 cm \u0100r\u0113jais diametrs: 6 cm Iek\u0161\u0113jais diametrs: 5,5 cm Dzi\u013cums: 2 cm Cauruma diametrs: 1 cm [\u2026]<\/p>","protected":false},"featured_media":40671,"comment_status":"open","ping_status":"closed","template":"","meta":[],"_links":{"self":[{"href":"https:\/\/hookahshop.lt\/lv\/wp-json\/wp\/v2\/product\/40544"}],"collection":[{"href":"https:\/\/hookahshop.lt\/lv\/wp-json\/wp\/v2\/product"}],"about":[{"href":"https:\/\/hookahshop.lt\/lv\/wp-json\/wp\/v2\/types\/product"}],"replies":[{"embeddable":true,"href":"https:\/\/hookahshop.lt\/lv\/wp-json\/wp\/v2\/comments?post=40544"}],"version-history":[{"count":3,"href":"https:\/\/hookahshop.lt\/lv\/wp-json\/wp\/v2\/product\/40544\/revisions"}],"predecessor-version":[{"id":44372,"href":"https:\/\/hookahshop.lt\/lv\/wp-json\/wp\/v2\/product\/40544\/revisions\/44372"}],"wp:featuredmedia":[{"embeddable":true,"href":"https:\/\/hookahshop.lt\/lv\/wp-json\/wp\/v2\/media\/40671"}],"wp:attachment":[{"href":"https:\/\/hookahshop.lt\/lv\/wp-json\/wp\/v2\/media?parent=40544"}],"curies":[{"name":"wp","href":"https:\/\/api.w.org\/{rel}","templated":true}]}}