{"id":40555,"date":"2025-01-02T19:20:01","date_gmt":"2025-01-02T17:20:01","guid":{"rendered":"https:\/\/hookahshop.lt\/?post_type=product&#038;p=40555"},"modified":"2026-04-17T23:29:59","modified_gmt":"2026-04-17T20:29:59","slug":"taurele-kaljanui-art-bar-bacha","status":"publish","type":"product","link":"https:\/\/hookahshop.lt\/lv\/produkt\/kauss-for-udenspipe-art-bar-bacha\/","title":{"rendered":"B\u013coda \u016bdensp\u012bpei ART BAR Bacha"},"content":{"rendered":"<h2>B\u013coda \u016bdensp\u012bpei ART BAR Bacha<\/h2>\n<p>Izce\u013cas ar unik\u0101lu un vintage iedvesmotu dizainu. Tam ir rakstur\u012bgas t\u012bras, asas virsmas l\u012bnijas, kas nodro\u0161ina gan stilu, gan funkcionalit\u0101ti. Bacha kr\u016bzes forma ir piem\u0113rota visu veidu tabakai.<strong> Vislab\u0101k lietot kop\u0101 ar foliju!<\/strong><br \/>\nTas uzsilst vienm\u0113r\u012bgi, \u013coti labi saglab\u0101 siltumu un gandr\u012bz neiesp\u0113jami p\u0101rkarst.<br \/>\nTabakas ietilp\u012bba: 15-18g. (atkar\u012bb\u0101 no izmantot\u0101s iepako\u0161anas metodes un tabakas veida).<\/p>\n<p><strong>Specifik\u0101cija:<\/strong><br \/>\nAugstums: 10,5 cm<br \/>\n\u0100r\u0113jais diametrs: 7 cm<br \/>\nIek\u0161\u0113jais diametrs: 6 cm<br \/>\nDzi\u013cums: 1,7 cm<br \/>\nCauruma diametrs: 1 cm<br \/>\nCaurumu skaits: 4<br \/>\nSvars: ~ 205g.<\/p>\n<p><strong>Raksturojums:<\/strong><br \/>\nTips: klasisks<br \/>\nMateri\u0101ls: m\u0101ls<\/p>\n<p>Vai jums ir k\u0101di jaut\u0101jumi? Sazinies ar mums\u00a0<a href=\"https:\/\/hookahshop.lt\/lv\/kontaktiem\/\">kontaktu lapa<\/a>\u00a0vai rakstiet mums pa e-pastu\u00a0<a href=\"https:\/\/facebook.com\/HookahShop.lt\/\" target=\"_blank\" rel=\"noopener\">Facebook konts<\/a>\u00a0un m\u0113s atbild\u0113sim uz j\u016bsu piepras\u012bjumu taj\u0101 pa\u0161\u0101 dien\u0101.<\/p>","protected":false},"excerpt":{"rendered":"<p>\u016adensp\u012bpes kr\u016bz\u012bte ART BAR Bacha izce\u013cas ar savu unik\u0101lo un vintage iedvesmoto dizainu. Tai ir rakstur\u012bgas t\u012bras, asas virsmas l\u012bnijas, kas nodro\u0161ina gan stilu, gan funkcionalit\u0101ti. Bacha kr\u016bz\u012btes forma ir piem\u0113rota visu veidu tabakai. Vislab\u0101k lietot ar foliju! T\u0101 vienm\u0113r\u012bgi uzsilst, \u013coti labi saglab\u0101 siltumu un to gandr\u012bz nav iesp\u0113jams p\u0101rkarst. Tabakas tilpums: 15\u201318 g. (atkar\u012bb\u0101 no izmantot\u0101s iepako\u0161anas metodes un tabakas [\u2026]<\/p>","protected":false},"featured_media":40688,"comment_status":"open","ping_status":"closed","template":"","meta":[],"_links":{"self":[{"href":"https:\/\/hookahshop.lt\/lv\/wp-json\/wp\/v2\/product\/40555"}],"collection":[{"href":"https:\/\/hookahshop.lt\/lv\/wp-json\/wp\/v2\/product"}],"about":[{"href":"https:\/\/hookahshop.lt\/lv\/wp-json\/wp\/v2\/types\/product"}],"replies":[{"embeddable":true,"href":"https:\/\/hookahshop.lt\/lv\/wp-json\/wp\/v2\/comments?post=40555"}],"version-history":[{"count":6,"href":"https:\/\/hookahshop.lt\/lv\/wp-json\/wp\/v2\/product\/40555\/revisions"}],"predecessor-version":[{"id":43400,"href":"https:\/\/hookahshop.lt\/lv\/wp-json\/wp\/v2\/product\/40555\/revisions\/43400"}],"wp:featuredmedia":[{"embeddable":true,"href":"https:\/\/hookahshop.lt\/lv\/wp-json\/wp\/v2\/media\/40688"}],"wp:attachment":[{"href":"https:\/\/hookahshop.lt\/lv\/wp-json\/wp\/v2\/media?parent=40555"}],"curies":[{"name":"wp","href":"https:\/\/api.w.org\/{rel}","templated":true}]}}