{"id":40585,"date":"2025-01-02T19:40:31","date_gmt":"2025-01-02T17:40:31","guid":{"rendered":"https:\/\/hookahshop.lt\/?post_type=product&#038;p=40585"},"modified":"2026-04-15T23:29:37","modified_gmt":"2026-04-15T20:29:37","slug":"taurele-kaljanui-art-bar-phunnel-king","status":"publish","type":"product","link":"https:\/\/hookahshop.lt\/lv\/produkt\/stikls-for-udenspipe-art-bar-piltuves-karalis\/","title":{"rendered":"B\u013coda \u016bdensp\u012bpei ART BAR Phunnel King"},"content":{"rendered":"<h2>B\u013coda \u016bdensp\u012bpei ART BAR Phunnel King<\/h2>\n<p>Izce\u013cas ar unik\u0101lu un vintage iedvesmotu dizainu. Tam ir rakstur\u012bgas t\u012bras, asas virsmas l\u012bnijas, kas nodro\u0161ina gan stilu, gan funkcionalit\u0101ti. Phunnel kr\u016bzes forma ir piem\u0113rota visu veidu tabakai.<br \/>\nTabakas ietilp\u012bba: 15-17g. (atkar\u012bb\u0101 no izmantot\u0101s iepako\u0161anas metodes un tabakas veida).<\/p>\n<p><strong>Specifik\u0101cija:<\/strong><br \/>\nAugstums: 10,5 cm<br \/>\n\u0100r\u0113jais diametrs: 7,2 cm<br \/>\nIek\u0161\u0113jais diametrs: 6 cm<br \/>\nDzi\u013cums: 1,7 cm<br \/>\nCauruma diametrs: 1 cm<br \/>\nUrbumu skaits: 1<br \/>\nSvars: ~205g.<\/p>\n<p><strong>Raksturojums:<\/strong><br \/>\nSuga: phennel<br \/>\nMateri\u0101ls: m\u0101ls<\/p>\n<p>Vai jums ir k\u0101di jaut\u0101jumi? Sazinies ar mums\u00a0<a href=\"https:\/\/hookahshop.lt\/lv\/kontaktiem\/\">kontaktu lapa<\/a>\u00a0vai rakstiet mums pa e-pastu\u00a0<a href=\"https:\/\/facebook.com\/HookahShop.lt\/\" target=\"_blank\" rel=\"noopener\">Facebook konts<\/a>\u00a0un m\u0113s atbild\u0113sim uz j\u016bsu piepras\u012bjumu taj\u0101 pa\u0161\u0101 dien\u0101.<\/p>","protected":false},"excerpt":{"rendered":"<p>\u016adensp\u012bpes kr\u016bz\u012bte ART BAR Phunnel King izce\u013cas ar savu unik\u0101lo un vintage iedvesmoto dizainu. Tai ir rakstur\u012bgas t\u012bras, asas virsmas l\u012bnijas, kas nodro\u0161ina gan stilu, gan funkcionalit\u0101ti. Phunnel kr\u016bz\u012btes forma ir piem\u0113rota visu veidu tabakai. Tabakas ietilp\u012bba: 15\u201317 g (atkar\u012bb\u0101 no izmantot\u0101s iepako\u0161anas metodes un tabakas veida). Specifik\u0101cija: Augstums: 10,5 cm \u0100r\u0113jais diametrs: 7,2 cm Iek\u0161\u0113jais diametrs: 6 cm Dzi\u013cums: 1,7 cm Cauruma diametrs: [\u2026]<\/p>","protected":false},"featured_media":40702,"comment_status":"open","ping_status":"closed","template":"","meta":[],"_links":{"self":[{"href":"https:\/\/hookahshop.lt\/lv\/wp-json\/wp\/v2\/product\/40585"}],"collection":[{"href":"https:\/\/hookahshop.lt\/lv\/wp-json\/wp\/v2\/product"}],"about":[{"href":"https:\/\/hookahshop.lt\/lv\/wp-json\/wp\/v2\/types\/product"}],"replies":[{"embeddable":true,"href":"https:\/\/hookahshop.lt\/lv\/wp-json\/wp\/v2\/comments?post=40585"}],"version-history":[{"count":3,"href":"https:\/\/hookahshop.lt\/lv\/wp-json\/wp\/v2\/product\/40585\/revisions"}],"predecessor-version":[{"id":40701,"href":"https:\/\/hookahshop.lt\/lv\/wp-json\/wp\/v2\/product\/40585\/revisions\/40701"}],"wp:featuredmedia":[{"embeddable":true,"href":"https:\/\/hookahshop.lt\/lv\/wp-json\/wp\/v2\/media\/40702"}],"wp:attachment":[{"href":"https:\/\/hookahshop.lt\/lv\/wp-json\/wp\/v2\/media?parent=40585"}],"curies":[{"name":"wp","href":"https:\/\/api.w.org\/{rel}","templated":true}]}}