{"id":40719,"date":"2025-01-04T01:40:39","date_gmt":"2025-01-03T23:40:39","guid":{"rendered":"https:\/\/hookahshop.lt\/?post_type=product&#038;p=40719"},"modified":"2026-04-14T23:29:44","modified_gmt":"2026-04-14T20:29:44","slug":"kaitlente-kaljano-anglims-jookah-big","status":"publish","type":"product","link":"https:\/\/hookahshop.lt\/lv\/produkt\/plits-udenspipe-ogles-jookah-liels\/","title":{"rendered":"Pl\u012bts virsma \u016bdensp\u012bpes ogl\u0113m JOOKAH Liela"},"content":{"rendered":"<h2>Pl\u012bts virsma \u016bdensp\u012bpes ogl\u0113m JOOKAH Liela<\/h2>\n<div class=\"product_inf_options_box_odd_row_val\">Tas ir neliels karstais katls ar aizsargre\u017e\u0123i dabisko kokosriekstu og\u013cu sild\u012b\u0161anai. Ogles dro\u0161i atrad\u012bsies uz kokog\u013cu re\u017e\u0123a un aizsarg\u0101s sildelementu. Tas nodro\u0161ina og\u013cu \u0161\u0137iltavas kalpo\u0161anas laiku.<\/div>\n<div><\/div>\n<div class=\"product_inf_options_box_odd_row_val\"><strong>Specifik\u0101cija:<\/strong><br \/>\nIetilp\u012bba: l\u012bdz 10 \u016bdensp\u012bpes ogl\u0113m (26x26x26mm)<br \/>\nJauda: 1000W<br \/>\nStr\u0101vas vads: 1 m.<\/div>\n<div class=\"product_inf_options_box_odd_row_val\">Temperat\u016bra: regul\u0113jama<br \/>\nDro\u0161\u012bba: Aizsardz\u012bba pret p\u0101rkar\u0161anu, CE p\u0101rbaud\u012bta<\/p>\n<div>Og\u013cu sild\u012b\u0161anas laiks: ~10min.<\/div>\n<div><\/div>\n<div>Vai jums ir k\u0101di jaut\u0101jumi? Sazinies ar mums\u00a0<a href=\"https:\/\/hookahshop.lt\/lv\/kontaktiem\/\">kontaktu lapa<\/a>\u00a0vai rakstiet mums pa e-pastu\u00a0<a href=\"https:\/\/facebook.com\/HookahShop.lt\/\" target=\"_blank\" rel=\"noopener noreferrer\">Facebook konts<\/a>\u00a0un m\u0113s atbild\u0113sim uz j\u016bsu piepras\u012bjumu taj\u0101 pa\u0161\u0101 dien\u0101.<\/div>\n<\/div>","protected":false},"excerpt":{"rendered":"<p>\u016adensp\u012bpes og\u013cu sild\u012b\u0161anas pl\u012bts JOOKAH Big \u0160\u012b ir neliela sild\u012b\u0161anas pl\u012bts ar aizsargre\u017e\u0123i dab\u012bgo kokosriekstu og\u013cu sild\u012b\u0161anai. Ogles dro\u0161i atrad\u012bsies uz og\u013cu restes un pasarg\u0101s sildelementu. Tas nodro\u0161ina og\u013cu \u0161\u0137iltavas kalpo\u0161anas laiku. Specifik\u0101cija: Ietilp\u012bba: l\u012bdz 10 \u016bdensp\u012bpes ogl\u0113m (26x26x26mm) Jauda: 1000W Baro\u0161anas vads: 1 m. Temperat\u016bra: regul\u0113jama Dro\u0161\u012bba: Aizsardz\u012bba pret p\u0101rkar\u0161anu, CE test\u0113ts Og\u013cu sild\u012b\u0161anas [\u2026]<\/p>","protected":false},"featured_media":40720,"comment_status":"open","ping_status":"closed","template":"","meta":[],"_links":{"self":[{"href":"https:\/\/hookahshop.lt\/lv\/wp-json\/wp\/v2\/product\/40719"}],"collection":[{"href":"https:\/\/hookahshop.lt\/lv\/wp-json\/wp\/v2\/product"}],"about":[{"href":"https:\/\/hookahshop.lt\/lv\/wp-json\/wp\/v2\/types\/product"}],"replies":[{"embeddable":true,"href":"https:\/\/hookahshop.lt\/lv\/wp-json\/wp\/v2\/comments?post=40719"}],"version-history":[{"count":4,"href":"https:\/\/hookahshop.lt\/lv\/wp-json\/wp\/v2\/product\/40719\/revisions"}],"predecessor-version":[{"id":42144,"href":"https:\/\/hookahshop.lt\/lv\/wp-json\/wp\/v2\/product\/40719\/revisions\/42144"}],"wp:featuredmedia":[{"embeddable":true,"href":"https:\/\/hookahshop.lt\/lv\/wp-json\/wp\/v2\/media\/40720"}],"wp:attachment":[{"href":"https:\/\/hookahshop.lt\/lv\/wp-json\/wp\/v2\/media?parent=40719"}],"curies":[{"name":"wp","href":"https:\/\/api.w.org\/{rel}","templated":true}]}}