{"id":40729,"date":"2025-01-04T12:47:04","date_gmt":"2025-01-04T10:47:04","guid":{"rendered":"https:\/\/hookahshop.lt\/?post_type=product&#038;p=40729"},"modified":"2026-04-17T23:29:59","modified_gmt":"2026-04-17T20:29:59","slug":"taurele-kaljanui-kong-godzilla-light","status":"publish","type":"product","link":"https:\/\/hookahshop.lt\/lv\/produkt\/udenspipe-stikls-kong-godzilla-gaisma\/","title":{"rendered":"B\u013coda \u016bdensp\u012bpei KONG Godzilla Light"},"content":{"rendered":"<h2>B\u013coda \u016bdensp\u012bpei KONG Godzilla Light<\/h2>\n<p>Kr\u016bze sp\u012bd tums\u0101. Kr\u016bz\u012btei ir ekskluz\u012bvs dizains ar Kong Godzilla att\u0113lu. Tur ir visu briesmo\u0146u karalis. K\u016bpinot, d\u016bmi n\u0101k no kr\u016bzes deguna un mutes, radot iespaidu, ka KONG Godzilla atbr\u012bvos spilgtu liesmu! Pa\u0146emiet KONG Godzilla kr\u016bz\u012bti sav\u0101 kolekcij\u0101, ekskluz\u012bv\u0101 kr\u016bze iepriecin\u0101s katru reizi, kad sm\u0113\u0137\u0113siet. Tabakas tase satur apm\u0113ram 17 - 20 g.<\/p>\n<p><strong>Specifik\u0101cijas:<\/strong><br \/>\nAugstums: 11,3 cm<br \/>\nDiametrs (\u0101r\u0113jais): 7,6 cm<br \/>\nDiametrs (iek\u0161\u0113jais): 6,3 cm<br \/>\nDzi\u013cums: 1,6 cm<br \/>\nCauruma diametrs: 8 cm<br \/>\nUrbumu skaits: 5<br \/>\nSvars: apm\u0113ram 625 g.<\/p>\n<p>Vai jums ir k\u0101di jaut\u0101jumi? Sazinies ar mums\u00a0<a href=\"https:\/\/hookahshop.lt\/lv\/kontaktiem\/\">kontaktu lapa<\/a>\u00a0vai rakstiet mums pa e-pastu\u00a0<a href=\"https:\/\/facebook.com\/HookahShop.lt\/\" target=\"_blank\" rel=\"noopener noreferrer\">Facebook konts<\/a>\u00a0un m\u0113s atbild\u0113sim uz j\u016bsu piepras\u012bjumu taj\u0101 pa\u0161\u0101 dien\u0101.<\/p>","protected":false},"excerpt":{"rendered":"<p>\u016adensp\u012bpes kr\u016bz\u012bte KONG Godzilla Light Kr\u016bz\u012bte, kas sp\u012bd tums\u0101. Kr\u016bz\u012btei ir unik\u0101ls dizains ar Kong Godzilla att\u0113lu. Vi\u0146\u0161 ir visu briesmo\u0146u karalis. Sm\u0113\u0137\u0113jot, no kr\u016bz\u012btes deguna un mutes n\u0101k d\u016bmi, radot iespaidu, ka KONG Godzilla t\u016bl\u012bt atbr\u012bvos spo\u017eu liesmu! Pa\u0146emiet KONG Godzilla kr\u016bz\u012bti sav\u0101 kolekcij\u0101, unik\u0101l\u0101 kr\u016bz\u012bte j\u016bs iepriecin\u0101s katru reizi, kad sm\u0113\u0137\u0113siet. Kr\u016bz\u012bt\u0113 ietilpst aptuveni 17 \u2013 [\u2026]<\/p>","protected":false},"featured_media":40730,"comment_status":"open","ping_status":"closed","template":"","meta":[],"_links":{"self":[{"href":"https:\/\/hookahshop.lt\/lv\/wp-json\/wp\/v2\/product\/40729"}],"collection":[{"href":"https:\/\/hookahshop.lt\/lv\/wp-json\/wp\/v2\/product"}],"about":[{"href":"https:\/\/hookahshop.lt\/lv\/wp-json\/wp\/v2\/types\/product"}],"replies":[{"embeddable":true,"href":"https:\/\/hookahshop.lt\/lv\/wp-json\/wp\/v2\/comments?post=40729"}],"version-history":[{"count":2,"href":"https:\/\/hookahshop.lt\/lv\/wp-json\/wp\/v2\/product\/40729\/revisions"}],"predecessor-version":[{"id":40732,"href":"https:\/\/hookahshop.lt\/lv\/wp-json\/wp\/v2\/product\/40729\/revisions\/40732"}],"wp:featuredmedia":[{"embeddable":true,"href":"https:\/\/hookahshop.lt\/lv\/wp-json\/wp\/v2\/media\/40730"}],"wp:attachment":[{"href":"https:\/\/hookahshop.lt\/lv\/wp-json\/wp\/v2\/media?parent=40729"}],"curies":[{"name":"wp","href":"https:\/\/api.w.org\/{rel}","templated":true}]}}