{"id":40743,"date":"2025-01-04T16:54:29","date_gmt":"2025-01-04T14:54:29","guid":{"rendered":"https:\/\/hookahshop.lt\/?post_type=product&#038;p=40743"},"modified":"2026-04-16T10:21:42","modified_gmt":"2026-04-16T07:21:42","slug":"kaljanas-alpha-hookah-x-fakes-black-matte","status":"publish","type":"product","link":"https:\/\/hookahshop.lt\/lv\/produkt\/udenspipe-alfa-udenspipe-x-fakes-melns-matets\/","title":{"rendered":"\u016adensp\u012bpe ALPHA HOOKAH X Fakes melns mat\u0113ts"},"content":{"rendered":"<h2>\u016adensp\u012bpe ALPHA HOOKAH X Fakes melns mat\u0113ts<\/h2>\n<p>\u016adensp\u012bpes elementi ir kr\u0101soti ar iztur\u012bgu pulverkr\u0101su un saglab\u0101s savu izskatu ilgu laiku. Pateicoties anod\u0113\u0161anas procesam, \u016bdensp\u012bpe neoksid\u0113jas, kas ar\u012b pagarin\u0101s t\u0101s funkcionalit\u0101ti. Dizaineru izstr\u0101d\u0101ta, izgatavota no kvalitat\u012bviem materi\u0101liem, tai piem\u012bt izcilas k\u016bpin\u0101\u0161anas \u012bpa\u0161\u012bbas. Stil\u012bga \u016bdensp\u012bpe b\u016bs interjera dekor\u0101cija un lieliska d\u0101vana.<\/p>\n<p><strong>Raksturojums:<\/strong><br \/>\nSvars: apm\u0113ram 1320 g<br \/>\nAugstums: 42 cm<br \/>\nV\u0101rpsta: ner\u016bs\u0113jo\u0161ais t\u0113rauds<br \/>\n\u0100rpuse: anod\u0113ts alum\u012bnijs<br \/>\nPamata materi\u0101ls: plastmasa<br \/>\nDifuzors: no\u0146emams ar v\u012btni<br \/>\nMutes uzgalis: anod\u0113ts ar alum\u012bniju p\u0101rkl\u0101ts ner\u016bs\u0113jo\u0161ais t\u0113rauds<br \/>\n\u0160\u013c\u016btene: m\u012bksts piesk\u0101riens<br \/>\n\u0160\u013c\u016btenes savienot\u0101js: magn\u0113tisks<\/p>\n<p><strong>Apr\u012bkojums:<\/strong><br \/>\nV\u0101rpsta, pl\u0101ksne, \u0161\u013c\u016btene ar iemuti, bl\u012bves.<\/p>\n<p><img decoding=\"async\" loading=\"lazy\" class=\"alignnone size-medium wp-image-38521\" src=\"https:\/\/hookahshop.lt\/wp-content\/uploads\/2020\/09\/stiebas-zarna-kandiklis-1-300x273.jpg\" alt=\"- hookahshop.lt\" width=\"300\" height=\"273\" srcset=\"https:\/\/hookahshop.lt\/wp-content\/uploads\/2020\/09\/stiebas-zarna-kandiklis-1-300x273.jpg 300w, https:\/\/hookahshop.lt\/wp-content\/uploads\/2020\/09\/stiebas-zarna-kandiklis-1-13x12.jpg 13w, https:\/\/hookahshop.lt\/wp-content\/uploads\/2020\/09\/stiebas-zarna-kandiklis-1-64x58.jpg 64w, https:\/\/hookahshop.lt\/wp-content\/uploads\/2020\/09\/stiebas-zarna-kandiklis-1.jpg 420w\" sizes=\"(max-width: 300px) 100vw, 300px\" title=\"\"><\/p>\n<p>Vai jums ir k\u0101di jaut\u0101jumi? Sazinies ar mums<a href=\"https:\/\/hookahshop.lt\/lv\/kontaktiem\/\"> kontaktu lapa<\/a> vai rakstiet mums pa e-pastu<a href=\"https:\/\/facebook.com\/HookahShop.lt\/\" target=\"_blank\" rel=\"noopener\"> Facebook konts<\/a> un m\u0113s atbild\u0113sim uz j\u016bsu piepras\u012bjumu taj\u0101 pa\u0161\u0101 dien\u0101.<\/p>","protected":false},"excerpt":{"rendered":"<p>\u016adensp\u012bpe ALPHA HOOKAH X Fakes Black Matte \u016adensp\u012bpes elementi ir kr\u0101soti ar iztur\u012bgu pulverkr\u0101su un ilgi saglab\u0101s savu izskatu. Pateicoties anod\u0113\u0161anas procesam, \u016bdensp\u012bpe neoksid\u0113jas, kas ar\u012b pagarin\u0101s t\u0101s funkcionalit\u0101ti. Dizaineru rad\u012bta, izgatavota no kvalitat\u012bviem materi\u0101liem, tai ir lieliskas sm\u0113\u0137\u0113\u0161anas \u012bpa\u0161\u012bbas. Stil\u012bga \u016bdensp\u012bpe b\u016bs gan interjera dekor\u0101cija, gan lieliska d\u0101vana. Raksturojums: Svars: aptuveni 1320 g Augstums: 42 cm K\u0101ts: [\u2026]<\/p>","protected":false},"featured_media":40746,"comment_status":"open","ping_status":"closed","template":"","meta":[],"_links":{"self":[{"href":"https:\/\/hookahshop.lt\/lv\/wp-json\/wp\/v2\/product\/40743"}],"collection":[{"href":"https:\/\/hookahshop.lt\/lv\/wp-json\/wp\/v2\/product"}],"about":[{"href":"https:\/\/hookahshop.lt\/lv\/wp-json\/wp\/v2\/types\/product"}],"replies":[{"embeddable":true,"href":"https:\/\/hookahshop.lt\/lv\/wp-json\/wp\/v2\/comments?post=40743"}],"version-history":[{"count":4,"href":"https:\/\/hookahshop.lt\/lv\/wp-json\/wp\/v2\/product\/40743\/revisions"}],"predecessor-version":[{"id":43061,"href":"https:\/\/hookahshop.lt\/lv\/wp-json\/wp\/v2\/product\/40743\/revisions\/43061"}],"wp:featuredmedia":[{"embeddable":true,"href":"https:\/\/hookahshop.lt\/lv\/wp-json\/wp\/v2\/media\/40746"}],"wp:attachment":[{"href":"https:\/\/hookahshop.lt\/lv\/wp-json\/wp\/v2\/media?parent=40743"}],"curies":[{"name":"wp","href":"https:\/\/api.w.org\/{rel}","templated":true}]}}