{"id":40751,"date":"2025-01-04T17:36:22","date_gmt":"2025-01-04T15:36:22","guid":{"rendered":"https:\/\/hookahshop.lt\/?post_type=product&#038;p=40751"},"modified":"2026-04-16T10:21:42","modified_gmt":"2026-04-16T07:21:42","slug":"taurele-kaljanui-alpha-hookah-turkish-rock","status":"publish","type":"product","link":"https:\/\/hookahshop.lt\/lv\/produkt\/kauss-udenspipe-alfa-udenspipe-turku-roks\/","title":{"rendered":"B\u013coda \u016bdensp\u012bpei ALPHA HOOKAH Turkish Rock"},"content":{"rendered":"<h2>B\u013coda \u016bdensp\u012bpei ALPHA HOOKAH Turkish Rock<\/h2>\n<p>Paz\u012bstamajam \u016bdensp\u012bpju un \u016bdensp\u012bpes piederumu ra\u017eot\u0101jam ALPHA HOOKAH ir jaunas, ar rok\u0101m darin\u0101tas kr\u016bz\u012btes ar univers\u0101l\u0101m m\u0101ksliniecisk\u0101m tekst\u016br\u0101m. Pateicoties t\u0101 augstajam bl\u012bvumam un svaram, tas \u013coti vienm\u0113r\u012bgi sadala siltumu \u016bdensp\u012bpes sesijas laik\u0101. Kr\u016bz\u012bte ir piem\u0113rota visu veidu tabakai.<br \/>\nTabakas ietilp\u012bba: 18-25g. (atkar\u012bb\u0101 no izmantot\u0101s iepako\u0161anas metodes un tabakas veida).<\/p>\n<p><strong>Specifik\u0101cija:<\/strong><br \/>\nAugstums: 6,5 cm<br \/>\nPlatums: 7,5 cm<br \/>\nTilpums: 18-25 g<br \/>\nCauruma diametrs: 8 cm<br \/>\nUrbumu skaits: 5<br \/>\nSvars: ~ 450g<\/p>\n<p><strong>Raksturojums:<\/strong><br \/>\nForma: turku<br \/>\nMateri\u0101ls: m\u0101ls, porcel\u0101ns<\/p>\n<p>Vai jums ir k\u0101di jaut\u0101jumi? Sazinies ar mums<a href=\"https:\/\/hookahshop.lt\/lv\/kontaktiem\/\">\u00a0kontaktu lapa<\/a>\u00a0vai rakstiet mums pa e-pastu<a href=\"https:\/\/facebook.com\/HookahShop.lt\/\" target=\"_blank\" rel=\"noopener\">\u00a0Facebook konts<\/a>\u00a0un m\u0113s atbild\u0113sim uz j\u016bsu piepras\u012bjumu taj\u0101 pa\u0161\u0101 dien\u0101.<\/p>","protected":false},"excerpt":{"rendered":"<p>\u016adensp\u012bpes kr\u016bz\u012bte ALPHA HOOKAH Turkish Rock Jaunas, roku darbs kr\u016bz\u012btes ar univers\u0101lu m\u0101ksliniecisku tekst\u016bru no paz\u012bstam\u0101 \u016bdensp\u012bpju un \u016bdensp\u012bpju aksesu\u0101ru ra\u017eot\u0101ja ALPHA HOOKAH. Pateicoties augstajam bl\u012bvumam un svaram, t\u0101s \u013coti vienm\u0113r\u012bgi sadala siltumu \u016bdensp\u012bpes seansa laik\u0101. Kr\u016bz\u012bte ir piem\u0113rota visu veidu tabakai. Tabakas tilpums: 18-25 g. (atkar\u012bb\u0101 no izmantot\u0101s iepako\u0161anas metodes un tabakas veida). Specifik\u0101cija: Augstums: 6,5 cm Platums: [\u2026]<\/p>","protected":false},"featured_media":40758,"comment_status":"open","ping_status":"closed","template":"","meta":[],"_links":{"self":[{"href":"https:\/\/hookahshop.lt\/lv\/wp-json\/wp\/v2\/product\/40751"}],"collection":[{"href":"https:\/\/hookahshop.lt\/lv\/wp-json\/wp\/v2\/product"}],"about":[{"href":"https:\/\/hookahshop.lt\/lv\/wp-json\/wp\/v2\/types\/product"}],"replies":[{"embeddable":true,"href":"https:\/\/hookahshop.lt\/lv\/wp-json\/wp\/v2\/comments?post=40751"}],"version-history":[{"count":5,"href":"https:\/\/hookahshop.lt\/lv\/wp-json\/wp\/v2\/product\/40751\/revisions"}],"predecessor-version":[{"id":45255,"href":"https:\/\/hookahshop.lt\/lv\/wp-json\/wp\/v2\/product\/40751\/revisions\/45255"}],"wp:featuredmedia":[{"embeddable":true,"href":"https:\/\/hookahshop.lt\/lv\/wp-json\/wp\/v2\/media\/40758"}],"wp:attachment":[{"href":"https:\/\/hookahshop.lt\/lv\/wp-json\/wp\/v2\/media?parent=40751"}],"curies":[{"name":"wp","href":"https:\/\/api.w.org\/{rel}","templated":true}]}}