{"id":40808,"date":"2025-01-11T10:52:23","date_gmt":"2025-01-11T08:52:23","guid":{"rendered":"https:\/\/hookahshop.lt\/?post_type=product&#038;p=40808"},"modified":"2026-05-12T23:30:17","modified_gmt":"2026-05-12T20:30:17","slug":"kaljano-priedu-ir-valymo-rinkinys","status":"publish","type":"product","link":"https:\/\/hookahshop.lt\/lv\/produkt\/udenspipes-piederumi-un-tirisanas-komplekts\/","title":{"rendered":"\u016adensp\u012bpes piederumi un t\u012br\u012b\u0161anas komplekts"},"content":{"rendered":"<h2>\u016adensp\u012bpes piederumi un t\u012br\u012b\u0161anas komplekts<\/h2>\n<p>Paredz\u0113ts ne tikai \u0146em\u0161anai l\u012bdzi ce\u013cojumos, bet ar\u012b \u0113rti glab\u0101\u0161anai m\u0101j\u0101s. Komplekt\u0101 ietilpst piederumi, kas nepiecie\u0161ami \u016bdensp\u012bpes sagatavo\u0161anai un apkopei.<\/p>\n<p><strong>Apr\u012bkojums:<\/strong><\/p>\n<ul>\n<li>\u012asa birste \u016bdensp\u012bpes k\u0101tam: 16x2cm<\/li>\n<li>\u016adensp\u012bpes birste: 44x4cm<\/li>\n<li>Knaibles akme\u0146ogl\u0113m: 18x2m<\/li>\n<li>Gara suka \u016bdensp\u012bpes \u0161\u013c\u016btenei: 70\u00d74,5 cm<\/li>\n<li>Korpuss: 12x8x33cm<\/li>\n<\/ul>\n<p>Vai jums ir k\u0101di jaut\u0101jumi? Sazinies ar mums\u00a0<a href=\"https:\/\/hookahshop.lt\/lv\/kontaktiem\/\">kontaktu lapa<\/a>\u00a0vai rakstiet mums pa e-pastu\u00a0<a href=\"https:\/\/facebook.com\/HookahShop.lt\/\" target=\"_blank\" rel=\"noopener\">Facebook konts<\/a> un m\u0113s atbild\u0113sim uz j\u016bsu piepras\u012bjumu taj\u0101 pa\u0161\u0101 dien\u0101.<\/p>","protected":false},"excerpt":{"rendered":"<p>\u016adensp\u012bpes aksesu\u0101ru un t\u012br\u012b\u0161anas komplekts Paredz\u0113ts ne tikai ce\u013co\u0161anai, bet ar\u012b \u0113rti glab\u0101\u0161anai m\u0101j\u0101s. Komplekt\u0101 ietilpst piederumi, kas nepiecie\u0161ami \u016bdensp\u012bpes sagatavo\u0161anai un kop\u0161anai. Iepakojuma saturs: \u012asa birste \u016bdensp\u012bpes k\u0101tam: 16x2cm Birste \u016bdensp\u012bpes kolbai: 44x4cm Og\u013cu knaibles: 18x2m Gara birste \u016bdensp\u012bpes \u0161\u013c\u016btenei: 70\u00d74,5cm Korpuss: 12x8x33cm Vai jums ir k\u0101di jaut\u0101jumi? Sazinieties ar mums kontaktlap\u0101 vai rakstiet mums Facebook [\u2026]<\/p>","protected":false},"featured_media":40809,"comment_status":"open","ping_status":"closed","template":"","meta":[],"_links":{"self":[{"href":"https:\/\/hookahshop.lt\/lv\/wp-json\/wp\/v2\/product\/40808"}],"collection":[{"href":"https:\/\/hookahshop.lt\/lv\/wp-json\/wp\/v2\/product"}],"about":[{"href":"https:\/\/hookahshop.lt\/lv\/wp-json\/wp\/v2\/types\/product"}],"replies":[{"embeddable":true,"href":"https:\/\/hookahshop.lt\/lv\/wp-json\/wp\/v2\/comments?post=40808"}],"version-history":[{"count":4,"href":"https:\/\/hookahshop.lt\/lv\/wp-json\/wp\/v2\/product\/40808\/revisions"}],"predecessor-version":[{"id":45753,"href":"https:\/\/hookahshop.lt\/lv\/wp-json\/wp\/v2\/product\/40808\/revisions\/45753"}],"wp:featuredmedia":[{"embeddable":true,"href":"https:\/\/hookahshop.lt\/lv\/wp-json\/wp\/v2\/media\/40809"}],"wp:attachment":[{"href":"https:\/\/hookahshop.lt\/lv\/wp-json\/wp\/v2\/media?parent=40808"}],"curies":[{"name":"wp","href":"https:\/\/api.w.org\/{rel}","templated":true}]}}