{"id":40941,"date":"2025-02-01T13:56:02","date_gmt":"2025-02-01T11:56:02","guid":{"rendered":"https:\/\/hookahshop.lt\/?post_type=product&#038;p=40941"},"modified":"2026-04-18T23:29:31","modified_gmt":"2026-04-18T20:29:31","slug":"kaljanas-aladin-alux-captain-black","status":"publish","type":"product","link":"https:\/\/hookahshop.lt\/lv\/produkt\/udenspipe-aladin-alux-captain-black\/","title":{"rendered":"\u016adensp\u012bpe ALADIN Alux Captain Black"},"content":{"rendered":"<h2>\u016adensp\u012bpe ALADIN Alux Captain Black<\/h2>\n<p>Pateicoties t\u0101 kompaktajam izm\u0113ram (izv\u0113l\u0113ts), tas ir ide\u0101ls ce\u013cojumu biedrs tiem, kas v\u0113las ieg\u016bt kvalitat\u012bvu produktu, atrodoties ce\u013c\u0101.<\/p>\n<p><strong>Specifik\u0101cija:<\/strong><sub><br \/>\n<\/sub>Augstums: 50cm<sub><br \/>\n<\/sub>Materi\u0101ls (\u0101r\u0113js): anod\u0113ts alum\u012bnijs<sub><br \/>\n<\/sub>Materi\u0101ls (iek\u0161\u0113jais): ner\u016bs\u0113jo\u0161ais t\u0113rauds (stabu apak\u0161da\u013ca saskaras ar \u016bdeni)<sub><br \/>\n<\/sub>Kolba: ar v\u012btni, kas savieno kolbu un \u016bdensp\u012bpes k\u0101tu ar 360 gr\u0101du rot\u0101ciju.<br \/>\nVilce: smaga (klasiska)<br \/>\nDifuzors: nav<\/p>\n<p><strong>Komplekt\u0101 ietilpst:<\/strong><br \/>\n- \u016bdensp\u012bpe,<br \/>\n- v\u012bt\u0146ota kolba,<br \/>\n- knaibles,<br \/>\n- Silikona \u0161\u013c\u016btene (m\u012bksts piesk\u0101riens) ar sprausl\u0101m<br \/>\n- Kauss<br \/>\n\u2013 Skurstenis.<\/p>\n<p><img decoding=\"async\" loading=\"lazy\" class=\"alignnone size-medium wp-image-38491 webpexpress-processed\" title=\"\u016adensp\u012bpe ALADIN Alux Admiral Silver 1\" src=\"https:\/\/hookahshop.lt\/wp-content\/uploads\/2021\/02\/aladinu-komplektacija-300x273.jpg\" alt=\"Aladdin komplekts - hookahshop.lt\" width=\"300\" height=\"273\" srcset=\"https:\/\/hookahshop.lt\/wp-content\/uploads\/2021\/02\/aladinu-komplektacija-300x273.jpg 300w, https:\/\/hookahshop.lt\/wp-content\/uploads\/2021\/02\/aladinu-komplektacija-13x12.jpg 13w, https:\/\/hookahshop.lt\/wp-content\/uploads\/2021\/02\/aladinu-komplektacija-64x58.jpg 64w, https:\/\/hookahshop.lt\/wp-content\/uploads\/2021\/02\/aladinu-komplektacija.jpg 420w\" sizes=\"(max-width: 300px) 100vw, 300px\" \/><\/p>\n<p>Vai jums ir k\u0101di jaut\u0101jumi? Sazinies ar mums\u00a0<a href=\"https:\/\/hookahshop.lt\/lv\/kontaktiem\/\">kontaktu lapa<\/a>\u00a0vai rakstiet mums pa e-pastu\u00a0<a href=\"https:\/\/facebook.com\/HookahShop.lt\/\" target=\"_blank\" rel=\"noopener\">Facebook konts<\/a>\u00a0un m\u0113s atbild\u0113sim uz j\u016bsu piepras\u012bjumu taj\u0101 pa\u0161\u0101 dien\u0101.<\/p>","protected":false},"excerpt":{"rendered":"<p>\u016adensp\u012bpe ALADIN Alux Captain Black Pateicoties kompaktajam izm\u0113ram (izv\u0113l\u0113ts), t\u0101 ir ide\u0101ls ce\u013cabiedris tiem, kas v\u0113las kvalitat\u012bvu produktu ce\u013c\u0101. Specifik\u0101cija: Augstums: 50 cm Materi\u0101ls (\u0101r\u0113jais): anod\u0113ts alum\u012bnijs Materi\u0101ls (iek\u0161\u0113jais): ner\u016bs\u0113jo\u0161ais t\u0113rauds (k\u0101ti\u0146a apak\u0161\u0113j\u0101 da\u013ca, kas non\u0101k saskar\u0113 ar \u016bdeni) Blanckola: ar v\u012btni, kas savieno blanckolu un \u016bdensp\u012bpes k\u0101tu ar 360 gr\u0101du rot\u0101ciju. Grim\u0161ana: smaga (klasisk\u0101) Difuzors: nav [\u2026]<\/p>","protected":false},"featured_media":40987,"comment_status":"open","ping_status":"closed","template":"","meta":[],"_links":{"self":[{"href":"https:\/\/hookahshop.lt\/lv\/wp-json\/wp\/v2\/product\/40941"}],"collection":[{"href":"https:\/\/hookahshop.lt\/lv\/wp-json\/wp\/v2\/product"}],"about":[{"href":"https:\/\/hookahshop.lt\/lv\/wp-json\/wp\/v2\/types\/product"}],"replies":[{"embeddable":true,"href":"https:\/\/hookahshop.lt\/lv\/wp-json\/wp\/v2\/comments?post=40941"}],"version-history":[{"count":7,"href":"https:\/\/hookahshop.lt\/lv\/wp-json\/wp\/v2\/product\/40941\/revisions"}],"predecessor-version":[{"id":45535,"href":"https:\/\/hookahshop.lt\/lv\/wp-json\/wp\/v2\/product\/40941\/revisions\/45535"}],"wp:featuredmedia":[{"embeddable":true,"href":"https:\/\/hookahshop.lt\/lv\/wp-json\/wp\/v2\/media\/40987"}],"wp:attachment":[{"href":"https:\/\/hookahshop.lt\/lv\/wp-json\/wp\/v2\/media?parent=40941"}],"curies":[{"name":"wp","href":"https:\/\/api.w.org\/{rel}","templated":true}]}}