{"id":40951,"date":"2025-02-01T14:17:47","date_gmt":"2025-02-01T12:17:47","guid":{"rendered":"https:\/\/hookahshop.lt\/?post_type=product&#038;p=40951"},"modified":"2026-04-18T23:29:32","modified_gmt":"2026-04-18T20:29:32","slug":"anglys-kaljanui-27er-original-27mm-1kg","status":"publish","type":"product","link":"https:\/\/hookahshop.lt\/lv\/produkt\/udenspipe-ogles-27er-originals-27mm-1kg\/","title":{"rendered":"Kokogles \u016bdensp\u012bpei 27er Original 27mm 1kg"},"content":{"rendered":"<h2>Kokogles \u016bdensp\u012bpei 27er Original 27mm 1kg<\/h2>\n<p>\u0160ai dab\u012bgajai kokosriekstu oglei gandr\u012bz nav deguma smar\u017eas un t\u0101 neatst\u0101j p\u0113cgar\u0161u. Ogles ir piln\u012bgi dabiskas un nesatur melnu pulveri vai citas m\u0101ksl\u012bgas piedevas. \u0160\u012bs ogles neatst\u0101j daudz pelnu, t\u0101p\u0113c \u016bdensp\u012bpi b\u016bs viegl\u0101k izt\u012br\u012bt.<\/p>\n<p>Ogles izm\u0113rs: 27x27x27mm<\/p>\n<p>Iepakojum\u0101: 54gab<br \/>\nIepakojuma svars: 1kg<br \/>\nIzcelsmes valsts: Indon\u0113zija<br \/>\nRa\u017eot\u0101js: Venookah<\/p>\n<p>Lai dedzin\u0101tu ogles, ir nepiecie\u0161ama elektrisk\u0101 pl\u012bts \u016bdensp\u012bpe, t\u016bristu g\u0101zes pl\u012bts vai taml\u012bdz\u012bgi.<\/p>\n<p>Vai jums ir k\u0101di jaut\u0101jumi? Sazinies ar mums\u00a0<a href=\"https:\/\/hookahshop.lt\/lv\/kontaktiem\/\">kontaktu lapa<\/a>\u00a0vai rakstiet mums pa e-pastu\u00a0<a href=\"https:\/\/facebook.com\/HookahShop.lt\/\" target=\"_blank\" rel=\"noopener\">Facebook konts<\/a>\u00a0un m\u0113s atbild\u0113sim uz j\u016bsu piepras\u012bjumu taj\u0101 pa\u0161\u0101 dien\u0101.<\/p>","protected":false},"excerpt":{"rendered":"<p>\u016adensp\u012bpes ogles 27er Original 27mm 1kg \u0160ai dab\u012bgajai kokosriekstu oglei gandr\u012bz nav deguma smakas un t\u0101 neatst\u0101j p\u0113cgar\u0161u. Ogle ir piln\u012bgi dab\u012bga un bez melna pulvera vai cit\u0101m m\u0101ksl\u012bg\u0101m piedev\u0101m. \u0160\u012b ogle neatst\u0101j daudz pelnu, t\u0101p\u0113c \u016bdensp\u012bpi b\u016bs viegl\u0101k t\u012br\u012bt. Ogles izm\u0113rs: 27x27x27mm Iepakojums: 54gab. Iepakojuma svars: 1kg Izcelsmes valsts: Indon\u0113zija Ra\u017eot\u0101js: Venookah Apgaismojuma ogles [\u2026]<\/p>","protected":false},"featured_media":41004,"comment_status":"open","ping_status":"closed","template":"","meta":[],"_links":{"self":[{"href":"https:\/\/hookahshop.lt\/lv\/wp-json\/wp\/v2\/product\/40951"}],"collection":[{"href":"https:\/\/hookahshop.lt\/lv\/wp-json\/wp\/v2\/product"}],"about":[{"href":"https:\/\/hookahshop.lt\/lv\/wp-json\/wp\/v2\/types\/product"}],"replies":[{"embeddable":true,"href":"https:\/\/hookahshop.lt\/lv\/wp-json\/wp\/v2\/comments?post=40951"}],"version-history":[{"count":4,"href":"https:\/\/hookahshop.lt\/lv\/wp-json\/wp\/v2\/product\/40951\/revisions"}],"predecessor-version":[{"id":41075,"href":"https:\/\/hookahshop.lt\/lv\/wp-json\/wp\/v2\/product\/40951\/revisions\/41075"}],"wp:featuredmedia":[{"embeddable":true,"href":"https:\/\/hookahshop.lt\/lv\/wp-json\/wp\/v2\/media\/41004"}],"wp:attachment":[{"href":"https:\/\/hookahshop.lt\/lv\/wp-json\/wp\/v2\/media?parent=40951"}],"curies":[{"name":"wp","href":"https:\/\/api.w.org\/{rel}","templated":true}]}}