{"id":40959,"date":"2025-02-01T14:26:31","date_gmt":"2025-02-01T12:26:31","guid":{"rendered":"https:\/\/hookahshop.lt\/?post_type=product&#038;p=40959"},"modified":"2026-04-14T23:29:45","modified_gmt":"2026-04-14T20:29:45","slug":"anglys-kaljanui-blackcoco-27mm-1kg","status":"publish","type":"product","link":"https:\/\/hookahshop.lt\/lv\/produkt\/udenspipe-ogles-melnais-kokos-27mm-1kg\/","title":{"rendered":"Kokogles \u016bdensp\u012bpei BLACKCOCO 27mm 1kg"},"content":{"rendered":"<h2>Kokogles \u016bdensp\u012bpei BLACKCOCO 27mm 1kg<\/h2>\n<p>\u0160ai dab\u012bgajai kokosriekstu oglei gandr\u012bz nav deguma smar\u017eas un t\u0101 neatst\u0101j p\u0113cgar\u0161u. Izsl\u0113dzot jebk\u0101das \u0137imik\u0101lijas ra\u017eo\u0161an\u0101 un p\u0113capstr\u0101d\u0113, j\u016bs varat sagaid\u012bt augst\u0101k\u0101s kvalit\u0101tes dab\u012bgo produktu.<\/p>\n<p>Ogles izm\u0113rs: 27x27x27mm<\/p>\n<p>Iepakojum\u0101: 54gab<br \/>\nIepakojuma svars: 1kg<br \/>\nIzcelsmes valsts: Indon\u0113zija<\/p>\n<p>Lai dedzin\u0101tu ogles, ir nepiecie\u0161ama elektrisk\u0101 pl\u012bts \u016bdensp\u012bpe, t\u016bristu g\u0101zes pl\u012bts vai taml\u012bdz\u012bgi.<\/p>\n<p>Vai jums ir k\u0101di jaut\u0101jumi? Sazinies ar mums\u00a0<a href=\"https:\/\/hookahshop.lt\/lv\/kontaktiem\/\">kontaktu lapa<\/a>\u00a0vai rakstiet mums pa e-pastu\u00a0<a href=\"https:\/\/facebook.com\/HookahShop.lt\/\" target=\"_blank\" rel=\"noopener\">Facebook konts<\/a>\u00a0un m\u0113s atbild\u0113sim uz j\u016bsu piepras\u012bjumu taj\u0101 pa\u0161\u0101 dien\u0101.<\/p>","protected":false},"excerpt":{"rendered":"<p>Kokogles \u016bdensp\u012bpei BLACKCOCO 27mm 1kg \u0160ai dab\u012bgajai kokosriekstu oglei gandr\u012bz nav deguma smakas un t\u0101 neatst\u0101j p\u0113cgar\u0161u. Ra\u017eo\u0161anas un p\u0113capstr\u0101des laik\u0101 no\u0146emot jebk\u0101das \u0137\u012bmiskas vielas, j\u016bs varat sagaid\u012bt augst\u0101k\u0101s kvalit\u0101tes dab\u012bgo produktu. Kokogles izm\u0113rs: 27x27x27mm Iepakojums: 54gab. Iepakojuma svars: 1kg Izcelsmes valsts: Indon\u0113zija Lai aizdedzin\u0101tu kokogli, jums ir nepiecie\u0161ams elektriskais \u016bdensp\u012bpes sildri\u0146\u0137is, t\u016bristu g\u0101zes pl\u012bts vai taml\u012bdz\u012bgs. Vai jums ir k\u0101di jaut\u0101jumi? [\u2026]<\/p>","protected":false},"featured_media":41019,"comment_status":"open","ping_status":"closed","template":"","meta":[],"_links":{"self":[{"href":"https:\/\/hookahshop.lt\/lv\/wp-json\/wp\/v2\/product\/40959"}],"collection":[{"href":"https:\/\/hookahshop.lt\/lv\/wp-json\/wp\/v2\/product"}],"about":[{"href":"https:\/\/hookahshop.lt\/lv\/wp-json\/wp\/v2\/types\/product"}],"replies":[{"embeddable":true,"href":"https:\/\/hookahshop.lt\/lv\/wp-json\/wp\/v2\/comments?post=40959"}],"version-history":[{"count":5,"href":"https:\/\/hookahshop.lt\/lv\/wp-json\/wp\/v2\/product\/40959\/revisions"}],"predecessor-version":[{"id":43715,"href":"https:\/\/hookahshop.lt\/lv\/wp-json\/wp\/v2\/product\/40959\/revisions\/43715"}],"wp:featuredmedia":[{"embeddable":true,"href":"https:\/\/hookahshop.lt\/lv\/wp-json\/wp\/v2\/media\/41019"}],"wp:attachment":[{"href":"https:\/\/hookahshop.lt\/lv\/wp-json\/wp\/v2\/media?parent=40959"}],"curies":[{"name":"wp","href":"https:\/\/api.w.org\/{rel}","templated":true}]}}