{"id":40963,"date":"2025-02-01T14:34:18","date_gmt":"2025-02-01T12:34:18","guid":{"rendered":"https:\/\/hookahshop.lt\/?post_type=product&#038;p=40963"},"modified":"2026-04-26T23:30:18","modified_gmt":"2026-04-26T20:30:18","slug":"kaitlente-kaljano-anglims-oduman","status":"publish","type":"product","link":"https:\/\/hookahshop.lt\/lv\/produkt\/sildvirsma-for-udenspipe-ogles-oduman\/","title":{"rendered":"Sildvirsma \u016bdensp\u012bpes ogl\u0113m ODUMAN"},"content":{"rendered":"<h2>Sildvirsma \u016bdensp\u012bpes ogl\u0113m ODUMAN<\/h2>\n<p>Ar \u0161o pl\u012bti var \u0101tri un vienk\u0101r\u0161i uzsild\u012bt kokogles. Pl\u012bts virsmai ir pelnu papl\u0101te, lai j\u016bsu darba zona b\u016btu t\u012bra. Ir jaudas regulators, kas \u013cauj regul\u0113t apkures re\u017e\u012bmu. Kompakts un viegli transport\u0113jams.<\/p>\n<p>15 min\u016bt\u0113s uzkars\u0113 vid\u0113ji 40 ogles gabalus.<\/p>\n<p><strong>Tehniskie dati:<\/strong><br \/>\nPl\u012bts veids: elektrisk\u0101<br \/>\nVad\u012bbas veids: meh\u0101nisks<br \/>\nJauda (W): 2150W<br \/>\nSpriegums: 230V<br \/>\nIzm\u0113ri 430 x 370 x 230 mm<br \/>\nMateri\u0101ls: ner\u016bs\u0113jo\u0161ais t\u0113rauds<\/p>\n<p>Vai jums ir k\u0101di jaut\u0101jumi? Sazinies ar mums\u00a0<a href=\"https:\/\/hookahshop.lt\/lv\/kontaktiem\/\">kontaktu lapa<\/a>\u00a0vai rakstiet mums pa e-pastu\u00a0<a href=\"https:\/\/facebook.com\/HookahShop.lt\/\" target=\"_blank\" rel=\"noopener\">Facebook konts<\/a>\u00a0un m\u0113s atbild\u0113sim uz j\u016bsu piepras\u012bjumu taj\u0101 pa\u0161\u0101 dien\u0101.<\/p>","protected":false},"excerpt":{"rendered":"<p>\u016adensp\u012bpes og\u013cu sildri\u0146\u0137is ODUMAN Ar \u0161o sildri\u0146\u0137i j\u016bs varat \u0101tri un vienk\u0101r\u0161i uzsild\u012bt ogles. Sildri\u0146\u0137im ir pelnu trauks, lai j\u016bsu darba vieta b\u016btu t\u012bra. Ir jaudas regulators, kas \u013cauj regul\u0113t sild\u012b\u0161anas re\u017e\u012bmu. Kompakts un viegli transport\u0113jams. Uzsilda vid\u0113ji 40 ogles 15 min\u016bt\u0113s. Tehniskie dati: Sildri\u0146\u0137a tips: elektrisks Vad\u012bbas tips: meh\u0101nisks Jauda (W): 2150W Spriegums: 230V Izm\u0113ri 430 [\u2026]<\/p>","protected":false},"featured_media":41032,"comment_status":"open","ping_status":"closed","template":"","meta":[],"_links":{"self":[{"href":"https:\/\/hookahshop.lt\/lv\/wp-json\/wp\/v2\/product\/40963"}],"collection":[{"href":"https:\/\/hookahshop.lt\/lv\/wp-json\/wp\/v2\/product"}],"about":[{"href":"https:\/\/hookahshop.lt\/lv\/wp-json\/wp\/v2\/types\/product"}],"replies":[{"embeddable":true,"href":"https:\/\/hookahshop.lt\/lv\/wp-json\/wp\/v2\/comments?post=40963"}],"version-history":[{"count":3,"href":"https:\/\/hookahshop.lt\/lv\/wp-json\/wp\/v2\/product\/40963\/revisions"}],"predecessor-version":[{"id":41031,"href":"https:\/\/hookahshop.lt\/lv\/wp-json\/wp\/v2\/product\/40963\/revisions\/41031"}],"wp:featuredmedia":[{"embeddable":true,"href":"https:\/\/hookahshop.lt\/lv\/wp-json\/wp\/v2\/media\/41032"}],"wp:attachment":[{"href":"https:\/\/hookahshop.lt\/lv\/wp-json\/wp\/v2\/media?parent=40963"}],"curies":[{"name":"wp","href":"https:\/\/api.w.org\/{rel}","templated":true}]}}