{"id":40966,"date":"2025-02-01T14:37:53","date_gmt":"2025-02-01T12:37:53","guid":{"rendered":"https:\/\/hookahshop.lt\/?post_type=product&#038;p=40966"},"modified":"2026-04-06T23:29:39","modified_gmt":"2026-04-06T20:29:39","slug":"kandiklis-kaljanui-aladin-wave-silver","status":"publish","type":"product","link":"https:\/\/hookahshop.lt\/lv\/produkt\/udenspipe-iemuti-aladin-wave-sudrabs\/","title":{"rendered":"\u016adensp\u012bpes iemutnis ALADIN Wave Silver"},"content":{"rendered":"<h2>\u016adensp\u012bpes iemutnis ALADIN Wave Silver<\/h2>\n<p>Tas ir viengabala neat\u0146emams iemutnis, piem\u0113rots gandr\u012bz vis\u0101m silikona \u0161\u013c\u016bten\u0113m. Piem\u0113rots da\u017e\u0101da veida vienreiz lietojamiem iemut\u0146iem.<\/p>\n<p><strong>Specifik\u0101cija:<\/strong><sub><br \/>\n<\/sub>Kr\u0101sa: sudraba <sub><br \/>\n<\/sub>Materi\u0101ls: alum\u012bnijs<sub><br \/>\n<\/sub>Garums: 38cm<\/p>\n<p>Vai jums ir k\u0101di jaut\u0101jumi? Sazinies ar mums\u00a0<a href=\"https:\/\/hookahshop.lt\/lv\/kontaktiem\/\">kontaktu lapa<\/a>\u00a0vai rakstiet mums pa e-pastu\u00a0<a href=\"https:\/\/facebook.com\/HookahShop.lt\/\" target=\"_blank\" rel=\"noopener\">Facebook konts<\/a>\u00a0un m\u0113s atbild\u0113sim uz j\u016bsu piepras\u012bjumu taj\u0101 pa\u0161\u0101 dien\u0101.<\/p>","protected":false},"excerpt":{"rendered":"<p>\u016adensp\u012bpes iemutnis ALADIN Wave Silver \u0160is ir viengabalains, neatdal\u0101ms iemutnis, kas piem\u0113rots gandr\u012bz vis\u0101m silikona \u0161\u013c\u016bten\u0113m. Piem\u0113rots da\u017e\u0101du veidu vienreizlietojamiem iemut\u0146iem. Specifik\u0101cija: Kr\u0101sa: sudraba Materi\u0101ls: alum\u012bnijs Garums: 38 cm Vai jums ir k\u0101di jaut\u0101jumi? Sazinieties ar mums kontaktlap\u0101 vai rakstiet mums Facebook, un m\u0113s atbild\u0113sim uz j\u016bsu piepras\u012bjumu taj\u0101 pa\u0161\u0101 dien\u0101.<\/p>","protected":false},"featured_media":41035,"comment_status":"open","ping_status":"closed","template":"","meta":[],"_links":{"self":[{"href":"https:\/\/hookahshop.lt\/lv\/wp-json\/wp\/v2\/product\/40966"}],"collection":[{"href":"https:\/\/hookahshop.lt\/lv\/wp-json\/wp\/v2\/product"}],"about":[{"href":"https:\/\/hookahshop.lt\/lv\/wp-json\/wp\/v2\/types\/product"}],"replies":[{"embeddable":true,"href":"https:\/\/hookahshop.lt\/lv\/wp-json\/wp\/v2\/comments?post=40966"}],"version-history":[{"count":5,"href":"https:\/\/hookahshop.lt\/lv\/wp-json\/wp\/v2\/product\/40966\/revisions"}],"predecessor-version":[{"id":45437,"href":"https:\/\/hookahshop.lt\/lv\/wp-json\/wp\/v2\/product\/40966\/revisions\/45437"}],"wp:featuredmedia":[{"embeddable":true,"href":"https:\/\/hookahshop.lt\/lv\/wp-json\/wp\/v2\/media\/41035"}],"wp:attachment":[{"href":"https:\/\/hookahshop.lt\/lv\/wp-json\/wp\/v2\/media?parent=40966"}],"curies":[{"name":"wp","href":"https:\/\/api.w.org\/{rel}","templated":true}]}}