{"id":40969,"date":"2025-02-01T15:02:58","date_gmt":"2025-02-01T13:02:58","guid":{"rendered":"https:\/\/hookahshop.lt\/?post_type=product&#038;p=40969"},"modified":"2026-04-08T23:29:37","modified_gmt":"2026-04-08T20:29:37","slug":"kandiklis-kaljanui-aladin-liner-black","status":"publish","type":"product","link":"https:\/\/hookahshop.lt\/lv\/produkt\/udenspipe-iemuti-aladin-lainer-melns\/","title":{"rendered":"\u016adensp\u012bpes iemutnis ALADIN Liner Black"},"content":{"rendered":"<h2>\u016adensp\u012bpes iemutnis ALADIN Liner Black<\/h2>\n<p>Lielisks univers\u0101ls ar lielisku dizainu. Piem\u0113rots univers\u0101laj\u0101m silikona \u0161\u013c\u016bten\u0113m. Piem\u0113rots da\u017e\u0101da veida vienreizlietojamiem iemutiem.<\/p>\n<p><strong>Specifik\u0101cija:<\/strong><br \/>\nKr\u0101sa melna<sub><br \/>\n<\/sub>Materi\u0101ls: alum\u012bnijs<br \/>\nGarums: ~39cm<\/p>\n<p>Vai jums ir k\u0101di jaut\u0101jumi? Sazinies ar mums\u00a0<a href=\"https:\/\/hookahshop.lt\/lv\/kontaktiem\/\">kontaktu lapa<\/a>\u00a0vai rakstiet mums pa e-pastu\u00a0<a href=\"https:\/\/facebook.com\/HookahShop.lt\/\" target=\"_blank\" rel=\"noopener\">Facebook konts<\/a>\u00a0un m\u0113s atbild\u0113sim uz j\u016bsu piepras\u012bjumu taj\u0101 pa\u0161\u0101 dien\u0101.<\/p>","protected":false},"excerpt":{"rendered":"<p>\u016adensp\u012bpes iemutnis ALADIN Liner Black Lielisks univers\u0101ls ar lielisku dizainu. Piem\u0113rots univers\u0101l\u0101m silikona \u0161\u013c\u016bten\u0113m. Piem\u0113rots da\u017e\u0101du veidu vienreizlietojamiem iemut\u0146iem. Specifik\u0101cija: Kr\u0101sa: melna Materi\u0101ls: alum\u012bnijs Garums: ~39cm Vai jums ir k\u0101di jaut\u0101jumi? Sazinieties ar mums kontaktu lap\u0101 vai rakstiet mums Facebook, un m\u0113s atbild\u0113sim uz j\u016bsu piepras\u012bjumu taj\u0101 pa\u0161\u0101 dien\u0101.<\/p>","protected":false},"featured_media":41038,"comment_status":"open","ping_status":"closed","template":"","meta":[],"_links":{"self":[{"href":"https:\/\/hookahshop.lt\/lv\/wp-json\/wp\/v2\/product\/40969"}],"collection":[{"href":"https:\/\/hookahshop.lt\/lv\/wp-json\/wp\/v2\/product"}],"about":[{"href":"https:\/\/hookahshop.lt\/lv\/wp-json\/wp\/v2\/types\/product"}],"replies":[{"embeddable":true,"href":"https:\/\/hookahshop.lt\/lv\/wp-json\/wp\/v2\/comments?post=40969"}],"version-history":[{"count":6,"href":"https:\/\/hookahshop.lt\/lv\/wp-json\/wp\/v2\/product\/40969\/revisions"}],"predecessor-version":[{"id":45431,"href":"https:\/\/hookahshop.lt\/lv\/wp-json\/wp\/v2\/product\/40969\/revisions\/45431"}],"wp:featuredmedia":[{"embeddable":true,"href":"https:\/\/hookahshop.lt\/lv\/wp-json\/wp\/v2\/media\/41038"}],"wp:attachment":[{"href":"https:\/\/hookahshop.lt\/lv\/wp-json\/wp\/v2\/media?parent=40969"}],"curies":[{"name":"wp","href":"https:\/\/api.w.org\/{rel}","templated":true}]}}