{"id":41046,"date":"2025-02-03T22:41:54","date_gmt":"2025-02-03T20:41:54","guid":{"rendered":"https:\/\/hookahshop.lt\/?post_type=product&#038;p=41046"},"modified":"2026-04-17T23:30:01","modified_gmt":"2026-04-17T20:30:01","slug":"zarna-silikonine-aladin-carbon-grey","status":"publish","type":"product","link":"https:\/\/hookahshop.lt\/lv\/produkt\/silikona-case-aladin-karbon-peleks\/","title":{"rendered":"Silikona \u0161\u013c\u016btene ALADIN Carbon Grey"},"content":{"rendered":"<h2>Silikona \u0161\u013c\u016btene ALADIN Carbon Grey<\/h2>\n<p>Izgatavots no medic\u012bnisk\u0101 silikona un tam nav sve\u0161as smakas. \u0160\u012bs \u012bpa\u0161\u012bbas nodro\u0161ina \u0161\u013c\u016btenes elast\u012bbu.<\/p>\n<p><strong>Specifik\u0101cijas:<\/strong><br \/>\nGarums: 1,50 m<\/p>\n<p>Vai jums ir k\u0101di jaut\u0101jumi? Sazinies ar mums\u00a0<a href=\"https:\/\/hookahshop.lt\/lv\/kontaktiem\/\">kontaktu lapa<\/a>\u00a0vai rakstiet mums pa e-pastu\u00a0<a href=\"https:\/\/facebook.com\/HookahShop.lt\/\" target=\"_blank\" rel=\"noopener noreferrer\">Facebook konts<\/a>\u00a0un m\u0113s atbild\u0113sim uz j\u016bsu piepras\u012bjumu taj\u0101 pa\u0161\u0101 dien\u0101.<\/p>","protected":false},"excerpt":{"rendered":"<p>Silikona \u0161\u013c\u016btene ALADIN Carbon Grey Izgatavota no medic\u012bnisk\u0101 silikona un bez sve\u0161\u0101m smak\u0101m. Pateicoties \u0161\u012bm \u012bpa\u0161\u012bb\u0101m, \u0161\u013c\u016btene saglab\u0101 elast\u012bbu. Specifik\u0101cijas: Garums: 1,50 m Vai jums ir k\u0101di jaut\u0101jumi? Sazinieties ar mums kontaktlap\u0101 vai rakstiet mums Facebook, un m\u0113s atbild\u0113sim uz j\u016bsu piepras\u012bjumu taj\u0101 pa\u0161\u0101 dien\u0101.<\/p>","protected":false},"featured_media":41047,"comment_status":"open","ping_status":"closed","template":"","meta":[],"_links":{"self":[{"href":"https:\/\/hookahshop.lt\/lv\/wp-json\/wp\/v2\/product\/41046"}],"collection":[{"href":"https:\/\/hookahshop.lt\/lv\/wp-json\/wp\/v2\/product"}],"about":[{"href":"https:\/\/hookahshop.lt\/lv\/wp-json\/wp\/v2\/types\/product"}],"replies":[{"embeddable":true,"href":"https:\/\/hookahshop.lt\/lv\/wp-json\/wp\/v2\/comments?post=41046"}],"version-history":[{"count":4,"href":"https:\/\/hookahshop.lt\/lv\/wp-json\/wp\/v2\/product\/41046\/revisions"}],"predecessor-version":[{"id":45542,"href":"https:\/\/hookahshop.lt\/lv\/wp-json\/wp\/v2\/product\/41046\/revisions\/45542"}],"wp:featuredmedia":[{"embeddable":true,"href":"https:\/\/hookahshop.lt\/lv\/wp-json\/wp\/v2\/media\/41047"}],"wp:attachment":[{"href":"https:\/\/hookahshop.lt\/lv\/wp-json\/wp\/v2\/media?parent=41046"}],"curies":[{"name":"wp","href":"https:\/\/api.w.org\/{rel}","templated":true}]}}