{"id":41101,"date":"2025-02-11T16:17:00","date_gmt":"2025-02-11T14:17:00","guid":{"rendered":"https:\/\/hookahshop.lt\/?post_type=product&#038;p=41101"},"modified":"2026-04-18T23:29:32","modified_gmt":"2026-04-18T20:29:32","slug":"akriline-vandens-pypke-transparent-20cm","status":"publish","type":"product","link":"https:\/\/hookahshop.lt\/lv\/produkt\/akrils-udens-caurule-caurspidigs-20cm\/","title":{"rendered":"Akrila \u016bdens caurule Caursp\u012bd\u012bga 20cm"},"content":{"rendered":"<h2>Akrila \u016bdens caurule Caursp\u012bd\u012bga 20cm<\/h2>\n<p>Maza, \u0113rta akrila \u016bdens caurule ar met\u0101la cauruli. \u0112rts ce\u013co\u0161anai vai m\u0101j\u0101s.<\/p>\n<p><strong>Specifik\u0101cijas:<\/strong><sub><br \/>\n<\/sub>Augstums: 19,5 cm<sub><br \/>\n<\/sub>K\u0101ta diametrs: 4 cm<sub><br \/>\n<\/sub>Materi\u0101ls: Akrils<\/p>\n<p>Vai jums ir k\u0101di jaut\u0101jumi? Sazinies ar mums\u00a0<a href=\"https:\/\/hookahshop.lt\/lv\/kontaktiem\/\">kontaktu lapa<\/a>\u00a0vai rakstiet mums pa e-pastu\u00a0<a href=\"https:\/\/facebook.com\/HookahShop.lt\/\" target=\"_blank\" rel=\"noopener\">Facebook konts<\/a>\u00a0un m\u0113s atbild\u0113sim uz j\u016bsu piepras\u012bjumu taj\u0101 pa\u0161\u0101 dien\u0101.<\/p>","protected":false},"excerpt":{"rendered":"<p>Caursp\u012bd\u012bga akrila \u016bdensp\u012bpe 20 cm Maza, \u0113rta akrila \u016bdensp\u012bpe ar met\u0101la caurul\u012bti. \u0112rta ce\u013cojumiem vai m\u0101j\u0101m. Specifik\u0101cijas: Augstums: 19,5 cm K\u0101ta diametrs: 4 cm Materi\u0101ls: Akrils Vai jums ir k\u0101di jaut\u0101jumi? Sazinieties ar mums kontaktlap\u0101 vai rakstiet mums Facebook, un m\u0113s atbild\u0113sim uz j\u016bsu piepras\u012bjumu taj\u0101 pa\u0161\u0101 dien\u0101.<\/p>","protected":false},"featured_media":41219,"comment_status":"open","ping_status":"closed","template":"","meta":[],"_links":{"self":[{"href":"https:\/\/hookahshop.lt\/lv\/wp-json\/wp\/v2\/product\/41101"}],"collection":[{"href":"https:\/\/hookahshop.lt\/lv\/wp-json\/wp\/v2\/product"}],"about":[{"href":"https:\/\/hookahshop.lt\/lv\/wp-json\/wp\/v2\/types\/product"}],"replies":[{"embeddable":true,"href":"https:\/\/hookahshop.lt\/lv\/wp-json\/wp\/v2\/comments?post=41101"}],"version-history":[{"count":4,"href":"https:\/\/hookahshop.lt\/lv\/wp-json\/wp\/v2\/product\/41101\/revisions"}],"predecessor-version":[{"id":43508,"href":"https:\/\/hookahshop.lt\/lv\/wp-json\/wp\/v2\/product\/41101\/revisions\/43508"}],"wp:featuredmedia":[{"embeddable":true,"href":"https:\/\/hookahshop.lt\/lv\/wp-json\/wp\/v2\/media\/41219"}],"wp:attachment":[{"href":"https:\/\/hookahshop.lt\/lv\/wp-json\/wp\/v2\/media?parent=41101"}],"curies":[{"name":"wp","href":"https:\/\/api.w.org\/{rel}","templated":true}]}}