{"id":41105,"date":"2025-02-11T16:19:56","date_gmt":"2025-02-11T14:19:56","guid":{"rendered":"https:\/\/hookahshop.lt\/?post_type=product&#038;p=41105"},"modified":"2026-04-30T23:31:22","modified_gmt":"2026-04-30T20:31:22","slug":"akriline-vandens-pypke-gray-20cm","status":"publish","type":"product","link":"https:\/\/hookahshop.lt\/lv\/produkt\/akrils-udens-pipe-peleks-20cm\/","title":{"rendered":"Akrila \u016bdens caurule Pel\u0113ka 20cm"},"content":{"rendered":"<h2>Akrila \u016bdens caurule Pel\u0113ka 20cm<\/h2>\n<p>Mazs, \u0113rts akrila bongs ar met\u0101la caurul\u012bti. \u0112rts ce\u013co\u0161anai vai m\u0101j\u0101s.<\/p>\n<p><strong>Specifik\u0101cijas:<\/strong><sub><br \/>\n<\/sub>Augstums: 19,5 cm<sub><br \/>\n<\/sub>K\u0101ta diametrs: 4 cm<sub><br \/>\n<\/sub>Materi\u0101ls: Akrils<\/p>\n<p>Vai jums ir k\u0101di jaut\u0101jumi? Sazinies ar mums\u00a0<a href=\"https:\/\/hookahshop.lt\/lv\/kontaktiem\/\">kontaktu lapa<\/a>\u00a0vai rakstiet mums pa e-pastu\u00a0<a href=\"https:\/\/facebook.com\/HookahShop.lt\/\" target=\"_blank\" rel=\"noopener\">Facebook konts<\/a>\u00a0un m\u0113s atbild\u0113sim uz j\u016bsu piepras\u012bjumu taj\u0101 pa\u0161\u0101 dien\u0101.<\/p>","protected":false},"excerpt":{"rendered":"<p>Akrila \u016bdensp\u012bpe Pel\u0113ka 20cm Maza, \u0113rta akrila \u016bdensp\u012bpe ar met\u0101la caurul\u012bti. \u0112rta ce\u013cojumiem vai m\u0101j\u0101m. Specifik\u0101cijas: Augstums: 19,5cm K\u0101ta diametrs: 4cm Materi\u0101ls: Akrils Vai jums ir k\u0101di jaut\u0101jumi? Sazinieties ar mums kontaktlap\u0101 vai rakstiet mums Facebook, un m\u0113s atbild\u0113sim uz j\u016bsu piepras\u012bjumu taj\u0101 pa\u0161\u0101 dien\u0101.<\/p>","protected":false},"featured_media":41221,"comment_status":"open","ping_status":"closed","template":"","meta":[],"_links":{"self":[{"href":"https:\/\/hookahshop.lt\/lv\/wp-json\/wp\/v2\/product\/41105"}],"collection":[{"href":"https:\/\/hookahshop.lt\/lv\/wp-json\/wp\/v2\/product"}],"about":[{"href":"https:\/\/hookahshop.lt\/lv\/wp-json\/wp\/v2\/types\/product"}],"replies":[{"embeddable":true,"href":"https:\/\/hookahshop.lt\/lv\/wp-json\/wp\/v2\/comments?post=41105"}],"version-history":[{"count":4,"href":"https:\/\/hookahshop.lt\/lv\/wp-json\/wp\/v2\/product\/41105\/revisions"}],"predecessor-version":[{"id":43344,"href":"https:\/\/hookahshop.lt\/lv\/wp-json\/wp\/v2\/product\/41105\/revisions\/43344"}],"wp:featuredmedia":[{"embeddable":true,"href":"https:\/\/hookahshop.lt\/lv\/wp-json\/wp\/v2\/media\/41221"}],"wp:attachment":[{"href":"https:\/\/hookahshop.lt\/lv\/wp-json\/wp\/v2\/media?parent=41105"}],"curies":[{"name":"wp","href":"https:\/\/api.w.org\/{rel}","templated":true}]}}