{"id":41108,"date":"2025-02-11T16:22:32","date_gmt":"2025-02-11T14:22:32","guid":{"rendered":"https:\/\/hookahshop.lt\/?post_type=product&#038;p=41108"},"modified":"2026-04-17T23:30:01","modified_gmt":"2026-04-17T20:30:01","slug":"stikline-vandens-pypke-golden-leaf-18cm","status":"publish","type":"product","link":"https:\/\/hookahshop.lt\/lv\/produkt\/stikls-udens-pipe-zelta-lapa-18cm\/","title":{"rendered":"Stikla \u016bdens caurule Golden Leaf 18cm"},"content":{"rendered":"<h2>Stikla \u016bdens caurule Golden Leaf 18cm<\/h2>\n<p>Izgatavots no borsilik\u0101ta stikla, tas ir mazs un ar lielu ietilp\u012bbu.<\/p>\n<p><strong>Specifik\u0101cijas:<\/strong><sub><br \/>\n<\/sub>Augstums: 18cm<br \/>\nK\u0101ta diametrs: 2,4 cm<br \/>\nCaurules garums: 14,5 cm<sub><br \/>\n<\/sub>Kr\u0101sa: caursp\u012bd\u012bga<sub><br \/>\n<\/sub>Materi\u0101ls: borosilik\u0101ta stikls<\/p>\n<p>Vai jums ir k\u0101di jaut\u0101jumi? Sazinies ar mums\u00a0<a href=\"https:\/\/hookahshop.lt\/lv\/kontaktiem\/\">kontaktu lapa<\/a>\u00a0vai rakstiet mums pa e-pastu\u00a0<a href=\"https:\/\/facebook.com\/HookahShop.lt\/\" target=\"_blank\" rel=\"noopener\">Facebook konts<\/a>\u00a0un m\u0113s atbild\u0113sim uz j\u016bsu piepras\u012bjumu taj\u0101 pa\u0161\u0101 dien\u0101.<\/p>\n<p>&nbsp;<\/p>","protected":false},"excerpt":{"rendered":"<p>Stikla \u016bdensp\u012bpe Golden Leaf 18cm Izgatavota no borsilik\u0101ta stikla, t\u0101 ir maza un ar lielu ietilp\u012bbu. Specifik\u0101cijas: Augstums: 18cm K\u0101ta diametrs: 2.4cm Caurules garums: 14.5cm Kr\u0101sa: Caursp\u012bd\u012bga Materi\u0101ls: Borsilik\u0101ta stikls Vai jums ir k\u0101di jaut\u0101jumi? Sazinieties ar mums kontaktlap\u0101 vai rakstiet mums Facebook, un m\u0113s atbild\u0113sim uz j\u016bsu jaut\u0101jumu taj\u0101 pa\u0161\u0101 dien\u0101. &nbsp;<\/p>","protected":false},"featured_media":41224,"comment_status":"open","ping_status":"closed","template":"","meta":[],"_links":{"self":[{"href":"https:\/\/hookahshop.lt\/lv\/wp-json\/wp\/v2\/product\/41108"}],"collection":[{"href":"https:\/\/hookahshop.lt\/lv\/wp-json\/wp\/v2\/product"}],"about":[{"href":"https:\/\/hookahshop.lt\/lv\/wp-json\/wp\/v2\/types\/product"}],"replies":[{"embeddable":true,"href":"https:\/\/hookahshop.lt\/lv\/wp-json\/wp\/v2\/comments?post=41108"}],"version-history":[{"count":2,"href":"https:\/\/hookahshop.lt\/lv\/wp-json\/wp\/v2\/product\/41108\/revisions"}],"predecessor-version":[{"id":41223,"href":"https:\/\/hookahshop.lt\/lv\/wp-json\/wp\/v2\/product\/41108\/revisions\/41223"}],"wp:featuredmedia":[{"embeddable":true,"href":"https:\/\/hookahshop.lt\/lv\/wp-json\/wp\/v2\/media\/41224"}],"wp:attachment":[{"href":"https:\/\/hookahshop.lt\/lv\/wp-json\/wp\/v2\/media?parent=41108"}],"curies":[{"name":"wp","href":"https:\/\/api.w.org\/{rel}","templated":true}]}}