{"id":41119,"date":"2025-02-11T16:33:19","date_gmt":"2025-02-11T14:33:19","guid":{"rendered":"https:\/\/hookahshop.lt\/?post_type=product&#038;p=41119"},"modified":"2026-04-06T23:29:39","modified_gmt":"2026-04-06T20:29:39","slug":"stikline-vandens-pypke-ice-hemp-leaves-41cm","status":"publish","type":"product","link":"https:\/\/hookahshop.lt\/lv\/produkt\/stikls-udens-pipe-ledus-kanepju-lapas-41cm\/","title":{"rendered":"Stikla \u016bdens caurule Ledus ka\u0146epju lapas 41cm"},"content":{"rendered":"<h2>Stikla \u016bdens caurule Ledus ka\u0146epju lapas 41cm<\/h2>\n<p>\u0112rta stikla p\u012bpe, kas izgatavota no borsilik\u0101ta stikla. Gara, ar liel\u0101ku tilpumu. Stabils stat\u012bvs.<\/p>\n<p><strong>Specifik\u0101cijas:<\/strong><sub><br \/>\n<\/sub>Augstums: 40 cm<br \/>\nK\u0101ta diametrs: 4 cm<sub><br \/>\n<\/sub>Caurules garums: 18,8\/14,5 cm<br \/>\nKr\u0101sa: caursp\u012bd\u012bga<sub><br \/>\n<\/sub>Materi\u0101ls: borosilik\u0101ta stikls<\/p>\n<p>Vai jums ir k\u0101di jaut\u0101jumi? Sazinies ar mums\u00a0<a href=\"https:\/\/hookahshop.lt\/lv\/kontaktiem\/\">kontaktu lapa<\/a>\u00a0vai rakstiet mums pa e-pastu\u00a0<a href=\"https:\/\/facebook.com\/HookahShop.lt\/\" target=\"_blank\" rel=\"noopener\">Facebook konts<\/a>\u00a0un m\u0113s atbild\u0113sim uz j\u016bsu piepras\u012bjumu taj\u0101 pa\u0161\u0101 dien\u0101.<\/p>","protected":false},"excerpt":{"rendered":"<p>Stiklin\u0117 vandens pypk\u0117 Ice Hemp Leaves 41cm Patogi stiklo pypk\u0117, pagaminta i\u0161 borosilikatinio stiklo. Auk\u0161ta, didesnio t\u016brio. Stabilus stovas. Specifikacijos: Auk\u0161tis: 40cm Stiebo skersmuo: 4cm Vamzdelio ilgis: 18,8\/14,5cm Spalva: Skaidri Med\u017eiaga: Borosilikatinis stiklas Turite klausim\u0173? Susisiekite su mumis\u00a0kontakt\u0173 puslapyje\u00a0arba para\u0161ykite mums \u012f\u00a0Facebook paskyr\u0105\u00a0ir atsakysime \u012f j\u016bs\u0173 u\u017eklaus\u0105 dar t\u0105 pa\u010di\u0105 dien\u0105.<\/p>","protected":false},"featured_media":41231,"comment_status":"open","ping_status":"closed","template":"","meta":[],"_links":{"self":[{"href":"https:\/\/hookahshop.lt\/lv\/wp-json\/wp\/v2\/product\/41119"}],"collection":[{"href":"https:\/\/hookahshop.lt\/lv\/wp-json\/wp\/v2\/product"}],"about":[{"href":"https:\/\/hookahshop.lt\/lv\/wp-json\/wp\/v2\/types\/product"}],"replies":[{"embeddable":true,"href":"https:\/\/hookahshop.lt\/lv\/wp-json\/wp\/v2\/comments?post=41119"}],"version-history":[{"count":6,"href":"https:\/\/hookahshop.lt\/lv\/wp-json\/wp\/v2\/product\/41119\/revisions"}],"predecessor-version":[{"id":44658,"href":"https:\/\/hookahshop.lt\/lv\/wp-json\/wp\/v2\/product\/41119\/revisions\/44658"}],"wp:featuredmedia":[{"embeddable":true,"href":"https:\/\/hookahshop.lt\/lv\/wp-json\/wp\/v2\/media\/41231"}],"wp:attachment":[{"href":"https:\/\/hookahshop.lt\/lv\/wp-json\/wp\/v2\/media?parent=41119"}],"curies":[{"name":"wp","href":"https:\/\/api.w.org\/{rel}","templated":true}]}}