{"id":41122,"date":"2025-02-11T16:41:16","date_gmt":"2025-02-11T14:41:16","guid":{"rendered":"https:\/\/hookahshop.lt\/?post_type=product&#038;p=41122"},"modified":"2026-04-17T23:30:01","modified_gmt":"2026-04-17T20:30:01","slug":"stikline-vandens-pypke-haze-invaders-25cm","status":"publish","type":"product","link":"https:\/\/hookahshop.lt\/lv\/produkt\/stikls-udens-caurule-miglas-iebruceji-25cm\/","title":{"rendered":"Stikla \u016bdens caurule Haze Invaders 25cm"},"content":{"rendered":"<h2>Stikla \u016bdens caurule Haze Invaders 25cm<\/h2>\n<p>\u0112rta stikla caurule ar difuzoru rada daudz \u016bdens virpu\u013cu un gaisa burbu\u013cu, kas pat\u012bkami atdzes\u0113 un filtr\u0113 d\u016bmus.<\/p>\n<p><strong>Specifik\u0101cijas:<\/strong><sub><br \/>\n<\/sub>Augstums: 25cm<br \/>\nK\u0101ta diametrs: 25 cm<sub><br \/>\n<\/sub>Caurules garums: 18,8\/14,5 cm<br \/>\nKr\u0101sa: caursp\u012bd\u012bga<sub><br \/>\n<\/sub>Materi\u0101ls: borosilik\u0101ta stikls<\/p>\n<p>Vai jums ir k\u0101di jaut\u0101jumi? Sazinies ar mums\u00a0<a href=\"https:\/\/hookahshop.lt\/lv\/kontaktiem\/\">kontaktu lapa<\/a>\u00a0vai rakstiet mums pa e-pastu\u00a0<a href=\"https:\/\/facebook.com\/HookahShop.lt\/\" target=\"_blank\" rel=\"noopener\">Facebook konts<\/a>\u00a0un m\u0113s atbild\u0113sim uz j\u016bsu piepras\u012bjumu taj\u0101 pa\u0161\u0101 dien\u0101.<\/p>","protected":false},"excerpt":{"rendered":"<p>Stikla \u016bdensp\u012bpe Haze Invaders 25cm \u0112rta stikla p\u012bpe ar difuzoru rada daudz \u016bdens virpu\u013cu un gaisa burbu\u013cu, kas pat\u012bkami atdzes\u0113 un filtr\u0113 d\u016bmus. Specifik\u0101cijas: Augstums: 25cm K\u0101ta diametrs: 25cm Caurules garums: 18,8\/14,5cm Kr\u0101sa: Caursp\u012bd\u012bga Materi\u0101ls: Borsilik\u0101ta stikls Vai jums ir k\u0101di jaut\u0101jumi? Sazinieties ar mums kontaktlap\u0101 vai rakstiet mums Facebook, un m\u0113s atbild\u0113sim uz j\u016bsu jaut\u0101jumu vienlaikus [\u2026]<\/p>","protected":false},"featured_media":41234,"comment_status":"open","ping_status":"closed","template":"","meta":[],"_links":{"self":[{"href":"https:\/\/hookahshop.lt\/lv\/wp-json\/wp\/v2\/product\/41122"}],"collection":[{"href":"https:\/\/hookahshop.lt\/lv\/wp-json\/wp\/v2\/product"}],"about":[{"href":"https:\/\/hookahshop.lt\/lv\/wp-json\/wp\/v2\/types\/product"}],"replies":[{"embeddable":true,"href":"https:\/\/hookahshop.lt\/lv\/wp-json\/wp\/v2\/comments?post=41122"}],"version-history":[{"count":4,"href":"https:\/\/hookahshop.lt\/lv\/wp-json\/wp\/v2\/product\/41122\/revisions"}],"predecessor-version":[{"id":45196,"href":"https:\/\/hookahshop.lt\/lv\/wp-json\/wp\/v2\/product\/41122\/revisions\/45196"}],"wp:featuredmedia":[{"embeddable":true,"href":"https:\/\/hookahshop.lt\/lv\/wp-json\/wp\/v2\/media\/41234"}],"wp:attachment":[{"href":"https:\/\/hookahshop.lt\/lv\/wp-json\/wp\/v2\/media?parent=41122"}],"curies":[{"name":"wp","href":"https:\/\/api.w.org\/{rel}","templated":true}]}}