{"id":41125,"date":"2025-02-11T16:45:01","date_gmt":"2025-02-11T14:45:01","guid":{"rendered":"https:\/\/hookahshop.lt\/?post_type=product&#038;p=41125"},"modified":"2026-04-14T23:29:46","modified_gmt":"2026-04-14T20:29:46","slug":"stikline-vandens-pypke-bubbler-black-21cm","status":"publish","type":"product","link":"https:\/\/hookahshop.lt\/lv\/produkt\/stikls-udens-caurule-burbulotajs-melns-21cm\/","title":{"rendered":"Stikla \u016bdens caurule Bubbler Black 21cm"},"content":{"rendered":"<h2>Stikla \u016bdens caurule Bubbler Black 21cm<\/h2>\n<p>\u0112rta stikla caurule no Black Leaf ar perkolatoru. Ieelpojot gaisu un \u016bdeni, j\u016bs ener\u0123iski grie\u017eat perkolatoru. Tas atdzes\u0113 d\u016bmus un vienlaikus tos filtr\u0113. Perkolatora funkcija, d\u016bmu dzes\u0113\u0161ana.<\/p>\n<p><strong>Specifik\u0101cijas:<\/strong><sub><br \/>\n<\/sub>Augstums: 21 cm<br \/>\nK\u0101ta diametrs: 2,8 cm<sub><br \/>\n<\/sub>Caurules garums: 14,5 cm<br \/>\nKr\u0101sa melna<sub><br \/>\n<\/sub>Materi\u0101ls: borosilik\u0101ta stikls<\/p>\n<p>Vai jums ir k\u0101di jaut\u0101jumi? Sazinies ar mums\u00a0<a href=\"https:\/\/hookahshop.lt\/lv\/kontaktiem\/\">kontaktu lapa<\/a>\u00a0vai rakstiet mums pa e-pastu\u00a0<a href=\"https:\/\/facebook.com\/HookahShop.lt\/\" target=\"_blank\" rel=\"noopener\">Facebook konts<\/a>\u00a0un m\u0113s atbild\u0113sim uz j\u016bsu piepras\u012bjumu taj\u0101 pa\u0161\u0101 dien\u0101.<\/p>","protected":false},"excerpt":{"rendered":"<p>Stikla \u016bdensp\u012bpe Bubbler Black 21cm \u0112rta stikla p\u012bpe no Black Leaf ar perkolatoru. Ieelpojot gaisu un \u016bdeni, perkolators sp\u0113c\u012bgi grie\u017eas. Tas vienlaikus atdzes\u0113 d\u016bmus un tos filtr\u0113. Perkolatora funkcija, d\u016bmu dzes\u0113\u0161ana. Specifik\u0101cijas: Augstums: 21cm K\u0101ta diametrs: 2,8cm Caurules garums: 14,5cm Kr\u0101sa: Melna Materi\u0101ls: Borsilik\u0101ta stikls Vai jums ir k\u0101di jaut\u0101jumi? Sazinieties ar mums kontaktlap\u0101 vai rakstiet mums [\u2026]<\/p>","protected":false},"featured_media":41237,"comment_status":"open","ping_status":"closed","template":"","meta":[],"_links":{"self":[{"href":"https:\/\/hookahshop.lt\/lv\/wp-json\/wp\/v2\/product\/41125"}],"collection":[{"href":"https:\/\/hookahshop.lt\/lv\/wp-json\/wp\/v2\/product"}],"about":[{"href":"https:\/\/hookahshop.lt\/lv\/wp-json\/wp\/v2\/types\/product"}],"replies":[{"embeddable":true,"href":"https:\/\/hookahshop.lt\/lv\/wp-json\/wp\/v2\/comments?post=41125"}],"version-history":[{"count":4,"href":"https:\/\/hookahshop.lt\/lv\/wp-json\/wp\/v2\/product\/41125\/revisions"}],"predecessor-version":[{"id":44388,"href":"https:\/\/hookahshop.lt\/lv\/wp-json\/wp\/v2\/product\/41125\/revisions\/44388"}],"wp:featuredmedia":[{"embeddable":true,"href":"https:\/\/hookahshop.lt\/lv\/wp-json\/wp\/v2\/media\/41237"}],"wp:attachment":[{"href":"https:\/\/hookahshop.lt\/lv\/wp-json\/wp\/v2\/media?parent=41125"}],"curies":[{"name":"wp","href":"https:\/\/api.w.org\/{rel}","templated":true}]}}