{"id":41142,"date":"2025-02-11T16:58:54","date_gmt":"2025-02-11T14:58:54","guid":{"rendered":"https:\/\/hookahshop.lt\/?post_type=product&#038;p=41142"},"modified":"2026-04-19T23:30:23","modified_gmt":"2026-04-19T20:30:23","slug":"stikline-vandens-pypke-golden-leaf-35cm","status":"publish","type":"product","link":"https:\/\/hookahshop.lt\/lv\/produkt\/stikls-udens-pipe-zelta-lapa-35cm\/","title":{"rendered":"Stikla \u016bdens caurule Golden Leaf 35cm"},"content":{"rendered":"<h2>Stikla \u016bdens caurule Golden Leaf 35cm<\/h2>\n<p>\u0112rta stikla p\u012bpe ar ledus kameru, kas nodro\u0161ina d\u016bmu dzes\u0113\u0161anu. T\u0101 pareizi uzsilst, pateicoties jaud\u012bgai gaisa padevei, kas rodas caur aizb\u0101zni, kas ar\u012b atvieglo t\u012br\u012b\u0161anu.<\/p>\n<p><strong>Specifik\u0101cijas:<\/strong><sub><br \/>\n<\/sub>Augstums: 35 cm<br \/>\nK\u0101ta diametrs: 13,5\/5cm<sub><br \/>\n<\/sub>Caurules garums: 18,8\/14,5 cm<br \/>\nV\u00e4rv: valge<sub><br \/>\n<\/sub>Materi\u0101ls: borosilik\u0101ta stikls<\/p>\n<p>Vai jums ir k\u0101di jaut\u0101jumi? Sazinies ar mums\u00a0<a href=\"https:\/\/hookahshop.lt\/lv\/kontaktiem\/\">kontaktu lapa<\/a>\u00a0vai rakstiet mums pa e-pastu\u00a0<a href=\"https:\/\/facebook.com\/HookahShop.lt\/\" target=\"_blank\" rel=\"noopener\">Facebook konts<\/a>\u00a0un m\u0113s atbild\u0113sim uz j\u016bsu piepras\u012bjumu taj\u0101 pa\u0161\u0101 dien\u0101.<\/p>","protected":false},"excerpt":{"rendered":"<p>Stiklin\u0117 vandens pypk\u0117 Golden Leaf 35cm Patogi stiklo pypk\u0117, kuri turi ledo kamer\u0105, kuri u\u017etikrina d\u016bm\u0173 au\u0161inim\u0105. Tinkamai \u012fkaista d\u0117l galingo oro tiekimo d\u0117l \u201ckickhole\u201d ki\u0161tuko, kuris taip pat palengvina valym\u0105. Specifikacijos: Auk\u0161tis: 35cm Stiebo skersmuo: 13,5\/5cm Vamzdelio ilgis: 18,8\/14,5cm Spalva: Balta Med\u017eiaga: Borosilikatinis stiklas Turite klausim\u0173? Susisiekite su mumis\u00a0kontakt\u0173 puslapyje\u00a0arba para\u0161ykite mums \u012f\u00a0Facebook paskyr\u0105\u00a0ir [&hellip;]<\/p>","protected":false},"featured_media":41243,"comment_status":"open","ping_status":"closed","template":"","meta":[],"_links":{"self":[{"href":"https:\/\/hookahshop.lt\/lv\/wp-json\/wp\/v2\/product\/41142"}],"collection":[{"href":"https:\/\/hookahshop.lt\/lv\/wp-json\/wp\/v2\/product"}],"about":[{"href":"https:\/\/hookahshop.lt\/lv\/wp-json\/wp\/v2\/types\/product"}],"replies":[{"embeddable":true,"href":"https:\/\/hookahshop.lt\/lv\/wp-json\/wp\/v2\/comments?post=41142"}],"version-history":[{"count":5,"href":"https:\/\/hookahshop.lt\/lv\/wp-json\/wp\/v2\/product\/41142\/revisions"}],"predecessor-version":[{"id":45292,"href":"https:\/\/hookahshop.lt\/lv\/wp-json\/wp\/v2\/product\/41142\/revisions\/45292"}],"wp:featuredmedia":[{"embeddable":true,"href":"https:\/\/hookahshop.lt\/lv\/wp-json\/wp\/v2\/media\/41243"}],"wp:attachment":[{"href":"https:\/\/hookahshop.lt\/lv\/wp-json\/wp\/v2\/media?parent=41142"}],"curies":[{"name":"wp","href":"https:\/\/api.w.org\/{rel}","templated":true}]}}