{"id":41145,"date":"2025-02-11T17:01:39","date_gmt":"2025-02-11T15:01:39","guid":{"rendered":"https:\/\/hookahshop.lt\/?post_type=product&#038;p=41145"},"modified":"2026-04-15T23:29:38","modified_gmt":"2026-04-15T20:29:38","slug":"stikline-vandens-pypke-ice-black-40cm","status":"publish","type":"product","link":"https:\/\/hookahshop.lt\/lv\/produkt\/stikls-udens-pipe-ledus-melns-40cm\/","title":{"rendered":"Stikla \u016bdens caurule Ice Black 40cm"},"content":{"rendered":"<h2>Stikla \u016bdens caurule Ice Black 40cm<\/h2>\n<p>\u0160ai iztur\u012bgajai \u016bdens caurulei ir pastiprin\u0101ts Down-Pipe tur\u0113t\u0101js, difuzors. Pace\u013coties d\u016bmiem, tie iziet cauri 4 sviru perkolatoram. Tas nodro\u0161ina optim\u0101lu dzes\u0113\u0161anu un filtr\u0113\u0161anu.<\/p>\n<p><strong>Specifik\u0101cijas:<\/strong><sub><br \/>\n<\/sub>Augstums: 40 cm<br \/>\nK\u0101ta diametrs: 13,4\/5,1cm<sub><br \/>\n<\/sub>Caurules garums: 18,8\/14,5 cm<br \/>\nKr\u0101sa melna<sub><br \/>\n<\/sub>Materi\u0101ls: borosilik\u0101ta stikls<\/p>\n<p>Vai jums ir k\u0101di jaut\u0101jumi? Sazinies ar mums\u00a0<a href=\"https:\/\/hookahshop.lt\/lv\/kontaktiem\/\">kontaktu lapa<\/a>\u00a0vai rakstiet mums pa e-pastu\u00a0<a href=\"https:\/\/facebook.com\/HookahShop.lt\/\" target=\"_blank\" rel=\"noopener\">Facebook konts<\/a>\u00a0un m\u0113s atbild\u0113sim uz j\u016bsu piepras\u012bjumu taj\u0101 pa\u0161\u0101 dien\u0101.<\/p>","protected":false},"excerpt":{"rendered":"<p>Stikla \u016bdensp\u012bpe Ice Black 40cm \u0160ai iztur\u012bgajai \u016bdensp\u012bpei ir pastiprin\u0101ts &quot;Down-Pipe&quot; tur\u0113t\u0101js, difuzors. D\u016bmiem ce\u013cas aug\u0161up, tie iziet cauri 4 sviru perkolatoram. Tas nodro\u0161ina optim\u0101lu dzes\u0113\u0161anu un filtr\u0101ciju. Specifik\u0101cijas: Augstums: 40cm K\u0101ta diametrs: 13.4\/5.1cm Caurules garums: 18.8\/14.5cm Kr\u0101sa: Melna Materi\u0101ls: Borsilik\u0101ta stikls Vai jums ir k\u0101di jaut\u0101jumi? Sazinieties ar mums kontaktlap\u0101 vai rakstiet mums Facebook, un m\u0113s atbild\u0113sim [\u2026]<\/p>","protected":false},"featured_media":41248,"comment_status":"open","ping_status":"closed","template":"","meta":[],"_links":{"self":[{"href":"https:\/\/hookahshop.lt\/lv\/wp-json\/wp\/v2\/product\/41145"}],"collection":[{"href":"https:\/\/hookahshop.lt\/lv\/wp-json\/wp\/v2\/product"}],"about":[{"href":"https:\/\/hookahshop.lt\/lv\/wp-json\/wp\/v2\/types\/product"}],"replies":[{"embeddable":true,"href":"https:\/\/hookahshop.lt\/lv\/wp-json\/wp\/v2\/comments?post=41145"}],"version-history":[{"count":4,"href":"https:\/\/hookahshop.lt\/lv\/wp-json\/wp\/v2\/product\/41145\/revisions"}],"predecessor-version":[{"id":45604,"href":"https:\/\/hookahshop.lt\/lv\/wp-json\/wp\/v2\/product\/41145\/revisions\/45604"}],"wp:featuredmedia":[{"embeddable":true,"href":"https:\/\/hookahshop.lt\/lv\/wp-json\/wp\/v2\/media\/41248"}],"wp:attachment":[{"href":"https:\/\/hookahshop.lt\/lv\/wp-json\/wp\/v2\/media?parent=41145"}],"curies":[{"name":"wp","href":"https:\/\/api.w.org\/{rel}","templated":true}]}}