{"id":41148,"date":"2025-02-11T17:08:24","date_gmt":"2025-02-11T15:08:24","guid":{"rendered":"https:\/\/hookahshop.lt\/?post_type=product&#038;p=41148"},"modified":"2026-04-15T23:29:38","modified_gmt":"2026-04-15T20:29:38","slug":"stikline-vandens-pypke-hieroglyphen-35cm","status":"publish","type":"product","link":"https:\/\/hookahshop.lt\/lv\/produkt\/stikls-udens-caurule-hieroglifi-35cm\/","title":{"rendered":"Stikla \u016bdens caurule Hieroglifi 35cm"},"content":{"rendered":"<h2>Stikla \u016bdens caurule Hieroglifi 35cm<\/h2>\n<p>\u0112rt\u0101 Black Leaf stikla caurule ir iztur\u012bga, un tai ir kickhole spraudnis, kas padara t\u012br\u012b\u0161anu daudz vienk\u0101r\u0161\u0101ku. \u016adens caurulei ir liela jauda.<\/p>\n<p><strong>Specifik\u0101cijas:<\/strong><sub><br \/>\n<\/sub>Augstums: 35 cm<br \/>\nK\u0101ta diametrs: 14\/5,1cm<sub><br \/>\n<\/sub>Caurules garums: 18,8\/14,5 cm<br \/>\nKr\u0101sa melna<sub><br \/>\n<\/sub>Materi\u0101ls: borosilik\u0101ta stikls<\/p>\n<p>Vai jums ir k\u0101di jaut\u0101jumi? Sazinies ar mums\u00a0<a href=\"https:\/\/hookahshop.lt\/lv\/kontaktiem\/\">kontaktu lapa<\/a>\u00a0vai rakstiet mums pa e-pastu\u00a0<a href=\"https:\/\/facebook.com\/HookahShop.lt\/\" target=\"_blank\" rel=\"noopener\">Facebook konts<\/a>\u00a0un m\u0113s atbild\u0113sim uz j\u016bsu piepras\u012bjumu taj\u0101 pa\u0161\u0101 dien\u0101.<\/p>","protected":false},"excerpt":{"rendered":"<p>Stikla \u016bdensp\u012bpe Hieroglyphen 35cm \u0112rt\u0101 stikla p\u012bpe no &quot;Black Leaf&quot; ir iztur\u012bga un apr\u012bkota ar aizb\u0101zni, kas iev\u0113rojami atvieglo t\u012br\u012b\u0161anu. \u016adensp\u012bpei ir liela ietilp\u012bba. Specifik\u0101cijas: Augstums: 35cm K\u0101ta diametrs: 14\/5,1cm Caurules garums: 18,8\/14,5cm Kr\u0101sa: Melna Materi\u0101ls: Borsilik\u0101ta stikls Vai jums ir k\u0101di jaut\u0101jumi? Sazinieties ar mums kontaktlap\u0101 vai rakstiet mums Facebook, un m\u0113s atbild\u0113sim uz j\u016bsu jaut\u0101jumu [\u2026]<\/p>","protected":false},"featured_media":41251,"comment_status":"open","ping_status":"closed","template":"","meta":[],"_links":{"self":[{"href":"https:\/\/hookahshop.lt\/lv\/wp-json\/wp\/v2\/product\/41148"}],"collection":[{"href":"https:\/\/hookahshop.lt\/lv\/wp-json\/wp\/v2\/product"}],"about":[{"href":"https:\/\/hookahshop.lt\/lv\/wp-json\/wp\/v2\/types\/product"}],"replies":[{"embeddable":true,"href":"https:\/\/hookahshop.lt\/lv\/wp-json\/wp\/v2\/comments?post=41148"}],"version-history":[{"count":4,"href":"https:\/\/hookahshop.lt\/lv\/wp-json\/wp\/v2\/product\/41148\/revisions"}],"predecessor-version":[{"id":45712,"href":"https:\/\/hookahshop.lt\/lv\/wp-json\/wp\/v2\/product\/41148\/revisions\/45712"}],"wp:featuredmedia":[{"embeddable":true,"href":"https:\/\/hookahshop.lt\/lv\/wp-json\/wp\/v2\/media\/41251"}],"wp:attachment":[{"href":"https:\/\/hookahshop.lt\/lv\/wp-json\/wp\/v2\/media?parent=41148"}],"curies":[{"name":"wp","href":"https:\/\/api.w.org\/{rel}","templated":true}]}}