{"id":41154,"date":"2025-02-11T17:14:30","date_gmt":"2025-02-11T15:14:30","guid":{"rendered":"https:\/\/hookahshop.lt\/?post_type=product&#038;p=41154"},"modified":"2026-04-15T23:29:38","modified_gmt":"2026-04-15T20:29:38","slug":"stikline-vandens-pypke-black-leaf-fire-34cm","status":"publish","type":"product","link":"https:\/\/hookahshop.lt\/lv\/produkt\/stikls-udens-caurule-melna-lapa-uguns-34cm\/","title":{"rendered":"Stikla \u016bdens caurule BLACK LEAF Fire 34cm"},"content":{"rendered":"<h2>Stikla \u016bdens caurule BLACK LEAF Fire 34cm<\/h2>\n<p>\u0160ai \u0113rtajai Black Leaf stikla caurulei ir ledus kamera, kas nodro\u0161ina d\u016bmu dzes\u0113\u0161anu. Tas uzsilst pareizi, pateicoties jaud\u012bgajai gaisa padevei, pateicoties kickhole spraudnim, kas ar\u012b atvieglo t\u012br\u012b\u0161anu.<\/p>\n<p><strong>Specifik\u0101cijas:<\/strong><sub><br \/>\n<\/sub>Augstums: 34cm<br \/>\nK\u0101ta diametrs: 13\/5,1cm<sub><br \/>\n<\/sub>Caurules garums: 18,8\/14,5 cm<br \/>\nKr\u0101sa: caursp\u012bd\u012bga\/sarkana<sub><br \/>\n<\/sub>Materi\u0101ls: borosilik\u0101ta stikls<\/p>\n<p>Vai jums ir k\u0101di jaut\u0101jumi? Sazinies ar mums\u00a0<a href=\"https:\/\/hookahshop.lt\/lv\/kontaktiem\/\">kontaktu lapa<\/a>\u00a0vai rakstiet mums pa e-pastu\u00a0<a href=\"https:\/\/facebook.com\/HookahShop.lt\/\" target=\"_blank\" rel=\"noopener\">Facebook konts<\/a>\u00a0un m\u0113s atbild\u0113sim uz j\u016bsu piepras\u012bjumu taj\u0101 pa\u0161\u0101 dien\u0101.<\/p>","protected":false},"excerpt":{"rendered":"<p>Stikla \u016bdensp\u012bpe BLACK LEAF Fire 34cm \u0160ai \u0113rt\u0101 stikla p\u012bpei no Black Leaf ir ledus kamera, kas nodro\u0161ina d\u016bmu dzes\u0113\u0161anu. T\u0101 pien\u0101c\u012bgi uzsilst, pateicoties jaud\u012bgai gaisa padevei, kas rodas, pateicoties \u201ckickhole\u201d aizb\u0101znim, kas ar\u012b atvieglo t\u012br\u012b\u0161anu. Specifik\u0101cijas: Augstums: 34cm K\u0101ta diametrs: 13\/5,1cm Caurules garums: 18,8\/14,5cm Kr\u0101sa: Caursp\u012bd\u012bga\/sarkana Materi\u0101ls: Borsilik\u0101ta stikls Vai jums ir k\u0101di jaut\u0101jumi? Sazinieties ar mums kontaktlap\u0101 vai [\u2026]<\/p>","protected":false},"featured_media":41261,"comment_status":"open","ping_status":"closed","template":"","meta":[],"_links":{"self":[{"href":"https:\/\/hookahshop.lt\/lv\/wp-json\/wp\/v2\/product\/41154"}],"collection":[{"href":"https:\/\/hookahshop.lt\/lv\/wp-json\/wp\/v2\/product"}],"about":[{"href":"https:\/\/hookahshop.lt\/lv\/wp-json\/wp\/v2\/types\/product"}],"replies":[{"embeddable":true,"href":"https:\/\/hookahshop.lt\/lv\/wp-json\/wp\/v2\/comments?post=41154"}],"version-history":[{"count":3,"href":"https:\/\/hookahshop.lt\/lv\/wp-json\/wp\/v2\/product\/41154\/revisions"}],"predecessor-version":[{"id":45193,"href":"https:\/\/hookahshop.lt\/lv\/wp-json\/wp\/v2\/product\/41154\/revisions\/45193"}],"wp:featuredmedia":[{"embeddable":true,"href":"https:\/\/hookahshop.lt\/lv\/wp-json\/wp\/v2\/media\/41261"}],"wp:attachment":[{"href":"https:\/\/hookahshop.lt\/lv\/wp-json\/wp\/v2\/media?parent=41154"}],"curies":[{"name":"wp","href":"https:\/\/api.w.org\/{rel}","templated":true}]}}