{"id":41161,"date":"2025-02-11T17:18:15","date_gmt":"2025-02-11T15:18:15","guid":{"rendered":"https:\/\/hookahshop.lt\/?post_type=product&#038;p=41161"},"modified":"2026-04-19T23:30:23","modified_gmt":"2026-04-19T20:30:23","slug":"stikline-vandens-pypke-haze-invaders-36cm","status":"publish","type":"product","link":"https:\/\/hookahshop.lt\/lv\/produkt\/stikls-udens-caurule-miglas-iebruceji-36m\/","title":{"rendered":"Stikla \u016bdens caurule Haze Invaders 36cm"},"content":{"rendered":"<h2>Stikla \u016bdens caurule Haze Invaders 36cm<\/h2>\n<p>\u0112rta stikla caurule no Black Leaf ar perkolatoru. Ieelpojot gaisu un \u016bdeni, j\u016bs ener\u0123iski grie\u017eat perkolatoru. Tas atdzes\u0113 d\u016bmus un vienlaikus tos filtr\u0113. Perkolatora funkcija, d\u016bmu dzes\u0113\u0161ana.<\/p>\n<p><strong>Specifik\u0101cijas:<\/strong><sub><br \/>\n<\/sub>Augstums: 36,5 cm<br \/>\nK\u0101ta diametrs: 5,2 cm<sub><br \/>\n<\/sub>Caurules garums: 14,5 cm<br \/>\nKr\u0101sa: dzidra\/za\u013ca<sub><br \/>\n<\/sub>Materi\u0101ls: borosilik\u0101ta stikls<\/p>\n<p>Vai jums ir k\u0101di jaut\u0101jumi? Sazinies ar mums\u00a0<a href=\"https:\/\/hookahshop.lt\/lv\/kontaktiem\/\">kontaktu lapa<\/a>\u00a0vai rakstiet mums pa e-pastu\u00a0<a href=\"https:\/\/facebook.com\/HookahShop.lt\/\" target=\"_blank\" rel=\"noopener\">Facebook konts<\/a>\u00a0un m\u0113s atbild\u0113sim uz j\u016bsu piepras\u012bjumu taj\u0101 pa\u0161\u0101 dien\u0101.<\/p>","protected":false},"excerpt":{"rendered":"<p>Stikla \u016bdensp\u012bpe Haze Invaders 36cm \u0112rta stikla p\u012bpe no Black Leaf ar perkolatoru. Ieelpojot gaisu un \u016bdeni, perkolators sp\u0113c\u012bgi grie\u017eas. Tas vienlaikus atdzes\u0113 d\u016bmus un tos filtr\u0113. Perkolatora funkcija, d\u016bmu dzes\u0113\u0161ana. Specifik\u0101cijas: Augstums: 36,5cm K\u0101ta diametrs: 5,2cm Caurules garums: 14,5cm Kr\u0101sa: Caursp\u012bd\u012bga\/za\u013ca Materi\u0101ls: Borsilik\u0101ta stikls Vai jums ir k\u0101di jaut\u0101jumi? Sazinieties ar mums kontaktlap\u0101 vai rakstiet mums [\u2026]<\/p>","protected":false},"featured_media":41265,"comment_status":"open","ping_status":"closed","template":"","meta":[],"_links":{"self":[{"href":"https:\/\/hookahshop.lt\/lv\/wp-json\/wp\/v2\/product\/41161"}],"collection":[{"href":"https:\/\/hookahshop.lt\/lv\/wp-json\/wp\/v2\/product"}],"about":[{"href":"https:\/\/hookahshop.lt\/lv\/wp-json\/wp\/v2\/types\/product"}],"replies":[{"embeddable":true,"href":"https:\/\/hookahshop.lt\/lv\/wp-json\/wp\/v2\/comments?post=41161"}],"version-history":[{"count":3,"href":"https:\/\/hookahshop.lt\/lv\/wp-json\/wp\/v2\/product\/41161\/revisions"}],"predecessor-version":[{"id":41339,"href":"https:\/\/hookahshop.lt\/lv\/wp-json\/wp\/v2\/product\/41161\/revisions\/41339"}],"wp:featuredmedia":[{"embeddable":true,"href":"https:\/\/hookahshop.lt\/lv\/wp-json\/wp\/v2\/media\/41265"}],"wp:attachment":[{"href":"https:\/\/hookahshop.lt\/lv\/wp-json\/wp\/v2\/media?parent=41161"}],"curies":[{"name":"wp","href":"https:\/\/api.w.org\/{rel}","templated":true}]}}