{"id":41169,"date":"2025-02-11T17:24:10","date_gmt":"2025-02-11T15:24:10","guid":{"rendered":"https:\/\/hookahshop.lt\/?post_type=product&#038;p=41169"},"modified":"2026-04-19T23:30:23","modified_gmt":"2026-04-19T20:30:23","slug":"stikline-vandens-pypke-black-leaf-broccoli-40cm","status":"publish","type":"product","link":"https:\/\/hookahshop.lt\/lv\/produkt\/stikls-udens-pipe-melna-lapa-brokoli-40cm\/","title":{"rendered":"Stikla \u016bdens caurule BLACK LEAF Broko\u013ci 40cm"},"content":{"rendered":"<h2>Stikla \u016bdens caurule BLACK LEAF Broko\u013ci 40cm<\/h2>\n<p>\u0112rta stikla caurule no Black Leaf ar perkolatoru. Ieelpojot gaisu un \u016bdeni, j\u016bs ener\u0123iski grie\u017eat perkolatoru. Tas atdzes\u0113 d\u016bmus un vienlaikus tos filtr\u0113. Perkolatora funkcija, d\u016bmu dzes\u0113\u0161ana. \u0160ai \u016bdens caurulei ir cauruma spraudnis, kas iev\u0113rojami atvieglo t\u012br\u012b\u0161anu. \u016adens caurulei ir liela jauda.<\/p>\n<p><strong>Specifik\u0101cijas:<\/strong><sub><br \/>\n<\/sub>Augstums: 40 cm<br \/>\nK\u0101ta diametrs: 5 cm<sub><br \/>\n<\/sub>Kr\u0101sa: dzidra\/za\u013ca<sub><br \/>\n<\/sub>Caurules garums: 18,8 cm<sub><br \/>\n<\/sub>Materi\u0101ls: borosilik\u0101ta stikls<\/p>\n<p>Vai jums ir k\u0101di jaut\u0101jumi? Sazinies ar mums\u00a0<a href=\"https:\/\/hookahshop.lt\/lv\/kontaktiem\/\">kontaktu lapa<\/a>\u00a0vai rakstiet mums pa e-pastu\u00a0<a href=\"https:\/\/facebook.com\/HookahShop.lt\/\" target=\"_blank\" rel=\"noopener\">Facebook konts<\/a>\u00a0un m\u0113s atbild\u0113sim uz j\u016bsu piepras\u012bjumu taj\u0101 pa\u0161\u0101 dien\u0101.<\/p>","protected":false},"excerpt":{"rendered":"<p>Stikla \u016bdensp\u012bpe BLACK LEAF Broccoli 40cm \u0112rta stikla p\u012bpe no Black Leaf ar perkolatoru. Ieelpojot gaisu un \u016bdeni, perkolators sp\u0113c\u012bgi grie\u017eas. Tas vienlaikus atdzes\u0113 d\u016bmus un tos filtr\u0113. Perkolatora funkcija, d\u016bmu dzes\u0113\u0161ana. \u0160ai \u016bdensp\u012bpei ir aizb\u0101znis - tas iev\u0113rojami atvieglo t\u012br\u012b\u0161anu. \u016adensp\u012bpei ir liela ietilp\u012bba. Specifik\u0101cijas: Augstums: 40cm K\u0101ta diametrs: [\u2026]<\/p>","protected":false},"featured_media":41273,"comment_status":"open","ping_status":"closed","template":"","meta":[],"_links":{"self":[{"href":"https:\/\/hookahshop.lt\/lv\/wp-json\/wp\/v2\/product\/41169"}],"collection":[{"href":"https:\/\/hookahshop.lt\/lv\/wp-json\/wp\/v2\/product"}],"about":[{"href":"https:\/\/hookahshop.lt\/lv\/wp-json\/wp\/v2\/types\/product"}],"replies":[{"embeddable":true,"href":"https:\/\/hookahshop.lt\/lv\/wp-json\/wp\/v2\/comments?post=41169"}],"version-history":[{"count":3,"href":"https:\/\/hookahshop.lt\/lv\/wp-json\/wp\/v2\/product\/41169\/revisions"}],"predecessor-version":[{"id":42576,"href":"https:\/\/hookahshop.lt\/lv\/wp-json\/wp\/v2\/product\/41169\/revisions\/42576"}],"wp:featuredmedia":[{"embeddable":true,"href":"https:\/\/hookahshop.lt\/lv\/wp-json\/wp\/v2\/media\/41273"}],"wp:attachment":[{"href":"https:\/\/hookahshop.lt\/lv\/wp-json\/wp\/v2\/media?parent=41169"}],"curies":[{"name":"wp","href":"https:\/\/api.w.org\/{rel}","templated":true}]}}