{"id":41177,"date":"2025-02-11T17:30:50","date_gmt":"2025-02-11T15:30:50","guid":{"rendered":"https:\/\/hookahshop.lt\/?post_type=product&#038;p=41177"},"modified":"2026-04-17T16:33:49","modified_gmt":"2026-04-17T13:33:49","slug":"smulkintuvas-metalinis-grey-58mm","status":"publish","type":"product","link":"https:\/\/hookahshop.lt\/lv\/produkt\/smalcinatajs-metals-peleks-58mm\/","title":{"rendered":"Met\u0101la smalcin\u0101t\u0101js Pel\u0113ks 58mm"},"content":{"rendered":"<h2>Met\u0101la smalcin\u0101t\u0101js Pel\u0113ks 58mm<\/h2>\n<p>\u010cetrda\u013c\u012bgs alum\u012bnija blenderis ar rombveida zobiem un sietu, ir apak\u0161\u0113j\u0101 kamera ar noapa\u013cotiem st\u016briem un skr\u0101pi. V\u0101ku dro\u0161i notur magn\u0113ts. Neilona bl\u012bvgredzens garant\u0113 sl\u012bp\u0113\u0161anu bez nodiluma.<\/p>\n<p><strong>Specifik\u0101cijas:<\/strong><sub><br \/>\n<\/sub>Augstums: 5,8 cm<br \/>\nK\u0101ta diametrs: 6,2\/5,8cm<sub><br \/>\n<\/sub>Kr\u0101sa: pel\u0113ka<sub><br \/>\n<\/sub>Materi\u0101ls: Alum\u012bnijs<\/p>\n<p>Vai jums ir k\u0101di jaut\u0101jumi? Sazinies ar mums\u00a0<a href=\"https:\/\/hookahshop.lt\/lv\/kontaktiem\/\">kontaktu lapa<\/a>\u00a0vai rakstiet mums pa e-pastu\u00a0<a href=\"https:\/\/facebook.com\/HookahShop.lt\/\" target=\"_blank\" rel=\"noopener\">Facebook konts<\/a>\u00a0un m\u0113s atbild\u0113sim uz j\u016bsu piepras\u012bjumu taj\u0101 pa\u0161\u0101 dien\u0101.<\/p>","protected":false},"excerpt":{"rendered":"<p>Met\u0101la smalcin\u0101t\u0101js Pel\u0113ks 58 mm \u010cetrda\u013c\u012bgs alum\u012bnija smalcin\u0101t\u0101js ar rombveida zobiem un sietu, ar apak\u0161\u0113jo kameru ar noapa\u013cotiem st\u016briem un skr\u0101pi. V\u0101ku dro\u0161i tur magn\u0113ts. Neilona bl\u012bv\u0113juma gredzens garant\u0113 mal\u0161anu bez nobr\u0101zumiem. Specifik\u0101cijas: Augstums: 5,8 cm V\u0101rpstas diametrs: 6,2\/5,8 cm Kr\u0101sa: Pel\u0113ka Materi\u0101ls: Alum\u012bnijs Vai jums ir k\u0101di jaut\u0101jumi? Sazinieties ar mums kontaktlap\u0101 vai rakstiet mums Facebook, un m\u0113s atbild\u0113sim uz j\u016bsu [\u2026]<\/p>","protected":false},"featured_media":41277,"comment_status":"open","ping_status":"closed","template":"","meta":[],"_links":{"self":[{"href":"https:\/\/hookahshop.lt\/lv\/wp-json\/wp\/v2\/product\/41177"}],"collection":[{"href":"https:\/\/hookahshop.lt\/lv\/wp-json\/wp\/v2\/product"}],"about":[{"href":"https:\/\/hookahshop.lt\/lv\/wp-json\/wp\/v2\/types\/product"}],"replies":[{"embeddable":true,"href":"https:\/\/hookahshop.lt\/lv\/wp-json\/wp\/v2\/comments?post=41177"}],"version-history":[{"count":3,"href":"https:\/\/hookahshop.lt\/lv\/wp-json\/wp\/v2\/product\/41177\/revisions"}],"predecessor-version":[{"id":43342,"href":"https:\/\/hookahshop.lt\/lv\/wp-json\/wp\/v2\/product\/41177\/revisions\/43342"}],"wp:featuredmedia":[{"embeddable":true,"href":"https:\/\/hookahshop.lt\/lv\/wp-json\/wp\/v2\/media\/41277"}],"wp:attachment":[{"href":"https:\/\/hookahshop.lt\/lv\/wp-json\/wp\/v2\/media?parent=41177"}],"curies":[{"name":"wp","href":"https:\/\/api.w.org\/{rel}","templated":true}]}}