{"id":41181,"date":"2025-02-11T17:33:28","date_gmt":"2025-02-11T15:33:28","guid":{"rendered":"https:\/\/hookahshop.lt\/?post_type=product&#038;p=41181"},"modified":"2026-04-17T16:33:49","modified_gmt":"2026-04-17T13:33:49","slug":"smulkintuvas-akrilinis-60mm","status":"publish","type":"product","link":"https:\/\/hookahshop.lt\/lv\/produkt\/akrils-smalcinatajs-60mm\/","title":{"rendered":"Akrila smalcin\u0101t\u0101js 60mm"},"content":{"rendered":"<h2>Akrila smalcin\u0101t\u0101js 60mm<\/h2>\n<p>\u0160is 3-da\u013c\u012bgais akrila smalcin\u0101t\u0101js ar rombveida zobiem ir lieliski piem\u0113rots smalcin\u0101\u0161anas procesam. Maz\u0101 izm\u0113ra d\u0113\u013c tas lieliski iederas rok\u0101.<\/p>\n<p><strong>Specifik\u0101cijas:<\/strong><sub><br \/>\n<\/sub>Augstums: 2,5 cm<br \/>\nK\u0101ta diametrs: 6 cm<sub><br \/>\n<\/sub>Kr\u0101sa: caursp\u012bd\u012bga<sub><br \/>\n<\/sub>Materi\u0101ls: Akrils<\/p>\n<p>Vai jums ir k\u0101di jaut\u0101jumi? Sazinies ar mums\u00a0<a href=\"https:\/\/hookahshop.lt\/lv\/kontaktiem\/\">kontaktu lapa<\/a>\u00a0vai rakstiet mums pa e-pastu\u00a0<a href=\"https:\/\/facebook.com\/HookahShop.lt\/\" target=\"_blank\" rel=\"noopener\">Facebook konts<\/a>\u00a0un m\u0113s atbild\u0113sim uz j\u016bsu piepras\u012bjumu taj\u0101 pa\u0161\u0101 dien\u0101.<\/p>","protected":false},"excerpt":{"rendered":"<p>Akrila smalcin\u0101t\u0101js 60 mm \u0160is tr\u012bsda\u013c\u012bgais akrila smalcin\u0101t\u0101js ar rombveida zobiem ir ide\u0101li piem\u0113rots smalcin\u0101\u0161anas procesam. Pateicoties mazajam izm\u0113ram, tas lieliski iegu\u013c rok\u0101. Specifik\u0101cijas: Augstums: 2,5 cm K\u0101ta diametrs: 6 cm Kr\u0101sa: Caursp\u012bd\u012bgs Materi\u0101ls: Akrils Vai jums ir k\u0101di jaut\u0101jumi? Sazinieties ar mums kontaktlap\u0101 vai rakstiet mums Facebook, un m\u0113s atbild\u0113sim uz j\u016bsu piepras\u012bjumu taj\u0101 pa\u0161\u0101 dien\u0101.<\/p>","protected":false},"featured_media":41281,"comment_status":"open","ping_status":"closed","template":"","meta":[],"_links":{"self":[{"href":"https:\/\/hookahshop.lt\/lv\/wp-json\/wp\/v2\/product\/41181"}],"collection":[{"href":"https:\/\/hookahshop.lt\/lv\/wp-json\/wp\/v2\/product"}],"about":[{"href":"https:\/\/hookahshop.lt\/lv\/wp-json\/wp\/v2\/types\/product"}],"replies":[{"embeddable":true,"href":"https:\/\/hookahshop.lt\/lv\/wp-json\/wp\/v2\/comments?post=41181"}],"version-history":[{"count":5,"href":"https:\/\/hookahshop.lt\/lv\/wp-json\/wp\/v2\/product\/41181\/revisions"}],"predecessor-version":[{"id":45759,"href":"https:\/\/hookahshop.lt\/lv\/wp-json\/wp\/v2\/product\/41181\/revisions\/45759"}],"wp:featuredmedia":[{"embeddable":true,"href":"https:\/\/hookahshop.lt\/lv\/wp-json\/wp\/v2\/media\/41281"}],"wp:attachment":[{"href":"https:\/\/hookahshop.lt\/lv\/wp-json\/wp\/v2\/media?parent=41181"}],"curies":[{"name":"wp","href":"https:\/\/api.w.org\/{rel}","templated":true}]}}